{"id":1071,"date":"2020-02-13T22:21:37","date_gmt":"2020-02-14T01:21:37","guid":{"rendered":"https:\/\/fcpi.com.br\/portal\/?page_id=1071"},"modified":"2020-02-13T22:25:24","modified_gmt":"2020-02-14T01:25:24","slug":"pos-graduacao-em-direito-penal-e-processual-penal","status":"publish","type":"page","link":"https:\/\/fcpi.com.br\/novo\/pos-graduacao-em-direito-penal-e-processual-penal\/","title":{"rendered":"P\u00d3S-GRADUA\u00c7\u00c3O EM DIREITO PENAL E PROCESSUAL PENAL"},"content":{"rendered":"<p>[vc_row][vc_column][vc_column_text]<\/p>\n<h3><strong>APRESENTA\u00c7\u00c3O DO CURSO<\/strong><\/h3>\n<p>&nbsp;<\/p>\n<p style=\"text-align: justify;\">O\u00a0Curso de Especializa\u00e7\u00e3o em \u201cDireito Penal e Processual Penal\u201d, foi desenvolvido pela FCP objetivando proporciona a discuss\u00e3o de solu\u00e7\u00f5es\u00a0convergentes para a\u00a0preven\u00e7\u00e3o e repress\u00e3o\u00a0da macrocriminalidade, tais como\u00a0terrorismo, narcotr\u00e1fico, crime organizado, preconceito racial, crimes inform\u00e1ticos, crimes ambientais e corrup\u00e7\u00e3o. Uma vez que formas tradicionais de criminalidade continuam oferecendo desafios cada vez maiores \u00e0 sociedade no seu enfrentamento, dadas as inova\u00e7\u00f5es tecnol\u00f3gicas e a necessidade de prote\u00e7\u00e3o a bens e valores considerados primordiais. Some-se a isso, o surgimento de novos valores que tamb\u00e9m necessitam de salvaguarda para manuten\u00e7\u00e3o da pr\u00f3pria higidez do ordenamento jur\u00eddico brasileiro. Por essa raz\u00e3o, o projeto conta com professores habilitados que oferecem\u00a0subs\u00eddios para a an\u00e1lise das principais leis penais especiais, promovendo o desenvolvimento do\u00a0racioc\u00ednio cr\u00edtico e possibilitando uma vis\u00e3o ampla dos aspectos te\u00f3ricos e pr\u00e1ticos relacionados \u00e0 \u00e1rea. As aulas s\u00e3o expositivas e permitem aos participantes a constru\u00e7\u00e3o dial\u00f3gica\u00a0do conhecimento.<\/p>\n<p>&nbsp;<\/p>\n<p>&nbsp;<\/p>\n<h3><strong>MATRIZ CURRICULAR<\/strong><\/h3>\n<p>&nbsp;<\/p>\n<table style=\"height: 884px;\" width=\"639\">\n<tbody>\n<tr>\n<td width=\"73\"><strong>M\u00d3DULO<\/strong><\/td>\n<td width=\"546\">\u00a0<strong>DISCIPLINA<\/strong><\/td>\n<\/tr>\n<tr>\n<td width=\"73\">01<\/td>\n<td width=\"546\">M\u00e9todos e T\u00e9cnicas de Pesquisa<\/td>\n<\/tr>\n<tr>\n<td width=\"73\">02<\/td>\n<td width=\"546\">Argumenta\u00e7\u00e3o Jur\u00eddica<\/td>\n<\/tr>\n<tr>\n<td width=\"73\">03<\/td>\n<td width=\"546\">Introdu\u00e7\u00e3o ao Direito Penal e Processual Penal<\/td>\n<\/tr>\n<tr>\n<td width=\"73\">04<\/td>\n<td width=\"546\">Legisla\u00e7\u00e3o penal \u2013 1\u00aa Parte<\/td>\n<\/tr>\n<tr>\n<td width=\"73\">05<\/td>\n<td width=\"546\">Legisla\u00e7\u00e3o penal \u2013 2\u00aa Parte<\/td>\n<\/tr>\n<tr>\n<td width=\"73\">06<\/td>\n<td width=\"546\">Legisla\u00e7\u00e3o penal geral e especial<\/td>\n<\/tr>\n<tr>\n<td width=\"73\">07<\/td>\n<td width=\"546\">Legisla\u00e7\u00e3o penal especial<\/td>\n<\/tr>\n<tr>\n<td width=\"73\">08<\/td>\n<td width=\"546\">Direito processual penal \u2013 processo e procedimento<\/td>\n<\/tr>\n<tr>\n<td width=\"73\">09<\/td>\n<td width=\"546\">A\u00e7\u00e3o penal e as provas<\/td>\n<\/tr>\n<tr>\n<td width=\"73\">10<\/td>\n<td width=\"546\">Trabalho de Conclus\u00e3o de Curso \u2013 TCC I<\/td>\n<\/tr>\n<tr>\n<td width=\"73\">11<\/td>\n<td width=\"546\">Da cita\u00e7\u00e3o \u00e0 execu\u00e7\u00e3o penal<\/td>\n<\/tr>\n<tr>\n<td width=\"73\">12<\/td>\n<td width=\"546\">T\u00f3picos especiais do direito processual penal<\/td>\n<\/tr>\n<tr>\n<td width=\"73\">13<\/td>\n<td width=\"546\">Trabalho de Conclus\u00e3o de Curso \u2013 TCC II<\/td>\n<\/tr>\n<\/tbody>\n<\/table>\n<p><span style=\"text-align: justify;\"><br \/>\n[\/vc_column_text][\/vc_column][\/vc_row]<\/span><\/p>\n","protected":false},"excerpt":{"rendered":"<p>[vc_row][vc_column][vc_column_text] APRESENTA\u00c7\u00c3O DO CURSO &nbsp; O\u00a0Curso de Especializa\u00e7\u00e3o em \u201cDireito Penal e Processual Penal\u201d, foi desenvolvido pela FCP objetivando proporciona a discuss\u00e3o de solu\u00e7\u00f5es\u00a0convergentes para a\u00a0preven\u00e7\u00e3o e repress\u00e3o\u00a0da macrocriminalidade, tais como\u00a0terrorismo, narcotr\u00e1fico, crime organizado, preconceito racial, crimes inform\u00e1ticos, crimes ambientais e corrup\u00e7\u00e3o. Uma vez que formas tradicionais de criminalidade continuam oferecendo desafios cada vez maiores [&hellip;]<\/p>\n","protected":false},"author":2,"featured_media":0,"parent":0,"menu_order":0,"comment_status":"closed","ping_status":"closed","template":"","meta":{"footnotes":""},"class_list":["post-1071","page","type-page","status-publish","hentry"],"_links":{"self":[{"href":"https:\/\/fcpi.com.br\/novo\/wp-json\/wp\/v2\/pages\/1071","targetHints":{"allow":["GET"]}}],"collection":[{"href":"https:\/\/fcpi.com.br\/novo\/wp-json\/wp\/v2\/pages"}],"about":[{"href":"https:\/\/fcpi.com.br\/novo\/wp-json\/wp\/v2\/types\/page"}],"author":[{"embeddable":true,"href":"https:\/\/fcpi.com.br\/novo\/wp-json\/wp\/v2\/users\/2"}],"replies":[{"embeddable":true,"href":"https:\/\/fcpi.com.br\/novo\/wp-json\/wp\/v2\/comments?post=1071"}],"version-history":[{"count":9,"href":"https:\/\/fcpi.com.br\/novo\/wp-json\/wp\/v2\/pages\/1071\/revisions"}],"predecessor-version":[{"id":1082,"href":"https:\/\/fcpi.com.br\/novo\/wp-json\/wp\/v2\/pages\/1071\/revisions\/1082"}],"wp:attachment":[{"href":"https:\/\/fcpi.com.br\/novo\/wp-json\/wp\/v2\/media?parent=1071"}],"curies":[{"name":"wp","href":"https:\/\/api.w.org\/{rel}","templated":true}]}}