{"id":1083,"date":"2020-02-13T22:32:10","date_gmt":"2020-02-14T01:32:10","guid":{"rendered":"https:\/\/fcpi.com.br\/portal\/?page_id=1083"},"modified":"2020-02-13T22:32:42","modified_gmt":"2020-02-14T01:32:42","slug":"pos-graduacao-em-linguagem-brasileira-de-sinais-libras","status":"publish","type":"page","link":"https:\/\/fcpi.com.br\/novo\/pos-graduacao-em-linguagem-brasileira-de-sinais-libras\/","title":{"rendered":"P\u00d3S-GRADUA\u00c7\u00c3O EM LINGUAGEM BRASILEIRA DE SINAIS &#8211; LIBRAS"},"content":{"rendered":"<p>[vc_row][vc_column][vc_column_text]<\/p>\n<h3><strong>APRESENTA\u00c7\u00c3O DO CURSO<\/strong><\/h3>\n<p>&nbsp;<\/p>\n<p style=\"text-align: justify;\">O\u00a0Curso de Especializa\u00e7\u00e3o em \u201cL\u00edngua Brasileira de Sinais &#8211; LIBRAS\u201d, foi desenvolvido pela FCP objetivando fomentar nas institui\u00e7\u00f5es de ensino da regi\u00e3o o processo de inclus\u00e3o de pessoas com defici\u00eancias nas escolas e universidades. A inten\u00e7\u00e3o desse curso \u00e9 proporcionar uma vida acad\u00eamica com mais qualidade no enfrentamento de algumas restri\u00e7\u00f5es ou dificuldades assistidas. O curso de P\u00f3s-Gradua\u00e7\u00e3o <em>lato sensu<\/em> em \u201cL\u00edngua brasileira de sinais &#8211; LIBRAS\u201d, oferecido pela FCP, \u00e9 um exemplo destas adequa\u00e7\u00f5es, uma vez que leva o conhecimento e o aprendizado da L\u00edngua Brasileira de Sinais, n\u00e3o s\u00f3 \u00e0 professores e outros profissionais da educa\u00e7\u00e3o, mas \u00e0 profissionais de diferentes \u00e1reas da regi\u00e3o, garantindo o respeito \u00e0 diferen\u00e7a e a singularidade lingu\u00edstica das pessoas que apresentam a surdez ou a defici\u00eancia auditiva, al\u00e9m de integrar este profissional a outro nicho de mercado. As aulas s\u00e3o expositivas e com bastante pr\u00e1ticas e permitem aos participantes a constru\u00e7\u00e3o dial\u00f3gica\u00a0do conhecimento.<\/p>\n<p>&nbsp;<\/p>\n<p>&nbsp;<\/p>\n<h3><strong>MATRIZ CURRICULAR<\/strong><\/h3>\n<p>&nbsp;<\/p>\n<table style=\"height: 606px;\" width=\"754\">\n<tbody>\n<tr>\n<td width=\"92\"><strong>MODULO<\/strong><\/td>\n<td width=\"534\"><strong>DISCIPLINA<\/strong><\/td>\n<\/tr>\n<tr>\n<td width=\"92\">01<\/td>\n<td width=\"534\">Metodologia do Ensino Superior<\/td>\n<\/tr>\n<tr>\n<td width=\"92\">02<\/td>\n<td width=\"534\">M\u00e9todos e T\u00e9cnicas de Pesquisa<\/td>\n<\/tr>\n<tr>\n<td width=\"92\">03<\/td>\n<td width=\"534\">Fundamentos da educa\u00e7\u00e3o inclusiva<\/td>\n<\/tr>\n<tr>\n<td width=\"92\">04<\/td>\n<td width=\"534\">Fundamentos hist\u00f3ricos da surdez e do surdo e o ensino de Libras<\/td>\n<\/tr>\n<tr>\n<td width=\"92\">05<\/td>\n<td width=\"534\">Aquisi\u00e7\u00e3o de linguagem L1 e L2 (Processos de desenvolvimento e aprendizagem do sujeito surdo)<\/td>\n<\/tr>\n<tr>\n<td width=\"92\">06<\/td>\n<td width=\"534\">Libras I<\/td>\n<\/tr>\n<tr>\n<td width=\"92\">07<\/td>\n<td width=\"534\">Libras II<\/td>\n<\/tr>\n<tr>\n<td width=\"92\">08<\/td>\n<td width=\"534\">Libras III<\/td>\n<\/tr>\n<tr>\n<td width=\"92\">09<\/td>\n<td width=\"534\">Libras IV<\/td>\n<\/tr>\n<tr>\n<td width=\"92\">10<\/td>\n<td width=\"534\">Libras V(Conversa\u00e7\u00e3o em Libras)<\/td>\n<\/tr>\n<tr>\n<td width=\"92\">11<\/td>\n<td width=\"534\">Trabalho de Conclus\u00e3o de Curso \u2013 TCC I<\/td>\n<\/tr>\n<tr>\n<td width=\"92\">12<\/td>\n<td width=\"534\">No\u00e7\u00f5es de escrita de sinais<\/td>\n<\/tr>\n<tr>\n<td width=\"92\">13<\/td>\n<td width=\"534\">Novas tecnologias em ensino de Libras<\/td>\n<\/tr>\n<tr>\n<td width=\"92\">14<\/td>\n<td width=\"534\">Trabalho de Conclus\u00e3o de Curso \u2013 TCC II<\/td>\n<\/tr>\n<\/tbody>\n<\/table>\n<p><span style=\"text-align: justify;\"><br \/>\n[\/vc_column_text][\/vc_column][\/vc_row]<\/span><\/p>\n","protected":false},"excerpt":{"rendered":"<p>[vc_row][vc_column][vc_column_text] APRESENTA\u00c7\u00c3O DO CURSO &nbsp; O\u00a0Curso de Especializa\u00e7\u00e3o em \u201cL\u00edngua Brasileira de Sinais &#8211; LIBRAS\u201d, foi desenvolvido pela FCP objetivando fomentar nas institui\u00e7\u00f5es de ensino da regi\u00e3o o processo de inclus\u00e3o de pessoas com defici\u00eancias nas escolas e universidades. A inten\u00e7\u00e3o desse curso \u00e9 proporcionar uma vida acad\u00eamica com mais qualidade no enfrentamento de algumas [&hellip;]<\/p>\n","protected":false},"author":2,"featured_media":0,"parent":0,"menu_order":0,"comment_status":"closed","ping_status":"closed","template":"","meta":{"footnotes":""},"class_list":["post-1083","page","type-page","status-publish","hentry"],"_links":{"self":[{"href":"https:\/\/fcpi.com.br\/novo\/wp-json\/wp\/v2\/pages\/1083","targetHints":{"allow":["GET"]}}],"collection":[{"href":"https:\/\/fcpi.com.br\/novo\/wp-json\/wp\/v2\/pages"}],"about":[{"href":"https:\/\/fcpi.com.br\/novo\/wp-json\/wp\/v2\/types\/page"}],"author":[{"embeddable":true,"href":"https:\/\/fcpi.com.br\/novo\/wp-json\/wp\/v2\/users\/2"}],"replies":[{"embeddable":true,"href":"https:\/\/fcpi.com.br\/novo\/wp-json\/wp\/v2\/comments?post=1083"}],"version-history":[{"count":3,"href":"https:\/\/fcpi.com.br\/novo\/wp-json\/wp\/v2\/pages\/1083\/revisions"}],"predecessor-version":[{"id":1086,"href":"https:\/\/fcpi.com.br\/novo\/wp-json\/wp\/v2\/pages\/1083\/revisions\/1086"}],"wp:attachment":[{"href":"https:\/\/fcpi.com.br\/novo\/wp-json\/wp\/v2\/media?parent=1083"}],"curies":[{"name":"wp","href":"https:\/\/api.w.org\/{rel}","templated":true}]}}