{"id":1090,"date":"2020-02-13T22:40:33","date_gmt":"2020-02-14T01:40:33","guid":{"rendered":"https:\/\/fcpi.com.br\/portal\/?page_id=1090"},"modified":"2020-02-13T22:40:33","modified_gmt":"2020-02-14T01:40:33","slug":"pos-graduacao-em-direito-processual-civil","status":"publish","type":"page","link":"https:\/\/fcpi.com.br\/novo\/pos-graduacao-em-direito-processual-civil\/","title":{"rendered":"P\u00d3S-GRADUA\u00c7\u00c3O EM DIREITO PROCESSUAL CIVIL"},"content":{"rendered":"<p>[vc_row][vc_column][vc_column_text]<\/p>\n<h3><strong>APRESENTA\u00c7\u00c3O DO CURSO<\/strong><\/h3>\n<p>&nbsp;<\/p>\n<p style=\"text-align: justify;\">O\u00a0Curso de Especializa\u00e7\u00e3o em \u201cDireito Processual Civil\u201d, foi desenvolvido pela FCP objetivando atualizar e capacitar o profissional do Direito que atua ou pretende atuar na \u00e1rea contenciosa civil, assim como qualificar profissionais para o exerc\u00edcio de carreiras jur\u00eddicas. Tem-se como objetivo, ainda, permitir o desenvolvimento de racioc\u00ednio cr\u00edtico do aluno, conferindo-lhe instrumentos t\u00e9cnicos para solucionar aspectos te\u00f3ricos e pr\u00e1ticos da atividade jur\u00eddica. Al\u00e9m de visar a capacita\u00e7\u00e3o dos recursos humanos do curso de Bacharelado em Direito da FCP e demais profissionais da comunidade local em geral, para desenvolver habilidades e compet\u00eancias, sobre as novas mudan\u00e7as elaboradas pela doutrina especializada, com quest\u00f5es pol\u00eamicas e as mais recentes jurisprud\u00eancias dos tribunais acerca do atual C\u00f3digo de Processo Civil. As aulas s\u00e3o expositivas e permitem aos participantes a constru\u00e7\u00e3o dial\u00f3gica\u00a0do conhecimento.<\/p>\n<p>&nbsp;<\/p>\n<p>&nbsp;<\/p>\n<h3><strong>MATRIZ CURRICULAR<\/strong><\/h3>\n<p>&nbsp;<\/p>\n<table style=\"height: 1078px;\" width=\"773\">\n<tbody>\n<tr>\n<td width=\"95\"><strong>MODULO<\/strong><\/td>\n<td width=\"517\"><strong>DISCIPLINA<\/strong><\/td>\n<\/tr>\n<tr>\n<td width=\"95\">1<\/td>\n<td width=\"517\">Metodologia do Ensino Superior<\/td>\n<\/tr>\n<tr>\n<td width=\"95\">2<\/td>\n<td width=\"517\">M\u00e9todos e T\u00e9cnicas de Pesquisa<\/td>\n<\/tr>\n<tr>\n<td width=\"95\">3<\/td>\n<td width=\"517\"><em>Teoria Geral do Processo: O Di\u00e1logo das Fontes \u2013 Compet\u00eancia e Interven\u00e7\u00e3o de Terceiros<\/em><\/td>\n<\/tr>\n<tr>\n<td width=\"95\">4<\/td>\n<td width=\"517\">Teoria Geral da Tutela de Urg\u00eancia<\/td>\n<\/tr>\n<tr>\n<td width=\"95\">5<\/td>\n<td width=\"517\">Processo de Conhecimento &#8211; Procedimento Comum: Atos do Processo, Forma\u00e7\u00e3o, Extin\u00e7\u00e3o e Suspens\u00e3o<\/td>\n<\/tr>\n<tr>\n<td width=\"95\">6<\/td>\n<td width=\"517\">Processo de Conhecimento: Provas e Meios de Provas<\/td>\n<\/tr>\n<tr>\n<td width=\"95\">7<\/td>\n<td width=\"517\">Processo de Conhecimento: Procedimentos Especiais<\/td>\n<\/tr>\n<tr>\n<td width=\"95\">8<\/td>\n<td width=\"517\">Teoria Geral da Execu\u00e7\u00e3o: Cumprimento de Senten\u00e7a e Execu\u00e7\u00e3o Extrajudicial<\/td>\n<\/tr>\n<tr>\n<td width=\"95\">9<\/td>\n<td width=\"517\">Trabalho de Conclus\u00e3o de Curso \u2013 TCC I<\/td>\n<\/tr>\n<tr>\n<td width=\"95\">10<\/td>\n<td width=\"517\">Processo de Execu\u00e7\u00e3o \u2013 Parte Especial I<\/td>\n<\/tr>\n<tr>\n<td width=\"95\">11<\/td>\n<td width=\"517\">Processo de Execu\u00e7\u00e3o \u2013 Parte Especial II<\/td>\n<\/tr>\n<tr>\n<td width=\"95\">12<\/td>\n<td width=\"517\">Teoria Geral dos Recursos \u2013 Recursos em Esp\u00e9cies<\/td>\n<\/tr>\n<tr>\n<td width=\"95\">13<\/td>\n<td width=\"517\">Trabalho de Conclus\u00e3o de Curso \u2013 TCC II<\/td>\n<\/tr>\n<\/tbody>\n<\/table>\n<p><span style=\"text-align: justify;\"><br \/>\n[\/vc_column_text][\/vc_column][\/vc_row]<\/span><\/p>\n","protected":false},"excerpt":{"rendered":"<p>[vc_row][vc_column][vc_column_text] APRESENTA\u00c7\u00c3O DO CURSO &nbsp; O\u00a0Curso de Especializa\u00e7\u00e3o em \u201cDireito Processual Civil\u201d, foi desenvolvido pela FCP objetivando atualizar e capacitar o profissional do Direito que atua ou pretende atuar na \u00e1rea contenciosa civil, assim como qualificar profissionais para o exerc\u00edcio de carreiras jur\u00eddicas. Tem-se como objetivo, ainda, permitir o desenvolvimento de racioc\u00ednio cr\u00edtico do aluno, [&hellip;]<\/p>\n","protected":false},"author":2,"featured_media":0,"parent":0,"menu_order":0,"comment_status":"closed","ping_status":"closed","template":"","meta":{"footnotes":""},"class_list":["post-1090","page","type-page","status-publish","hentry"],"_links":{"self":[{"href":"https:\/\/fcpi.com.br\/novo\/wp-json\/wp\/v2\/pages\/1090","targetHints":{"allow":["GET"]}}],"collection":[{"href":"https:\/\/fcpi.com.br\/novo\/wp-json\/wp\/v2\/pages"}],"about":[{"href":"https:\/\/fcpi.com.br\/novo\/wp-json\/wp\/v2\/types\/page"}],"author":[{"embeddable":true,"href":"https:\/\/fcpi.com.br\/novo\/wp-json\/wp\/v2\/users\/2"}],"replies":[{"embeddable":true,"href":"https:\/\/fcpi.com.br\/novo\/wp-json\/wp\/v2\/comments?post=1090"}],"version-history":[{"count":2,"href":"https:\/\/fcpi.com.br\/novo\/wp-json\/wp\/v2\/pages\/1090\/revisions"}],"predecessor-version":[{"id":1092,"href":"https:\/\/fcpi.com.br\/novo\/wp-json\/wp\/v2\/pages\/1090\/revisions\/1092"}],"wp:attachment":[{"href":"https:\/\/fcpi.com.br\/novo\/wp-json\/wp\/v2\/media?parent=1090"}],"curies":[{"name":"wp","href":"https:\/\/api.w.org\/{rel}","templated":true}]}}