{"id":1182,"date":"2020-05-28T15:29:58","date_gmt":"2020-05-28T18:29:58","guid":{"rendered":"https:\/\/fcpi.com.br\/portal\/?page_id=1182"},"modified":"2026-02-10T23:34:35","modified_gmt":"2026-02-11T02:34:35","slug":"mural","status":"publish","type":"page","link":"https:\/\/fcpi.com.br\/novo\/mural\/","title":{"rendered":"Calend\u00e1rio Acad\u00eamico"},"content":{"rendered":"\n<p>Espa\u00e7o para publica\u00e7\u00e3o do calend\u00e1rio acad\u00eamico da Faculdade do Cerrado Piauiense.<\/p>\n\n\n\n<p><a href=\"https:\/\/fcpi.com.br\/novo\/wp-content\/uploads\/2026\/02\/CALENDARIO-ACADEMICO-FCP-2026-1-Resolucao-CEPEX-FCP-N.o-010-2025-Com-Anexo-Unico-Assinado-1.pdf\">CALEND\u00c1RIO ACAD\u00caMICO &#8211; FCP &#8211; 2026-1 (Resolu\u00e7\u00e3o-CEPEX-FCP N.\u00ba 010-2025<\/a><\/p>\n\n\n\n<p><a href=\"https:\/\/fcpi.com.br\/novo\/wp-content\/uploads\/2025\/09\/CALENDARIO-ACADEMICO-FCP-2025-2-Ajustado-Resolucao-CEPEX-FCP-N.o-004-2025-Assinado.pdf\">CALENDARIO-ACADEMICO-FCP-2025-2-Ajustado-Resolucao-CEPEX-FCP-N.o-004-2025<\/a><\/p>\n\n\n\n<p>&nbsp;<a href=\"https:\/\/fcpi.com.br\/portal\/wp-content\/uploads\/2025\/07\/RESOLUCAO-CEPEX-FCP-N.o-004-2025-Calendario-Academico-FCP-2025-2-COM-ANEXO-UNICO-2-1.pdf\">Calendario-Academico-FCP-2025-2<\/a><\/p>\n\n\n\n<p><a href=\"https:\/\/fcpi.com.br\/portal\/wp-content\/uploads\/2025\/03\/CALENDARIO-ACADEMICO-FCP-2025-1-Resolucao-CEPEX-FCP-n.o-005-2024-Assinado.pdf\">CALENDARIO-ACADEMICO-FCP-2025-1-Resolucao-CEPEX-FCP-n.o-005-2024<\/a><\/p>\n\n\n\n<p><a href=\"https:\/\/fcpi.com.br\/portal\/wp-content\/uploads\/2024\/07\/RESOLUCAO-CEPEX-FCP-N.o-003-2024-Calendario-Academico-FCP-2024-2-COM-ANEXO-UNICO.pdf\">Calend\u00e1rio Acad\u00eamico &#8211; FCP 2024.2)<\/a><\/p>\n\n\n\n<p><a href=\"https:\/\/fcpi.com.br\/portal\/wp-content\/uploads\/2024\/02\/CALENDARIO-ACADEMICO-FCP-2024-1-Resolucao-CEPEX-FCP-N.o-001-2024-Assinado.pdf\">CALEND\u00c1RIO ACAD\u00caMICO &#8211; FCP &#8211; 2024\/1<\/a><\/p>\n\n\n\n<p><a href=\"https:\/\/fcpi.com.br\/portal\/wp-content\/uploads\/2023\/07\/CALENDARIO-ACADEMICO-FCP-2023-2-Resolucao-CEPEX-FCP-n.o-003-2023-Assinado.pdf\">CALEND\u00c1RIO ACAD\u00caMICO \u2013 FCP 2023-2) (COM ANEXO U\u0301NICO).pdf<\/a><\/p>\n\n\n\n<p><a href=\"https:\/\/fcpi.com.br\/portal\/wp-content\/uploads\/2023\/03\/CALENDARIO-ACADEMICO-FCP-2023-1-RESOLUC\u0327A\u0303O-CEPEX-FCP-N.o-001-2023-15-02-2023-COM-ANEXO-U\u0301NICO-Assinado.pdf\">CALEND\u00c1RIO ACAD\u00caMICO &#8211; FCP &#8211; 2023-1 (RESOLUC\u0327A\u0303O-CEPEX-FCP N.\u00ba 001-2023) (15-02-2023) (COM ANEXO U\u0301NICO)&nbsp;<\/a><\/p>\n\n\n\n<p><a href=\"https:\/\/fcpi.com.br\/portal\/wp-content\/uploads\/2023\/01\/CALENDARIO-ACADEMICO-FCP-2023-1-Resolucao-CEPEX-FCP-N.o-013-2022-22-12-2022-Assinado.pdf\">CALEND\u00c1RIO ACAD\u00caMICO &#8211; FCP &#8211; 2023-1 (Resolu\u00e7\u00e3o-CEPEX-FCP N.\u00ba 013-2022) (22-12-2022)&nbsp;<\/a><\/p>\n\n\n\n<p><a href=\"https:\/\/fcpi.com.br\/portal\/wp-content\/uploads\/2022\/07\/CALENDARIO-ACADEMICO-FCP-2022-2-Resolucao-CEPEX-FCP-N.o-008-2022-com-Anexo-Unico-13-07-2022.pdf\" target=\"_blank\" rel=\"noopener\">CALEND\u00c1RIO ACAD\u00caMICO &#8211; FCP &#8211; 2022-2 (Resolu\u00e7\u00e3o-CEPEX-FCP N.\u00ba 008-2022 )<\/a><\/p>\n\n\n\n<p><a href=\"https:\/\/fcpi.com.br\/portal\/wp-content\/uploads\/2022\/01\/CALENDARIO-ACADEMICO-FCP-2022-1-Resolucao-CEPEX-FCP-N.o-001-2022-com-Anexo-Unico-25-01-2022.pdf\" target=\"_blank\" rel=\"noopener\">CALEND\u00c1RIO ACAD\u00caMICO &#8211; FCP &#8211; 2022-1 (Resolu\u00e7\u00e3o &#8211; CEPEX &#8211; FCP N.\u00ba 001-2022)<\/a><\/p>\n\n\n\n<p><a href=\"https:\/\/fcpi.com.br\/portal\/wp-content\/uploads\/2021\/07\/RESOLUCAO-CEPEX-FCP-N.o-006-2021-Calendario-Academico-FCP-2021-2-COM-ANEXO-UNICO.pdf\" target=\"_blank\" rel=\"noopener noreferrer\">CALEND\u00c1RIO ACAD\u00caMICO &#8211; FCP 2021-2 \u2013 CEPEX \u2013 FCP N.\u00ba 006-2021&nbsp;<\/a><\/p>\n\n\n\n<p><a href=\"https:\/\/fcpi.com.br\/portal\/wp-content\/uploads\/2021\/02\/RESOLUCAO-CEPEX-FCP-N.o-002-2021-Calendario-Academico-FCP-2021-1-COM-ANEXO-UNICO-1.pdf\" target=\"_blank\" rel=\"noopener noreferrer\">CALEND\u00c1RIO ACAD\u00caMICO &#8211; FCP 2021-1) (COM ANEXO \u00daNICO)<\/a><\/p>\n\n\n\n<p><a href=\"https:\/\/fcpi.com.br\/portal\/wp-content\/uploads\/2021\/01\/RESOLUCAO-CEPEX-FCP-N.o-001-2021-Calendario-Academico-FCP-2021-1-COM-ANEXO-UNICO.pdf\" target=\"_blank\" rel=\"noopener noreferrer\">CALEND\u00c1RIO ACAD\u00caMICO &#8211; FCP \u2013 2021.1 &#8211; <em>Calend\u00e1rio Acad\u00eamico \u2013 FCP \u2013 2021\/1 \u2013 Disp\u00f5e sobre as datas de realiza\u00e7\u00e3o das atividades acad\u00eamicas e administrativas do Per\u00edodo Letivo 2021\/1 na Faculdade do Cerrado Piauiense.<\/em><\/a><\/p>\n\n\n\n<p><a href=\"https:\/\/fcpi.com.br\/portal\/wp-content\/uploads\/2020\/08\/RESOLU\u00c7\u00c3O-CEPEX-FCP-N.\u00ba-004-2020-E-ANEXO-\u00daNICO-Calend\u00e1rio-Acad\u00eamico-FCP-2020-2.pdf\" target=\"_blank\" rel=\"noopener noreferrer\">CALEND\u00c1RIO ACAD\u00caMICO &#8211; FCP \u2013 2020.2 &#8211; <em>Calend\u00e1rio Acad\u00eamico \u2013 FCP \u2013 2020\/2 \u2013 Disp\u00f5e sobre as datas de realiza\u00e7\u00e3o das atividades acad\u00eamicas e administrativas do Per\u00edodo Letivo 2020\/2 na Faculdade do Cerrado Piauiense.<\/em><\/a><\/p>\n\n\n\n<p><a href=\"https:\/\/fcpi.com.br\/portal\/wp-content\/uploads\/2020\/05\/CALENDA\u0301RIO-ACADE\u0302MICO-FCP-2020-1.pdf\" target=\"_blank\" rel=\"noopener noreferrer\">CALEND\u00c1RIO ACAD\u00caMICO &#8211; FCP \u2013 2020.1 &#8211; <em>Calend\u00e1rio Acad\u00eamico \u2013 FCP \u2013 2020\/1 \u2013 Disp\u00f5e sobre as datas de realiza\u00e7\u00e3o das atividades acad\u00eamicas e administrativas do Per\u00edodo Letivo 2020\/1 na Faculdade do Cerrado Piauiense.<\/em><\/a><\/p>\n","protected":false},"excerpt":{"rendered":"<p>Espa\u00e7o para publica\u00e7\u00e3o do calend\u00e1rio acad\u00eamico da Faculdade do Cerrado Piauiense. CALEND\u00c1RIO ACAD\u00caMICO &#8211; FCP &#8211; 2026-1 (Resolu\u00e7\u00e3o-CEPEX-FCP N.\u00ba 010-2025 CALENDARIO-ACADEMICO-FCP-2025-2-Ajustado-Resolucao-CEPEX-FCP-N.o-004-2025 &nbsp;Calendario-Academico-FCP-2025-2 CALENDARIO-ACADEMICO-FCP-2025-1-Resolucao-CEPEX-FCP-n.o-005-2024 Calend\u00e1rio Acad\u00eamico &#8211; FCP 2024.2) CALEND\u00c1RIO ACAD\u00caMICO &#8211; FCP &#8211; 2024\/1 CALEND\u00c1RIO ACAD\u00caMICO \u2013 FCP 2023-2) (COM ANEXO U\u0301NICO).pdf CALEND\u00c1RIO ACAD\u00caMICO &#8211; FCP &#8211; 2023-1 (RESOLUC\u0327A\u0303O-CEPEX-FCP N.\u00ba 001-2023) (15-02-2023) (COM ANEXO U\u0301NICO)&nbsp; [&hellip;]<\/p>\n","protected":false},"author":2,"featured_media":0,"parent":0,"menu_order":0,"comment_status":"closed","ping_status":"closed","template":"","meta":{"footnotes":""},"class_list":["post-1182","page","type-page","status-publish","hentry"],"_links":{"self":[{"href":"https:\/\/fcpi.com.br\/novo\/wp-json\/wp\/v2\/pages\/1182","targetHints":{"allow":["GET"]}}],"collection":[{"href":"https:\/\/fcpi.com.br\/novo\/wp-json\/wp\/v2\/pages"}],"about":[{"href":"https:\/\/fcpi.com.br\/novo\/wp-json\/wp\/v2\/types\/page"}],"author":[{"embeddable":true,"href":"https:\/\/fcpi.com.br\/novo\/wp-json\/wp\/v2\/users\/2"}],"replies":[{"embeddable":true,"href":"https:\/\/fcpi.com.br\/novo\/wp-json\/wp\/v2\/comments?post=1182"}],"version-history":[{"count":25,"href":"https:\/\/fcpi.com.br\/novo\/wp-json\/wp\/v2\/pages\/1182\/revisions"}],"predecessor-version":[{"id":3301,"href":"https:\/\/fcpi.com.br\/novo\/wp-json\/wp\/v2\/pages\/1182\/revisions\/3301"}],"wp:attachment":[{"href":"https:\/\/fcpi.com.br\/novo\/wp-json\/wp\/v2\/media?parent=1182"}],"curies":[{"name":"wp","href":"https:\/\/api.w.org\/{rel}","templated":true}]}}