{"id":1227,"date":"2020-06-05T17:01:04","date_gmt":"2020-06-05T20:01:04","guid":{"rendered":"https:\/\/fcpi.com.br\/portal\/?page_id=1227"},"modified":"2025-09-05T21:49:09","modified_gmt":"2025-09-06T00:49:09","slug":"resolucoes","status":"publish","type":"page","link":"https:\/\/fcpi.com.br\/novo\/resolucoes\/","title":{"rendered":"RESOLU\u00c7\u00d5ES"},"content":{"rendered":"\n<p>Espa\u00e7o para publica\u00e7\u00e3o de resolu\u00e7\u00f5es da Faculdade do Cerrado Piauiense<\/p>\n\n\n\n<p><a href=\"https:\/\/fcpi.com.br\/novo\/wp-content\/uploads\/2025\/09\/RESOLUCAO-CEPEX-FCP-N.o-005-2025-Calendario-Academico-FCP-2025-2-Ajustado-COM-ANEXO-UNICO-Assinada.pdf\">RESOLUCAO-CEPEX-FCP-N.o-005-2025-Calendario-Academico-FCP-2025-2<\/a><\/p>\n\n\n\n<p><a href=\"https:\/\/fcpi.com.br\/portal\/wp-content\/uploads\/2025\/07\/RESOLUCAO-CEPEX-FCP-N.o-004-2025-Calendario-Academico-FCP-2025-2-COM-ANEXO-UNICO-2-1.pdf\">RESOLUCAO-CEPEX-FCP-N.o-004-2025-Calendario-Academico-FCP-2025-2<\/a><\/p>\n\n\n\n<p><a href=\"https:\/\/fcpi.com.br\/portal\/wp-content\/uploads\/2024\/08\/RESOLUCAO-CEPEX-FCP-N.o-001-2024-Calendario-Academico-FCP-2024-1-COM-ANEXO-UNICO.pdf\"><strong>RESOLU\u00c7\u00c3O-CEPEX-FCP N.\u00ba 001-2024 (Calend\u00e1rio Acad\u00eamico<\/strong>)<\/a><br><strong><a href=\"https:\/\/fcpi.com.br\/portal\/wp-content\/uploads\/2024\/08\/RESOLUCAO-CEPEX-FCP-N.o-002-2024-RESULTADO-REGIME-EXCEPCIONAL-29-05-2024.pdf\">RESOLU\u00c7\u00c3O-CEPEX-FCP N.\u00ba 002-2024 &#8211; RESULTADO &#8211; REGIME EXCEPCIONAL<\/a><\/strong><\/p>\n\n\n\n<p><a href=\"https:\/\/fcpi.com.br\/portal\/wp-content\/uploads\/2024\/07\/RESOLUCAO-CEPEX-FCP-N.o-003-2024-Calendario-Academico-FCP-2024-2-COM-ANEXO-UNICO.pdf\">RESOLU\u00c7\u00c3O-CEPEX-FCP N.\u00ba 003-2024 (Calend\u00e1rio Acad\u00eamico &#8211; FCP 2024.2)<\/a><\/p>\n\n\n\n<p><a href=\"https:\/\/fcpi.com.br\/portal\/wp-content\/uploads\/2024\/01\/RESOLUCAO-CEPEX-FCP-N.o-004-2023-Calendario-Academico-FCP-2024-1-COM-ANEXO-UNICO.pdf\" data-type=\"link\" data-id=\"https:\/\/fcpi.com.br\/portal\/wp-content\/uploads\/2024\/01\/RESOLUCAO-CEPEX-FCP-N.o-004-2023-Calendario-Academico-FCP-2024-1-COM-ANEXO-UNICO.pdf\">RESOLUCAO-CEPEX-FCP-N.o-004-2023-Calendario-Academico-FCP-2024-1-COM-ANEXO-UNICO<\/a><\/p>\n\n\n\n<p><a href=\"https:\/\/fcpi.com.br\/portal\/wp-content\/uploads\/2023\/07\/RESOLUCAO-CEPEX-FCP-N.o-003-2023-Calendario-Academico-FCP-2023-2-COM-ANEXO-UNICO-Assin.pdf\" target=\"_blank\" rel=\"noreferrer noopener\">RESOLU\u00c7\u00c3O-CEPEX-FCP N.\u00ba 003-2023 (Calend\u00e1rio Acad\u00eamico &#8211; FCP 2023-2) (COM ANEXO \u00daNICO) <\/a><\/p>\n\n\n\n<p><a href=\"https:\/\/fcpi.com.br\/portal\/wp-content\/uploads\/2023\/07\/RESOLUCAO-CEPEX-FCP-N.o-003-2023-Calendario-Academico-FCP-2023-2-COM-ANEXO-UNICO.pdf\" target=\"_blank\" rel=\"noreferrer noopener\">RESOLUC\u0327A\u0303O-CEPEX-FCP N.\u00ba 003-2023 (Calenda\u0301rio Acade\u0302mico &#8211; FCP 2023-2) (COM ANEXO U\u0301NICO).pdf<\/a><\/p>\n\n\n\n<p><a href=\"https:\/\/fcpi.com.br\/portal\/wp-content\/uploads\/2023\/03\/RESOLUCAO-CONSU-FCP-N.o-003-2023-Novo-Regimento-Geral-da-FCP-28-03-2023-2.pdf\" target=\"_blank\" rel=\"noreferrer noopener\">RESOLU\u00c7\u00c3O &#8211; CONSU &#8211; FCP N.\u00ba 003-2023 (Novo Regimento Geral da FCP) (28-03-2023)<\/a><\/p>\n\n\n\n<p><a href=\"https:\/\/fcpi.com.br\/portal\/wp-content\/uploads\/2023\/02\/RESOLUCAO-CEPEX-FCP-N.o-001-2023-Calendario-Academico-FCP-2023-1-15-02-2023-COM-ANEXO-UNICO.pdf\">RESOLU\u00c7\u00c3O &#8211; CEPEX &#8211; FCP N.\u00ba 001-2023 (Calend\u00e1rio Acad\u00eamico &#8211; FCP 2023-1) (15-02-2023)<\/a><\/p>\n\n\n\n<p><a href=\"https:\/\/fcpi.com.br\/portal\/wp-content\/uploads\/2022\/12\/RESOLUC\u0327A\u0303O-CEPEX-FCP-N.o-014-2022-Regulamento-da-Curricularizac\u0327a\u0303o-da-Extensa\u0303o-Universita\u0301ria-FCP-Assinada.pdf\">RESOLUC\u0327A\u0303O-CEPEX-FCP N.\u00ba 014-2022 &#8211; Regulamento da Curricularizac\u0327a\u0303o da Extensa\u0303o Universita\u0301ria &#8211; FCP&nbsp;<\/a><\/p>\n\n\n\n<p><a href=\"https:\/\/fcpi.com.br\/portal\/wp-content\/uploads\/2022\/12\/RESOLUC\u0327A\u0303O-CEPEX-FCP-N.o-013-2022-Calenda\u0301rio-Acade\u0302mico-FCP-2023-1-15-12-2022-COM-ANEXO-U\u0301NICO-1.pdf\">RESOLUC\u0327A\u0303O &#8211; CEPEX &#8211; FCP N.\u00ba 013-2022 (Calenda\u0301rio Acade\u0302mico &#8211; FCP 2023-1) (15-12-2022) (COM ANEXO U\u0301NICO)&nbsp;<\/a><\/p>\n\n\n\n<p><a href=\"https:\/\/fcpi.com.br\/portal\/wp-content\/uploads\/2022\/11\/RESOLUCAO-CEPEX-FCP-N.o-011-2022-Alteracao-Calendario-Academico-FCP-2022-2-17-11-2022-COM-ANEXO-UNICO.pdf\" target=\"_blank\" rel=\"noopener\">RESOLU\u00c7\u00c3O &#8211; CEPEX &#8211; FCP N.\u00ba 011-2022 (Altera\u00e7\u00e3o &#8211; Calend\u00e1rio Acad\u00eamico &#8211; FCP 2022-2) (17-11-2022) (COM ANEXO \u00daNICO).<\/a><\/p>\n\n\n\n<p><a href=\"https:\/\/fcpi.com.br\/portal\/wp-content\/uploads\/2022\/09\/RESOLUCAO-CEPEX-FCP-N.o-010-2022-Protocolo-Processos-Academicos-Sistema-Academico-FCP-02-09-2022.pdf\" target=\"_blank\" rel=\"noopener\">RESOLU\u00c7\u00c3O &#8211; CEPEX &#8211; FCP N.\u00ba 010-2022 (Protocolo &#8211; Processos Acad\u00eamicos &#8211; Sistema Acad\u00eamico &#8211; FCP) (02-09-2022)<\/a><\/p>\n\n\n\n<p><a href=\"https:\/\/fcpi.com.br\/portal\/wp-content\/uploads\/2022\/09\/RESOLUCAO-CEPEX-FCP-N.o-009-2022-Alteracao-Calendario-Academico-FCP-2022-2-02-09-2022-COM-ANEXO-UNICO.pdf\" target=\"_blank\" rel=\"noopener\">RESOLU\u00c7\u00c3O &#8211; CEPEX &#8211; FCP N.\u00ba 009-2022 (Altera\u00e7\u00e3o &#8211; Calend\u00e1rio Acad\u00eamico &#8211; FCP 2022-2) (02-09-2022) (COM ANEXO \u00daNICO)<\/a><\/p>\n\n\n\n<p><a href=\"https:\/\/fcpi.com.br\/portal\/wp-content\/uploads\/2023\/03\/Resolucao-DG-FCP-no-001-2022-Trabalho-de-Conclusao-de-Curso-1.pdf\">Resolu\u00e7\u00e3o DG-FCP n\u00ba 001-2022 &#8211; Trabalho de Conclus\u00e3o de Curso<\/a><\/p>\n\n\n\n<p><a href=\"https:\/\/fcpi.com.br\/portal\/wp-content\/uploads\/2022\/07\/RESOLUCAO-CEPEX-FCP-N.o-008-2022-Calendario-Academico-FCP-2022-2-COM-ANEXO-UNICO.pdf\" target=\"_blank\" rel=\"noopener\">RESOLU\u00c7\u00c3O &#8211; CEPEX &#8211; FCP N.\u00ba 008-2022 (Calend\u00e1rio Acad\u00eamico &#8211; FCP 2022-2) (COM ANEXO \u00daNICO)<\/a><\/p>\n\n\n\n<p><a href=\"https:\/\/fcpi.com.br\/portal\/wp-content\/uploads\/2022\/05\/RESOLUCAO-CEPEX-FCP-007-2002-REALIZACAO-DA-2a-PROVA-ESCRITA.pdf\" target=\"_blank\" rel=\"noopener\">RESOLU\u00c7\u00c3O &#8211; CEPEX &#8211; FCP N.\u00ba 007-2002 &#8211; (REALIZA\u00c7\u00c3O DA 2\u00aa PROVA ESCRITA)<\/a><\/p>\n\n\n\n<p><a href=\"https:\/\/fcpi.com.br\/portal\/wp-content\/uploads\/2022\/04\/RESOLUCAO-CEPEX-FCP-N.o-005-2022-Alteracao-Calendario-Academico-FCP-2022-1-29-03-2022-COM-ANEXO-UNICO.pdf\" target=\"_blank\" rel=\"noopener\">RESOLU\u00c7\u00c3O &#8211; CEPEX &#8211; FCP N.\u00ba 005-2022 (Altera\u00e7\u00e3o &#8211; Calend\u00e1rio Acad\u00eamico &#8211; FCP 2022-1) (29-03-2022) (COM ANEXO \u00daNICO)<\/a><\/p>\n\n\n\n<p><a href=\"https:\/\/fcpi.com.br\/portal\/wp-content\/uploads\/2022\/02\/RESOLUCAO-CEPEX-FCP-N.o-003-2022-Atividades-Academicas-Remotas-FCP-2022-15-02-2022.pdf\" target=\"_blank\" rel=\"noopener\">RESOLU\u00c7\u00c3O &#8211; CEPEX &#8211; FCP N.\u00ba 003-2022 &#8211; Atividades Acad\u00eamicas Remotas &#8211; FCP 2022 (15-02-2022)<\/a><\/p>\n\n\n\n<p><a href=\"https:\/\/fcpi.com.br\/portal\/wp-content\/uploads\/2022\/02\/RESOLUCAO-CEPEX-FCP-N.o-002-2022-Atividades-Academicas-Remotas-e-Retorno-Presencial-Gradual-FCP-2022-02-02-2022.pdf\" target=\"_blank\" rel=\"noopener\">RESOLU\u00c7\u00c3O &#8211; CEPEX &#8211; FCP N.\u00ba 002-2022 &#8211; Atividades Acad\u00eamicas Remotas e Retorno Presencial Gradual &#8211; FCP 2022 (02-02-2022)<\/a><\/p>\n\n\n\n<p><a href=\"https:\/\/fcpi.com.br\/portal\/wp-content\/uploads\/2022\/01\/RESOLUCAO-CEPEX-FCP-N.o-001-2022-Calendario-Academico-FCP-2022-1-25-01-2022-COM-ANEXO-UNICO.pdf\" target=\"_blank\" rel=\"noopener\">RESOLU\u00c7\u00c3O &#8211; CEPEX &#8211; FCP N.\u00ba 001-2022 (Calend\u00e1rio Acad\u00eamico &#8211; FCP 2022-1) (25-01-2022) (COM ANEXO \u00daNICO)<\/a><\/p>\n\n\n\n<p><a href=\"https:\/\/fcpi.com.br\/portal\/wp-content\/uploads\/2021\/11\/RESOLUCAO-CEPEX-FCP-N.o-008-2021-Alteracao-de-Datas-dos-Seminarios-Integradores-2021.2.pdf\" target=\"_blank\" rel=\"noopener noreferrer\">RESOLU\u00c7\u00c3O &#8211; CEPEX &#8211; FCP N.\u00ba 008-2021 &#8211; Altera\u00e7\u00e3o de Datas dos Semin\u00e1rios Integradores 2021.2<\/a><\/p>\n\n\n\n<p><a href=\"https:\/\/fcpi.com.br\/portal\/wp-content\/uploads\/2021\/09\/RESOLUCAO-CEPEX-FCP-N.o-007-2021-Atividades-Avaliativas-e-Prazo-para-Matriculas-FCP-2021-09-09-2021.pdf\" target=\"_blank\" rel=\"noopener noreferrer\">RESOLU\u00c7\u00c3O &#8211; CEPEX &#8211; FCP N.\u00ba 007-2021 &#8211; Atividades Avaliativas e Prazo para Matr\u00edculas &#8211; FCP 2021 (09-09-2021)<\/a><\/p>\n\n\n\n<p><a href=\"https:\/\/fcpi.com.br\/portal\/wp-content\/uploads\/2021\/07\/RESOLUCAO-CEPEX-FCP-N.o-006-2021-Calendario-Academico-FCP-2021-2-COM-ANEXO-UNICO.pdf\" target=\"_blank\" rel=\"noopener noreferrer\">RESOLU\u00c7\u00c3O &#8211; CEPEX &#8211; FCP N.\u00ba 006-2021 (Calend\u00e1rio Acad\u00eamico &#8211; FCP 2021-2) (COM ANEXO \u00daNICO)<\/a><\/p>\n\n\n\n<p><a href=\"https:\/\/fcpi.com.br\/portal\/wp-content\/uploads\/2021\/06\/RESOLUCAO-CEPEX-FCP-N.o-005-2021-Provas-de-segunda-chamada-FCP-2021-28-05-2021.pdf\" target=\"_blank\" rel=\"noopener noreferrer\">RESOLU\u00c7\u00c3O &#8211; CEPEX &#8211; FCP N.\u00ba 005-2021 &#8211; Provas de segunda chamada &#8211; FCP 2021 (28-05-2021)<\/a><\/p>\n\n\n\n<p><a href=\"https:\/\/fcpi.com.br\/portal\/wp-content\/uploads\/2021\/04\/RESOLUC\u0327A\u0303O-CEPEX-FCP-N.o-004-2021-Suspensa\u0303o-Aulas-Presenciais-FCP-2021-05-04-2021.pdf\" target=\"_blank\" rel=\"noopener noreferrer\">RESOLUC\u0327A\u0303O &#8211; CEPEX &#8211; FCP N.\u00ba 004-2021 &#8211; Suspensa\u0303o Aulas Presenciais-FCP 2021 (05-04-2021)<\/a><\/p>\n\n\n\n<p><a href=\"https:\/\/fcpi.com.br\/portal\/wp-content\/uploads\/2021\/03\/ANEXO-1-DA-RESOLUC\u0327A\u0303O-No-003-2021-1-AULAS-SEMANAS-ALTERNADAS-DE-ENSINO-PRESENCIAL-E-REMOTO-REV-02.pdf\" target=\"_blank\" rel=\"noopener noreferrer\">ANEXO 1 DA RESOLUC\u0327A\u0303O N\u00ba 003-2021-1- AULAS SEMANAS ALTERNADAS DE ENSINO PRESENCIAL E REMOTO &#8211; REV 02<\/a><\/p>\n\n\n\n<p><a href=\"https:\/\/fcpi.com.br\/portal\/wp-content\/uploads\/2021\/03\/RESOLUC\u0327A\u0303O-No-003-2021-1-AULAS-SEMANAS-ALTERNADAS-DE-ENSINO-PRESENCIAL-E-REMOTO-REV-02.pdf\" target=\"_blank\" rel=\"noopener noreferrer\">RESOLUC\u0327A\u0303O N\u00ba 003-2021-1- AULAS SEMANAS ALTERNADAS DE ENSINO PRESENCIAL E REMOTO &#8211; REV 02<\/a><\/p>\n\n\n\n<p><a href=\"https:\/\/fcpi.com.br\/portal\/wp-content\/uploads\/2021\/02\/RESOLUCAO-CEPEX-FCP-N.o-002-2021-Calendario-Academico-FCP-2021-1-COM-ANEXO-UNICO.pdf\" target=\"_blank\" rel=\"noopener noreferrer\">RESOLU\u00c7\u00c3O &#8211; CEPEX &#8211; FCP N.\u00ba 002-2021 (Calend\u00e1rio Acad\u00eamico &#8211; FCP 2021-1) (COM ANEXO \u00daNICO)<\/a><\/p>\n\n\n\n<p><a href=\"https:\/\/fcpi.com.br\/portal\/wp-content\/uploads\/2020\/08\/RESOLU\u00c7\u00c3O-CEPEX-FCP-N.\u00ba-004-2020-E-ANEXO-\u00daNICO-Calend\u00e1rio-Acad\u00eamico-FCP-2020-2.pdf\" target=\"_blank\" rel=\"noopener noreferrer\">RESOLU\u00c7\u00c3O &#8211; CEPEX &#8211; FCP N.\u00ba 004-2020 E ANEXO \u00daNICO (Calend\u00e1rio Acad\u00eamico &#8211; FCP 2020-2)<\/a><\/p>\n\n\n\n<p><a href=\"https:\/\/fcpi.com.br\/portal\/wp-content\/uploads\/2020\/06\/RESOLU\u00c7\u00c3O-DG-FCP-n.\u00ba-001-2014-M\u00e9rito-Acad\u00eamico-Discente-Assinada.pdf\" target=\"_blank\" rel=\"noopener noreferrer\">RESOLU\u00c7\u00c3O &#8211; DG &#8211; FCP 001-2014 &#8211; <em>Disp\u00f5e sobre a regulamenta\u00e7\u00e3o sobre o M\u00e9rito Acad\u00eamico Discente<\/em><\/a><\/p>\n\n\n\n<p><a href=\"https:\/\/fcpi.com.br\/portal\/wp-content\/uploads\/2020\/06\/RESOLU\u00c7\u00c3O-DG-FCP-003-2011-TCC.pdf\" target=\"_blank\" rel=\"noopener noreferrer\">RESOLU\u00c7\u00c3O &#8211; DG &#8211; FCP 003-2011 &#8211; <em>Resolu\u00e7\u00e3o com a regulamenta\u00e7\u00e3o do TCC da FCP<\/em><\/a><\/p>\n\n\n\n<p><a href=\"https:\/\/fcpi.com.br\/portal\/wp-content\/uploads\/2020\/06\/RESOLU\u00c7\u00c3O-DG-FCP-N.\u00ba-002-2008-Atividades-Complementares.pdf\" target=\"_blank\" rel=\"noopener noreferrer\">RESOLU\u00c7\u00c3O &#8211; DG &#8211; FCP 002-2008 &#8211; <em>Atividades Complementares<\/em><\/a><\/p>\n","protected":false},"excerpt":{"rendered":"<p>Espa\u00e7o para publica\u00e7\u00e3o de resolu\u00e7\u00f5es da Faculdade do Cerrado Piauiense RESOLUCAO-CEPEX-FCP-N.o-005-2025-Calendario-Academico-FCP-2025-2 RESOLUCAO-CEPEX-FCP-N.o-004-2025-Calendario-Academico-FCP-2025-2 RESOLU\u00c7\u00c3O-CEPEX-FCP N.\u00ba 001-2024 (Calend\u00e1rio Acad\u00eamico)RESOLU\u00c7\u00c3O-CEPEX-FCP N.\u00ba 002-2024 &#8211; RESULTADO &#8211; REGIME EXCEPCIONAL RESOLU\u00c7\u00c3O-CEPEX-FCP N.\u00ba 003-2024 (Calend\u00e1rio Acad\u00eamico &#8211; FCP 2024.2) RESOLUCAO-CEPEX-FCP-N.o-004-2023-Calendario-Academico-FCP-2024-1-COM-ANEXO-UNICO RESOLU\u00c7\u00c3O-CEPEX-FCP N.\u00ba 003-2023 (Calend\u00e1rio Acad\u00eamico &#8211; FCP 2023-2) (COM ANEXO \u00daNICO) RESOLUC\u0327A\u0303O-CEPEX-FCP N.\u00ba 003-2023 (Calenda\u0301rio Acade\u0302mico &#8211; FCP 2023-2) (COM ANEXO U\u0301NICO).pdf [&hellip;]<\/p>\n","protected":false},"author":2,"featured_media":0,"parent":0,"menu_order":0,"comment_status":"closed","ping_status":"closed","template":"","meta":{"footnotes":""},"class_list":["post-1227","page","type-page","status-publish","hentry"],"_links":{"self":[{"href":"https:\/\/fcpi.com.br\/novo\/wp-json\/wp\/v2\/pages\/1227","targetHints":{"allow":["GET"]}}],"collection":[{"href":"https:\/\/fcpi.com.br\/novo\/wp-json\/wp\/v2\/pages"}],"about":[{"href":"https:\/\/fcpi.com.br\/novo\/wp-json\/wp\/v2\/types\/page"}],"author":[{"embeddable":true,"href":"https:\/\/fcpi.com.br\/novo\/wp-json\/wp\/v2\/users\/2"}],"replies":[{"embeddable":true,"href":"https:\/\/fcpi.com.br\/novo\/wp-json\/wp\/v2\/comments?post=1227"}],"version-history":[{"count":41,"href":"https:\/\/fcpi.com.br\/novo\/wp-json\/wp\/v2\/pages\/1227\/revisions"}],"predecessor-version":[{"id":3221,"href":"https:\/\/fcpi.com.br\/novo\/wp-json\/wp\/v2\/pages\/1227\/revisions\/3221"}],"wp:attachment":[{"href":"https:\/\/fcpi.com.br\/novo\/wp-json\/wp\/v2\/media?parent=1227"}],"curies":[{"name":"wp","href":"https:\/\/api.w.org\/{rel}","templated":true}]}}