{"id":1240,"date":"2020-06-05T17:20:53","date_gmt":"2020-06-05T20:20:53","guid":{"rendered":"https:\/\/fcpi.com.br\/portal\/?page_id=1240"},"modified":"2022-07-29T21:35:13","modified_gmt":"2022-07-30T00:35:13","slug":"publicacoes-2","status":"publish","type":"page","link":"https:\/\/fcpi.com.br\/novo\/publicacoes-2\/","title":{"rendered":"PUBLICA\u00c7\u00d5ES"},"content":{"rendered":"<p>Publica\u00e7\u00f5es pertinentes \u00e0s atividades da Faculdade do Cerrado Piauiense.<\/p>\n<p>&nbsp;<\/p>\n<p><a href=\"https:\/\/fcpi.com.br\/portal\/wp-content\/uploads\/2022\/07\/REG.-CERT.-INTERPRETACAO-E-PROD.-DE-TEXTOS-FCP-2022-1-Assinado.pdf\" target=\"_blank\" rel=\"noopener\">REG. CERT. &#8211; INTERPRETA\u00c7\u00c3O E PROD. DE TEXTOS &#8211; FCP &#8211; 2022-1 (Assinado)<\/a><\/p>\n<p><a href=\"https:\/\/fcpi.com.br\/portal\/wp-content\/uploads\/2022\/07\/REG.-DE-CERT.-PALESTRAS-PROENADE-FCP-2022-1-Assinado.pdf\" target=\"_blank\" rel=\"noopener\">REG. DE CERT. &#8211; PALESTRAS &#8211; PROENADE &#8211; FCP &#8211; 2022-1 (Assinado)<\/a><\/p>\n<p><a href=\"https:\/\/fcpi.com.br\/portal\/wp-content\/uploads\/2022\/07\/REG.-DE-CERT.-PROGRAMA-DE-MONITORIAS-FCP-2022-1-Assinado.pdf\" target=\"_blank\" rel=\"noopener\">REG. DE CERT. &#8211; PROGRAMA DE MONITORIAS &#8211; FCP &#8211; 2022-1 (Assinado)<\/a><\/p>\n<p><a href=\"https:\/\/fcpi.com.br\/portal\/wp-content\/uploads\/2022\/07\/REG.-DE-CERT.-PROJ.-EXT.-DIA-INT.-MEIO-AMBIENTE-FCP-2022-1-Assinado.pdf\" target=\"_blank\" rel=\"noopener\">REG. DE CERT. &#8211; PROJ. EXT. DIA INT. MEIO AMBIENTE &#8211; FCP &#8211; 2022-1 (Assinado)<\/a><\/p>\n<p><a href=\"https:\/\/fcpi.com.br\/portal\/wp-content\/uploads\/2022\/07\/REG.-DE-CERT.-PROJ.-EXT.-DIREITO-DO-CONSUMIDOR-FCP-2022-1-Assinado.pdf\" target=\"_blank\" rel=\"noopener\">REG. DE CERT. &#8211; PROJ. EXT. DIREITO DO CONSUMIDOR &#8211; FCP &#8211; 2022-1 (Assinado)<\/a><\/p>\n<p><a href=\"https:\/\/fcpi.com.br\/portal\/wp-content\/uploads\/2022\/07\/REG.-DE-CERT.-PROJ.-EXT.-NOVO-MUNDO-DA-ADM.-PUB.-FCP-2022-1-Assinado.pdf\" target=\"_blank\" rel=\"noopener\">REG. DE CERT. &#8211; PROJ. EXT. NOVO MUNDO DA ADM. P\u00daB. &#8211; FCP &#8211; 2022-1 (Assinado)<\/a><\/p>\n<p><a href=\"https:\/\/fcpi.com.br\/portal\/wp-content\/uploads\/2022\/07\/REG.-DE-CERT.-PROJETO-PIBIC-FCP-2022-1-Assinado.pdf\" target=\"_blank\" rel=\"noopener\">REG. DE CERT. &#8211; PROJETO &#8211; PIBIC &#8211; FCP &#8211; 2022-1 (Assinado)<\/a><\/p>\n<p><a href=\"https:\/\/fcpi.com.br\/portal\/wp-content\/uploads\/2022\/02\/RESULTADO-PRELIMINAR-PROCESSO-SELETIVO-DOCENTE-DIREITO-FCP-2022-1-Assinado-CD-DA-1.pdf\" target=\"_blank\" rel=\"noopener\">RESULTADO PRELIMINAR &#8211; PROCESSO SELETIVO DOCENTE &#8211; DIREITO &#8211; FCP &#8211; 2022-1 (Assinado-CD-DA)<\/a><\/p>\n<p><a href=\"https:\/\/fcpi.com.br\/portal\/wp-content\/uploads\/2021\/12\/REG.-CERT.-CURSO-TRIB.-NO-AGRONEGOCIO-FCP-2021-2-Assinado.pdf\" target=\"_blank\" rel=\"noopener noreferrer\">REG. CERT. &#8211; CURSO &#8211; TRIB. NO AGRONEG\u00d3CIO &#8211; FCP &#8211; 2021-2 (Assinado)<\/a><\/p>\n<p><a href=\"https:\/\/fcpi.com.br\/portal\/wp-content\/uploads\/2021\/12\/REG.-DE-CERT.-PROJETO-PIBIC-FCP-2021-2-Assinado.pdf\" target=\"_blank\" rel=\"noopener noreferrer\">REG. DE CERT. &#8211; PROJETO &#8211; PIBIC &#8211; FCP &#8211; 2021-2 (Assinado)<\/a><\/p>\n<p><a href=\"https:\/\/fcpi.com.br\/portal\/wp-content\/uploads\/2021\/12\/REG.-CERT.-CURSO-INTERP.-E-PROD.-DE-TEXTOS-FCP-2021-2-Assinado.pdf\" target=\"_blank\" rel=\"noopener noreferrer\">REG. CERT. &#8211; CURSO &#8211; INTERP. E PROD. DE TEXTOS &#8211; FCP &#8211; 2021-2 (Assinado)<\/a><\/p>\n<p><a href=\"https:\/\/fcpi.com.br\/portal\/wp-content\/uploads\/2021\/12\/REG.-DE-CERT.-PROGRAMA-DE-MONITORIAS-FCP-2021-2-Assinado.pdf\" target=\"_blank\" rel=\"noopener noreferrer\">REG. DE CERT. &#8211; PROGRAMA DE MONITORIAS &#8211; FCP &#8211; 2021-2 (Assinado)<\/a><\/p>\n<p><a href=\"https:\/\/fcpi.com.br\/portal\/wp-content\/uploads\/2021\/12\/REG.-DE-CERT.-III-ENC.-TRANSD.-CONSC.-NEGRA-FCP-2021-2-Assinado.pdf\" target=\"_blank\" rel=\"noopener noreferrer\">REG. DE CERT. &#8211; III ENC. TRANSD. &#8211; CONSC. NEGRA &#8211; FCP &#8211; 2021-2 (Assinado)<\/a><\/p>\n<p><a href=\"https:\/\/fcpi.com.br\/portal\/wp-content\/uploads\/2021\/12\/REG.-DE-CERT.-III-ENCONTRO-JUSFILOSOFICO-FCP-2021-2-Assinado.pdf\" target=\"_blank\" rel=\"noopener noreferrer\">REG. DE CERT. &#8211; III ENCONTRO JUSFILOS\u00d3FICO &#8211; FCP &#8211; 2021-2 (Assinado)<\/a><\/p>\n<p><a href=\"https:\/\/fcpi.com.br\/portal\/wp-content\/uploads\/2021\/12\/REG.-DE-CERT.-III-SETEMBRO-AMARELO-FCP-2021-2-Paisagem-Assinado.pdf\" target=\"_blank\" rel=\"noopener noreferrer\">REG. DE CERT. &#8211; III SETEMBRO AMARELO &#8211; FCP &#8211; 2021-2 (Paisagem) (Assinado)<\/a><\/p>\n<p><a href=\"https:\/\/fcpi.com.br\/portal\/wp-content\/uploads\/2021\/12\/REG.-DE-CERT.-III-AGOSTO-LILAS-FCP-2021-2-PaisagemAssinado.pdf\" target=\"_blank\" rel=\"noopener noreferrer\">REG. DE CERT. &#8211; III AGOSTO LIL\u00c1S &#8211; FCP &#8211; 2021-2 (Paisagem)(Assinado)<\/a><\/p>\n<p><a href=\"https:\/\/fcpi.com.br\/portal\/wp-content\/uploads\/2021\/07\/REG.-DE-CERT.-PROJETO-PIBIC-FCP-2021-1-Assinado.pdf\" target=\"_blank\" rel=\"noopener noreferrer\">REG. DE CERT. &#8211; PROJETO &#8211; PIBIC &#8211; FCP &#8211; 2021-1 (Assinado)<\/a><\/p>\n<p><a href=\"https:\/\/fcpi.com.br\/portal\/wp-content\/uploads\/2021\/07\/05-REG.-DE-CERT.-PROGRAMA-DE-MONITORIAS-FCP-2021-1-Assinado.pdf\" target=\"_blank\" rel=\"noopener noreferrer\">REG. DE CERT. &#8211; PROGRAMA DE MONITORIAS &#8211; FCP &#8211; 2021-1 (Assinado)<\/a><\/p>\n<p><a href=\"https:\/\/fcpi.com.br\/portal\/wp-content\/uploads\/2021\/07\/06-REG.-CERT.-PROJ.-EXT.-MET.-CIENT.-CARR.-JURID.-FCP-2021-1-Assinado.pdf\" target=\"_blank\" rel=\"noopener noreferrer\">REG. CERT. &#8211; PROJ. EXT. MET. CIENT. CARR. JUR\u00cdD. &#8211; FCP &#8211; 2021-1 (Assinado)<\/a><\/p>\n<p><a href=\"https:\/\/fcpi.com.br\/portal\/wp-content\/uploads\/2021\/07\/07-REG.-DE-CERT.-CICLO-DE-PALESTRAS-ETICA-DOA-ADVOGADOA-FCP-2021-1-Assinado.pdf\" target=\"_blank\" rel=\"noopener noreferrer\">REG. DE CERT. &#8211; CICLO DE PALESTRAS &#8211; \u00c9TICA DO(A) ADVOGADO(A) &#8211; FCP &#8211; 2021-1 (Assinado)<\/a><\/p>\n<p><a href=\"https:\/\/fcpi.com.br\/portal\/wp-content\/uploads\/2021\/07\/08-REG.-CERT.-PROJ.-EXT.-WEB.-GLOB.-E-POL.-INTERN.-FCP-2021-1-Assinado.pdf\" target=\"_blank\" rel=\"noopener noreferrer\">REG. CERT. &#8211; PROJ. EXT. WEB. GLOB. E POL. INTERN. &#8211; FCP &#8211; 2021-1 (Assinado)<\/a><\/p>\n<p><a href=\"https:\/\/fcpi.com.br\/portal\/wp-content\/uploads\/2021\/07\/09-REG.-CERT.-PROJ.-EXT.-WEB.-DIREITO-AMBIENTAL-FCP-2021-1-Assinado.pdf\" target=\"_blank\" rel=\"noopener noreferrer\">REG. CERT. &#8211; PROJ. EXT. WEB. DIREITO AMBIENTAL &#8211; FCP &#8211; 2021-1 (Assinado)<\/a><\/p>\n<p><a href=\"https:\/\/fcpi.com.br\/portal\/wp-content\/uploads\/2021\/07\/REG.-CERT.-INTERPRETACAO-E-PROD.-DE-TEXTOS-FCP-2021-1-Assinado.pdf\" target=\"_blank\" rel=\"noopener noreferrer\">REG. CERT. &#8211; INTERPRETA\u00c7\u00c3O E PROD. DE TEXTOS &#8211; FCP &#8211; 2021-1 (Assinado)<\/a><\/p>\n<p><a href=\"https:\/\/fcpi.com.br\/portal\/wp-content\/uploads\/2021\/07\/REG.-DE-CERT.-INTRODUCAO-AO-PENSAMENTO-DE-NORBERTO-BOBBIO-FCP-2021-1-Assinado.pdf\" target=\"_blank\" rel=\"noopener noreferrer\">REG. DE CERT. &#8211; INTRODU\u00c7\u00c3O AO PENSAMENTO DE NORBERTO BOBBIO &#8211; FCP &#8211; 2021-1 (Assinado)<\/a><\/p>\n<p><a href=\"https:\/\/fcpi.com.br\/portal\/wp-content\/uploads\/2020\/12\/REG.-DE-CERT.-PROJETO-FCP-EM-FOCO-FCP-2020-2-Assinado.pdf\" target=\"_blank\" rel=\"noopener noreferrer\">REG. DE CERT. &#8211; PROJETO FCP EM FOCO &#8211; FCP &#8211; 2020-2 (Assinado)<\/a><\/p>\n<p><a href=\"https:\/\/fcpi.com.br\/portal\/wp-content\/uploads\/2020\/12\/REG.-DE-CERT.-PROGRAMA-DE-MONITORIAS-FCP-2020-2-Assinado.pdf\" target=\"_blank\" rel=\"noopener noreferrer\">REG. DE CERT. &#8211; PROGRAMA DE MONITORIAS &#8211; FCP &#8211; 2020-2 (Assinado)<\/a><\/p>\n<p><a href=\"https:\/\/fcpi.com.br\/portal\/wp-content\/uploads\/2020\/12\/REG.-DE-CERT.-PROJETO-PIBIC-FCP-2020-2-Assinado.pdf\" target=\"_blank\" rel=\"noopener noreferrer\">REG. DE CERT. &#8211; PROJETO &#8211; PIBIC &#8211; FCP &#8211; 2020-2 (Assinado)<\/a><\/p>\n<p><a href=\"https:\/\/fcpi.com.br\/portal\/wp-content\/uploads\/2020\/12\/REG.-DE-CERT.-PRODUCAO-CIENTIFICA-FCP-2020-2-Assinado-2.pdf\" target=\"_blank\" rel=\"noopener noreferrer\">REG. DE CERT. &#8211; PRODU\u00c7\u00c3O CIENT\u00cdFICA &#8211; FCP &#8211; 2020-2 (Assinado)<\/a><\/p>\n<p><a href=\"https:\/\/fcpi.com.br\/portal\/wp-content\/uploads\/2020\/12\/REG.-CERT.-LINGUA-PORTUGUESA-E-INT.-DE-TEXTOS-FCP-2020-2-A.pdf\" target=\"_blank\" rel=\"noopener noreferrer\">REG. CERT. &#8211; L\u00cdNGUA PORTUGUESA E INT. DE TEXTOS &#8211; FCP &#8211; 2020-2 (Assinado)<\/a><\/p>\n<p><a href=\"https:\/\/fcpi.com.br\/portal\/wp-content\/uploads\/2020\/12\/REG.-DE-CERT.-II-AGOSTO-LILAS-FCP-2020-2-Assinado.pdf\" target=\"_blank\" rel=\"noopener noreferrer\">REG. DE CERT. &#8211; II AGOSTO LIL\u00c1S &#8211; FCP &#8211; 2020-2 (Assinado)<\/a><\/p>\n<p><a href=\"https:\/\/fcpi.com.br\/portal\/wp-content\/uploads\/2020\/12\/REG.-DE-CERT.-II-SETEMBRO-AMARELO-FCP-2020-2-Assinado.pdf\" target=\"_blank\" rel=\"noopener noreferrer\">REG. DE CERT. &#8211; II SETEMBRO AMARELO &#8211; FCP &#8211; 2020-2 (Assinado)<\/a><\/p>\n<p><a href=\"https:\/\/fcpi.com.br\/portal\/wp-content\/uploads\/2020\/12\/REG.-DE-CERT.-COMPLIANCE-E-GOVERNANCA-FCP-2020-2-Assinado.pdf\" target=\"_blank\" rel=\"noopener noreferrer\">REG. DE CERT. &#8211; COMPLIANCE E GOVERNAN\u00c7A &#8211; FCP &#8211; 2020-2 (Assinado)<\/a><\/p>\n<p><a href=\"https:\/\/fcpi.com.br\/portal\/wp-content\/uploads\/2020\/12\/REG.-DE-CERT.-II-ENCONTRO-JUSFILOSOFICO-FCP-2020-2-Assinado.pdf\" target=\"_blank\" rel=\"noopener noreferrer\">REG. DE CERT. &#8211; II ENCONTRO JUSFILOS\u00d3FICO &#8211; FCP &#8211; 2020-2 (Assinado)<\/a><\/p>\n<p><a href=\"https:\/\/fcpi.com.br\/portal\/wp-content\/uploads\/2020\/12\/REG.-DE-CERT.-II-ENC.-TRANSD.-CONSC.-NEGRA-FCP-2020-2-Assinado.pdf\" target=\"_blank\" rel=\"noopener noreferrer\">REG. DE CERT. &#8211; II ENC. TRANSD. &#8211; CONSC. NEGRA &#8211; FCP &#8211; 2020-2 (Assinado)<\/a><\/p>\n<p><a href=\"https:\/\/fcpi.com.br\/portal\/wp-content\/uploads\/2020\/12\/REG.-DE-CERT.-A-ERA-DOS-DIREITOS-FCP-2020-2-Assinado.pdf\" target=\"_blank\" rel=\"noopener noreferrer\">REG. DE CERT. &#8211; A ERA DOS DIREITOS &#8211; FCP &#8211; 2020-2 (Assinado)<\/a><\/p>\n<p><a href=\"https:\/\/fcpi.com.br\/portal\/wp-content\/uploads\/2020\/12\/REG.-DE-CERT.-GD-DH-E-ACHILLE-MBEMBE-FCP-2020-2-Assinado.pdf\" target=\"_blank\" rel=\"noopener noreferrer\">REG. DE CERT. &#8211; GD &#8211; DH E ACHILLE MBEMBE &#8211; FCP &#8211; 2020-2 (Assinado)<\/a><\/p>\n<p><a href=\"https:\/\/fcpi.com.br\/portal\/wp-content\/uploads\/2020\/06\/CARTILHA-ENSINO-JURI\u0301DICO-DESAFIOS-EDUCAC\u0327A\u0303O-OAB-PIAU\u00cd.pdf\" target=\"_blank\" rel=\"noopener noreferrer\">CARTILHA ENSINO JURI\u0301DICO &#8211; DESAFIOS EDUCAC\u0327A\u0303O &#8211; OAB \u2013 PIAU\u00cd &#8211; <em>Cartilha sobre Educa\u00e7\u00e3o Jur\u00eddica na Quarentena \u2013 Como aproveitar os tempos de quarentena e adquirir novas habilidades docentes<\/em><\/a><\/p>\n","protected":false},"excerpt":{"rendered":"<p>Publica\u00e7\u00f5es pertinentes \u00e0s atividades da Faculdade do Cerrado Piauiense. &nbsp; REG. CERT. &#8211; INTERPRETA\u00c7\u00c3O E PROD. DE TEXTOS &#8211; FCP &#8211; 2022-1 (Assinado) REG. DE CERT. &#8211; PALESTRAS &#8211; PROENADE &#8211; FCP &#8211; 2022-1 (Assinado) REG. DE CERT. &#8211; PROGRAMA DE MONITORIAS &#8211; FCP &#8211; 2022-1 (Assinado) REG. DE CERT. &#8211; PROJ. EXT. DIA INT. [&hellip;]<\/p>\n","protected":false},"author":2,"featured_media":0,"parent":0,"menu_order":0,"comment_status":"closed","ping_status":"closed","template":"","meta":{"footnotes":""},"class_list":["post-1240","page","type-page","status-publish","hentry"],"_links":{"self":[{"href":"https:\/\/fcpi.com.br\/novo\/wp-json\/wp\/v2\/pages\/1240","targetHints":{"allow":["GET"]}}],"collection":[{"href":"https:\/\/fcpi.com.br\/novo\/wp-json\/wp\/v2\/pages"}],"about":[{"href":"https:\/\/fcpi.com.br\/novo\/wp-json\/wp\/v2\/types\/page"}],"author":[{"embeddable":true,"href":"https:\/\/fcpi.com.br\/novo\/wp-json\/wp\/v2\/users\/2"}],"replies":[{"embeddable":true,"href":"https:\/\/fcpi.com.br\/novo\/wp-json\/wp\/v2\/comments?post=1240"}],"version-history":[{"count":15,"href":"https:\/\/fcpi.com.br\/novo\/wp-json\/wp\/v2\/pages\/1240\/revisions"}],"predecessor-version":[{"id":2226,"href":"https:\/\/fcpi.com.br\/novo\/wp-json\/wp\/v2\/pages\/1240\/revisions\/2226"}],"wp:attachment":[{"href":"https:\/\/fcpi.com.br\/novo\/wp-json\/wp\/v2\/media?parent=1240"}],"curies":[{"name":"wp","href":"https:\/\/api.w.org\/{rel}","templated":true}]}}