{"id":1310,"date":"2020-08-10T15:10:49","date_gmt":"2020-08-10T18:10:49","guid":{"rendered":"https:\/\/fcpi.com.br\/portal\/?page_id=1310"},"modified":"2026-02-10T23:36:33","modified_gmt":"2026-02-11T02:36:33","slug":"horarios","status":"publish","type":"page","link":"https:\/\/fcpi.com.br\/novo\/horarios\/","title":{"rendered":"HOR\u00c1RIOS"},"content":{"rendered":"\n<p>Espa\u00e7o para publica\u00e7\u00e3o dos Hor\u00e1rios de aulas da Faculdade do Cerrado Piauiense.<\/p>\n\n\n\n<p><a href=\"https:\/\/fcpi.com.br\/novo\/wp-content\/uploads\/2026\/02\/QUADRO-DE-HORARIOS-DE-AULAS-DIREITO-FCP-2026.1-10-02-2026-1.pdf\">Quadro de Hor\u00e1rios de Aulas Alternadas &#8211; DIREITO &#8211; FCP &#8211; 2026-1<\/a><\/p>\n\n\n\n<p><a href=\"https:\/\/fcpi.com.br\/novo\/wp-content\/uploads\/2026\/02\/QUADRO-DE-HORARIOS-DE-AULAS-DIREITO-FCP-2026.1-10-02-2026-1.pdf\">QUADRO DE HORA\u0301RIOS DE AULAS &#8211; DIREITO &#8211; FCP &#8211; 2026.1<\/a> <\/p>\n\n\n\n<p><a href=\"https:\/\/fcpi.com.br\/novo\/wp-content\/uploads\/2025\/09\/QUADRO-DE-HORARIOS-DE-AULAS-ALTERNADOS-DIREITO-FCP-2025-2-1.pdf\">QUADRO-DE-HORARIOS-DE-AULAS-ALTERNADOS-DIREITO-FCP-2025-2<\/a><\/p>\n\n\n\n<p><a href=\"https:\/\/fcpi.com.br\/novo\/wp-content\/uploads\/2025\/09\/QUADRO-DE-HORARIOS-AULAS-REGULARES-DIREITO-FCP-2025-2-1.pdf\">QUADRO-DE-HORARIOS-AULAS-REGULARES-DIREITO-FCP-2025-2<\/a><\/p>\n\n\n\n<p><a href=\"https:\/\/fcpi.com.br\/novo\/wp-content\/uploads\/2025\/08\/QUADRO-OFERTA-DE-DISCIPLINA.pdf\">Quadro de Oferta de Disciplina 2025.2<\/a><\/p>\n\n\n\n<p><a href=\"https:\/\/fcpi.com.br\/portal\/wp-content\/uploads\/2025\/03\/Quadro-de-Horarios-Alternados-2025-1-DIREITO-FCP.pdf\">Quadro De Hor\u00e1rios Alternados 2025 1 DIREITO FCP<\/a><\/p>\n\n\n\n<p><a href=\"https:\/\/fcpi.com.br\/portal\/wp-content\/uploads\/2025\/03\/HORARIO-DE-AULA-FCP-2025.1.pdf\">HORARIO-DE-AULA-FCP-2025.1<\/a><\/p>\n\n\n\n<p><a href=\"https:\/\/fcpi.com.br\/portal\/wp-content\/uploads\/2024\/08\/Quadro-de-Horarios-Alternados-DIREITO-FCP-2024-2-08-08-2024.pdf\">Quadro-de-Horarios-Alternados-DIREITO-FCP-2024-2-08-08-2024<\/a><\/p>\n\n\n\n<p><a href=\"https:\/\/fcpi.com.br\/portal\/wp-content\/uploads\/2024\/08\/HORARIOS-DE-AULAS-DIREITO-FCP-2024-2-08-08-2024.pdf\" target=\"_blank\" rel=\"noreferrer noopener\">HORARIOS-DE-AULAS-DIREITO-FCP-2024-2-08-08-2024<\/a><\/p>\n\n\n\n<p><a href=\"https:\/\/fcpi.com.br\/portal\/wp-content\/uploads\/2024\/03\/HORARIOS-ALTERNADOS-DISCIPLINAS-DIREITO-FCP-2024-1-11-03-2024-Assinado.pdf\">HOR\u00c1RIOS ALTERNADOS &#8211; DISCIPLINAS &#8211; DIREITO &#8211; FCP &#8211; 2024-1<\/a><br><a href=\"https:\/\/fcpi.com.br\/portal\/wp-content\/uploads\/2024\/03\/HORARIOS-REGULARES-DISCIPLINAS-DIREITO-FCP-2024-1-11-03-2024-Assinado.pdf\">HOR\u00c1RIOS REGULARES &#8211; DISCIPLINAS &#8211; DIREITO &#8211; FCP &#8211; 2024-1 (11-03-2024)<\/a><br><a href=\"https:\/\/fcpi.com.br\/portal\/wp-content\/uploads\/2024\/02\/Quadro-de-Horarios-Alternados-DIREITO-FCP-2024-1-06-02-2024-Assinado.pdf\">Quadro-de-Horarios-Alternados-DIREITO-FCP-2024-1<\/a><\/p>\n\n\n\n<p><a href=\"https:\/\/fcpi.com.br\/portal\/wp-content\/uploads\/2024\/02\/QUADRO-DE-HORARIOS-AULAS-DIREITO-FCP-2024-1-06-02-2024-Assinado.pdf\">HORARIOS-DISCIPLINAS-DIREITO-FCP-2024-1<\/a><\/p>\n\n\n\n<p><a href=\"https:\/\/fcpi.com.br\/portal\/wp-content\/uploads\/2023\/02\/PORTARIA-CD-No-001-da-FCP-DEPENDENCIAS-DIREITO-FCP-2022-3-1.pdf\">PORTARIA CD N\u00ba 001 da FCP &#8211; DEPEND\u00caNCIAS &#8211; DIREITO<\/a><br><a href=\"https:\/\/fcpi.com.br\/portal\/wp-content\/uploads\/2023\/02\/Quadro-de-Horarios-Alternados-2023-1-DIREITO-FCP.pdf\">Quadro de Hor\u00e1rios Alternados &#8211; Direito 2023<\/a><\/p>\n\n\n\n<p><a href=\"https:\/\/fcpi.com.br\/portal\/wp-content\/uploads\/2023\/02\/Quadro-de-Horarios-Regulares-2023-1-DIREITO-FCP.pdf\">Quadro de Hor\u00e1rios Regulares &#8211; 2023-1 &#8211; DIREITO &#8211; FCP<\/a><\/p>\n\n\n\n<p><a href=\"https:\/\/fcpi.com.br\/portal\/wp-content\/uploads\/2022\/09\/QUADRO-DE-HORARIO-REGULAR-2022-2-DIREITO-FCP.pdf\" target=\"_blank\" rel=\"noopener\">QUADRO DE HOR\u00c1RIO REGULAR &#8211; 2022-2 &#8211; DIREITO &#8211; FCP<\/a><\/p>\n\n\n\n<p><a href=\"https:\/\/fcpi.com.br\/portal\/wp-content\/uploads\/2022\/09\/QUADRO-DE-HORARIO-ALTERNADOS-2022-2-DIREITO-FCP.pdf\" target=\"_blank\" rel=\"noopener\">QUADRO DE HOR\u00c1RIO ALTERNADOS &#8211; 2022-2 &#8211; DIREITO &#8211; FCP<\/a><\/p>\n\n\n\n<p><a href=\"https:\/\/fcpi.com.br\/portal\/wp-content\/uploads\/2022\/08\/QUADRO-DE-HORARIO-REGULAR-2022-2-DIREITO-FCP.pdf\" target=\"_blank\" rel=\"noopener\">QUADRO DE HOR\u00c1RIO REGULAR &#8211; 2022-2 &#8211; DIREITO &#8211; FCP<\/a><\/p>\n\n\n\n<p><a href=\"https:\/\/fcpi.com.br\/portal\/wp-content\/uploads\/2022\/08\/QUADRO-DE-HORARIO-ALTERNADOS-2022-2-DIREITO-FCP.pdf\" target=\"_blank\" rel=\"noopener\">QUADRO DE HOR\u00c1RIO ALTERNADOS &#8211; 2022-2 &#8211; DIREITO &#8211; FCP<\/a><\/p>\n\n\n\n<p><a href=\"https:\/\/fcpi.com.br\/portal\/wp-content\/uploads\/2022\/03\/OFERTA-DE-DISCIPLINAS-PARA-2022-1-DIR...P-VERSAO-04.pdf\" target=\"_blank\" rel=\"noopener\">OFERTA DE DISCIPLINAS PARA 2022-1 &#8211; DIR&#8230;P &#8211; VERSAO 04<\/a><\/p>\n\n\n\n<p><a href=\"https:\/\/fcpi.com.br\/portal\/wp-content\/uploads\/2022\/03\/HORARIO-DISCIPLINAS-ALTERNADAS-DI...-2022-1-REV01-REV01.pdf\" target=\"_blank\" rel=\"noopener\">HOR\u00c1RIO &#8211; DISCIPLINAS &#8211; ALTERNADAS &#8211; DI&#8230; 2022-1-REV01-REV01<\/a><\/p>\n\n\n\n<p><a href=\"https:\/\/fcpi.com.br\/portal\/wp-content\/uploads\/2022\/02\/HORARIOS-DAS-DISCIPLINAS-PARA-2022-1-DIR...P-VERSAO-02.pdf\" target=\"_blank\" rel=\"noopener\">HOR\u00c1RIOS DAS DISCIPLINAS PARA 2022-1 &#8211; DIR&#8230;P &#8211; VERSAO 02<\/a><\/p>\n\n\n\n<p><a href=\"https:\/\/fcpi.com.br\/portal\/wp-content\/uploads\/2021\/10\/HORARIOS-DAS-DISCIPLINAS-PARA-2021-2-DIREITO-FCP-REV05.pdf\" target=\"_blank\" rel=\"noopener noreferrer\">HOR\u00c1RIOS DAS DISCIPLINAS PARA 2021-2 &#8211; DIREITO &#8211; FCP &#8211; REV05<\/a><\/p>\n\n\n\n<p><a href=\"https:\/\/fcpi.com.br\/portal\/wp-content\/uploads\/2021\/08\/HORARIO-DISCIPLINAS-ALTERNADAS-DIREITO-FCP-2021-2.pdf\" target=\"_blank\" rel=\"noopener noreferrer\">HOR\u00c1RIO &#8211; DISCIPLINAS &#8211; ALTERNADAS &#8211; DIREITO &#8211; FCP &#8211; 2021-2<\/a><\/p>\n\n\n\n<p><a href=\"https:\/\/fcpi.com.br\/portal\/wp-content\/uploads\/2021\/08\/HORARIOS-DAS-DISCIPLINAS-PARA-2021-2-DIREITO-FCP-REV03.pdf\" target=\"_blank\" rel=\"noopener noreferrer\">HOR\u00c1RIOS DAS DISCIPLINAS PARA 2021-2 &#8211; DIREITO &#8211; FCP -REV03<\/a><\/p>\n\n\n\n<p><a href=\"https:\/\/fcpi.com.br\/portal\/wp-content\/uploads\/2021\/03\/HORARIO-DISCIPLINAS-2021-1-DIREITO-FCP-Rev-10.pdf\" target=\"_blank\" rel=\"noopener noreferrer\">HOR\u00c1RIO &#8211; DISCIPLINAS &#8211; 2021-1 &#8211; DIREITO &#8211; FCP &#8211; Rev 10<\/a><\/p>\n\n\n\n<p><a href=\"https:\/\/fcpi.com.br\/portal\/wp-content\/uploads\/2021\/03\/HORARIO-DISCIPLINAS-ALTERNADAS-DIREITO-FCP-2021-1-REV-02.pdf\" target=\"_blank\" rel=\"noopener noreferrer\">HOR\u00c1RIO &#8211; DISCIPLINAS &#8211; ALTERNADAS &#8211; DIREITO &#8211; FCP &#8211; 2021-1 REV-02<\/a><\/p>\n\n\n\n<p><a href=\"https:\/\/fcpi.com.br\/portal\/wp-content\/uploads\/2020\/08\/HOR\u00c1RIO-DISCIPLINAS-2020-2-DIREITO-FCP-02-Mural.pdf\" target=\"_blank\" rel=\"noopener noreferrer\">HOR\u00c1RIO (Por turma) &#8211; 2020-2 &#8211; DIREITO &#8211; FCP &#8211; 02<\/a><\/p>\n\n\n\n<p><a href=\"https:\/\/fcpi.com.br\/portal\/wp-content\/uploads\/2020\/08\/HOR\u00c1RIO-DISCIPLINAS-ALTERNADAS-DIREITO-FCP-2020-2.pdf\" target=\"_blank\" rel=\"noopener noreferrer\">HOR\u00c1RIO &#8211; DISCIPLINAS &#8211; ALTERNADAS &#8211; DIREITO &#8211; FCP &#8211; 2020-2<\/a><\/p>\n","protected":false},"excerpt":{"rendered":"<p>Espa\u00e7o para publica\u00e7\u00e3o dos Hor\u00e1rios de aulas da Faculdade do Cerrado Piauiense. Quadro de Hor\u00e1rios de Aulas Alternadas &#8211; DIREITO &#8211; FCP &#8211; 2026-1 QUADRO DE HORA\u0301RIOS DE AULAS &#8211; DIREITO &#8211; FCP &#8211; 2026.1 QUADRO-DE-HORARIOS-DE-AULAS-ALTERNADOS-DIREITO-FCP-2025-2 QUADRO-DE-HORARIOS-AULAS-REGULARES-DIREITO-FCP-2025-2 Quadro de Oferta de Disciplina 2025.2 Quadro De Hor\u00e1rios Alternados 2025 1 DIREITO FCP HORARIO-DE-AULA-FCP-2025.1 Quadro-de-Horarios-Alternados-DIREITO-FCP-2024-2-08-08-2024 HORARIOS-DE-AULAS-DIREITO-FCP-2024-2-08-08-2024 HOR\u00c1RIOS [&hellip;]<\/p>\n","protected":false},"author":2,"featured_media":0,"parent":0,"menu_order":0,"comment_status":"closed","ping_status":"closed","template":"","meta":{"footnotes":""},"class_list":["post-1310","page","type-page","status-publish","hentry"],"_links":{"self":[{"href":"https:\/\/fcpi.com.br\/novo\/wp-json\/wp\/v2\/pages\/1310","targetHints":{"allow":["GET"]}}],"collection":[{"href":"https:\/\/fcpi.com.br\/novo\/wp-json\/wp\/v2\/pages"}],"about":[{"href":"https:\/\/fcpi.com.br\/novo\/wp-json\/wp\/v2\/types\/page"}],"author":[{"embeddable":true,"href":"https:\/\/fcpi.com.br\/novo\/wp-json\/wp\/v2\/users\/2"}],"replies":[{"embeddable":true,"href":"https:\/\/fcpi.com.br\/novo\/wp-json\/wp\/v2\/comments?post=1310"}],"version-history":[{"count":30,"href":"https:\/\/fcpi.com.br\/novo\/wp-json\/wp\/v2\/pages\/1310\/revisions"}],"predecessor-version":[{"id":3304,"href":"https:\/\/fcpi.com.br\/novo\/wp-json\/wp\/v2\/pages\/1310\/revisions\/3304"}],"wp:attachment":[{"href":"https:\/\/fcpi.com.br\/novo\/wp-json\/wp\/v2\/media?parent=1310"}],"curies":[{"name":"wp","href":"https:\/\/api.w.org\/{rel}","templated":true}]}}