{"id":2138,"date":"2022-03-06T12:23:23","date_gmt":"2022-03-06T15:23:23","guid":{"rendered":"https:\/\/fcpi.com.br\/portal\/?page_id=2138"},"modified":"2023-03-31T06:14:23","modified_gmt":"2023-03-31T09:14:23","slug":"regimentos","status":"publish","type":"page","link":"https:\/\/fcpi.com.br\/novo\/regimentos\/","title":{"rendered":"Regimentos"},"content":{"rendered":"\n<p>Espa\u00e7o para publica\u00e7\u00e3o dos regimentos da Faculdade do Cerrado Piauiense.<\/p>\n\n\n\n<p><a href=\"https:\/\/fcpi.com.br\/portal\/wp-content\/uploads\/2023\/03\/REGIMENTO-GERAL-FCP-Resolucao-CONSU-FCP-N.o-003-2023-de-28-03-2023-Assinado.pdf\" target=\"_blank\" rel=\"noreferrer noopener\">REGIMENTO GERAL &#8211; FCP (Resolu\u00e7\u00e3o-CONSU-FCP N.\u00ba 003-2023<\/a><\/p>\n\n\n\n<p><a href=\"https:\/\/fcpi.com.br\/portal\/wp-content\/uploads\/2022\/03\/REGIMENTO-GERAL-FCP-II-1.pdf\" target=\"_blank\" rel=\"noopener\">REGIMENTO GERAL &#8211; FCP II<\/a><\/p>\n\n\n\n<p><a href=\"https:\/\/fcpi.com.br\/portal\/wp-content\/uploads\/2022\/03\/REGIMENTO-INTERNO-FCP.pdf\" target=\"_blank\" rel=\"noopener\">REGIMENTO INTERNO &#8211; FCP<\/a><\/p>\n","protected":false},"excerpt":{"rendered":"<p>Espa\u00e7o para publica\u00e7\u00e3o dos regimentos da Faculdade do Cerrado Piauiense. REGIMENTO GERAL &#8211; FCP (Resolu\u00e7\u00e3o-CONSU-FCP N.\u00ba 003-2023 REGIMENTO GERAL &#8211; FCP II REGIMENTO INTERNO &#8211; FCP<\/p>\n","protected":false},"author":2,"featured_media":0,"parent":0,"menu_order":0,"comment_status":"closed","ping_status":"closed","template":"","meta":{"footnotes":""},"class_list":["post-2138","page","type-page","status-publish","hentry"],"_links":{"self":[{"href":"https:\/\/fcpi.com.br\/novo\/wp-json\/wp\/v2\/pages\/2138","targetHints":{"allow":["GET"]}}],"collection":[{"href":"https:\/\/fcpi.com.br\/novo\/wp-json\/wp\/v2\/pages"}],"about":[{"href":"https:\/\/fcpi.com.br\/novo\/wp-json\/wp\/v2\/types\/page"}],"author":[{"embeddable":true,"href":"https:\/\/fcpi.com.br\/novo\/wp-json\/wp\/v2\/users\/2"}],"replies":[{"embeddable":true,"href":"https:\/\/fcpi.com.br\/novo\/wp-json\/wp\/v2\/comments?post=2138"}],"version-history":[{"count":5,"href":"https:\/\/fcpi.com.br\/novo\/wp-json\/wp\/v2\/pages\/2138\/revisions"}],"predecessor-version":[{"id":2678,"href":"https:\/\/fcpi.com.br\/novo\/wp-json\/wp\/v2\/pages\/2138\/revisions\/2678"}],"wp:attachment":[{"href":"https:\/\/fcpi.com.br\/novo\/wp-json\/wp\/v2\/media?parent=2138"}],"curies":[{"name":"wp","href":"https:\/\/api.w.org\/{rel}","templated":true}]}}