{"id":693,"date":"2019-03-04T20:38:36","date_gmt":"2019-03-04T23:38:36","guid":{"rendered":"https:\/\/unifsa.com.br\/site\/?page_id=693"},"modified":"2023-03-30T10:58:11","modified_gmt":"2023-03-30T13:58:11","slug":"localizacao","status":"publish","type":"page","link":"https:\/\/fcpi.com.br\/novo\/localizacao\/","title":{"rendered":"Localiza\u00e7\u00e3o"},"content":{"rendered":"\t\t<div data-elementor-type=\"wp-page\" data-elementor-id=\"693\" class=\"elementor elementor-693\" data-elementor-post-type=\"page\">\n\t\t\t\t<div class=\"elementor-element elementor-element-a65a5dc e-flex e-con-boxed e-con e-parent\" data-id=\"a65a5dc\" data-element_type=\"container\" data-e-type=\"container\">\n\t\t\t\t\t<div class=\"e-con-inner\">\n\t\t\t\t<div class=\"elementor-element elementor-element-86c84d4 elementor-widget elementor-widget-google_maps\" data-id=\"86c84d4\" data-element_type=\"widget\" data-e-type=\"widget\" data-widget_type=\"google_maps.default\">\n\t\t\t\t<div class=\"elementor-widget-container\">\n\t\t\t\t\t\t\t<div class=\"elementor-custom-embed\">\n\t\t\t<iframe loading=\"lazy\"\n\t\t\t\t\tsrc=\"https:\/\/maps.google.com\/maps?q=Faculdade%20do%20Cerrado%20Piauiense&#038;t=m&#038;z=18&#038;output=embed&#038;iwloc=near\"\n\t\t\t\t\ttitle=\"Faculdade do Cerrado Piauiense\"\n\t\t\t\t\taria-label=\"Faculdade do Cerrado Piauiense\"\n\t\t\t><\/iframe>\n\t\t<\/div>\n\t\t\t\t\t\t<\/div>\n\t\t\t\t<\/div>\n\t\t\t\t\t<\/div>\n\t\t\t\t<\/div>\n\t\t<div class=\"elementor-element elementor-element-372f31c e-flex e-con-boxed e-con e-parent\" data-id=\"372f31c\" data-element_type=\"container\" data-e-type=\"container\">\n\t\t\t\t\t<div class=\"e-con-inner\">\n\t\t\t\t<div class=\"elementor-element elementor-element-744c547 elementor-widget elementor-widget-text-editor\" data-id=\"744c547\" data-element_type=\"widget\" data-e-type=\"widget\" data-widget_type=\"text-editor.default\">\n\t\t\t\t<div class=\"elementor-widget-container\">\n\t\t\t\t\t\t\t\t\t\n<p><strong>A CIDADE DE CORRENTE<\/strong><\/p>\n\n\n\n<p>Corrente, distante 874 km da capital do Estado (Teresina), \u00e9 o munic\u00edpio p\u00f3lo de sua microrregi\u00e3o e a maior cidade das cinco microrregi\u00f5es do sul do Piau\u00ed. Possue um grande contato com a popula\u00e7\u00e3o baiana que vive nas cidades pr\u00f3ximas e as que fazem divisa com o munic\u00edpio. ( Formosa e Santa Rita da Bahia).<\/p>\n\n\n\n<p>As cinco microrregi\u00f5es do Extremo Sul do Piau\u00ed possuem 380.916 habitantes (IBGE-2000), sendo 39.927 habitantes de popula\u00e7\u00e3o escolariz\u00e1vel no Ensino M\u00e9dio, entre 15 a 19 anos. Nessa regi\u00e3o, existem 28 Escolas de Ensino M\u00e9dio, sendo 11 de rede estadual de ensino, 14 particulares e tr\u00eas municipais.<\/p>\n\n\n\n<p>Micro-regi\u00e3o: Chapada do Extremo Sul Piauiense<br>Popula\u00e7\u00e3o: 24.518 hab. (IBGE \/ 2007)<br>Limites: \u2013 Norte: Riacho Frio \/ S\u00e3o Gon\u00e7ao do Gurgu\u00e9ia&nbsp; Sul : Cristal\u00e2ndia \/ Estado da Bahia \/ Sebasti\u00e3o Barros&nbsp; Leste : Parnagu\u00e1 \/ Sebasti\u00e3o Barros \/ Riacho Frio&nbsp; Oeste: estado da Bahia<br>Clima: Temperatura M\u00e9dia: 25\u00b0C<br>Economia: Expressiva tradi\u00e7\u00e3o pecu\u00e1ria, com forte presen\u00e7a da ra\u00e7a zebu\u00edna Nelore. A microrregi\u00e3o de Corrente e seus munic\u00edpios vizinhos constituem o maior polo pecu\u00e1rio do Piau\u00ed, com destacados criadores da ra\u00e7a Nelore.<br>Eventos: Julho \/ Exposi\u00e7\u00e3o Agropecu\u00e1ria \u2013 08 Dezembro \/ Padroeira Nossa Senhora da Concei\u00e7\u00e3o<\/p>\n\n\n\n<p><strong>Um pouco da Hist\u00f3ria da cidade<\/strong><\/p>\n\n\n\n<p>No in\u00edcio do s\u00e9culo passado, a organiza\u00e7\u00e3o da Igreja Batista, em 1904, e logo depois do Instituto Batista Correntino, em 1920, impulsionou o desenvolvimento socio-educacional-cultural da regi\u00e3o. A disputa pela hegemonia entre os Protestantes Batistas e a Igreja Cat\u00f3lica proporcionou \u00e0 popula\u00e7\u00e3o da regi\u00e3o acesso a escolas confessionais (al\u00e9m das escolas p\u00fablicas estaduais), com conseq\u00fcente melhora dos \u00edndices de alfabetiza\u00e7\u00e3o e desenvolvimento cultural. Al\u00e9m disso, a grande troca de experi\u00eancias culturais entre os mission\u00e1rios protestantes americanos e o povo local gestou uma cultura pr\u00f3pria no sul, rica e diversificada em muitos aspectos sociol\u00f3gicos. Ainda que predomine a tradi\u00e7\u00e3o ib\u00e9rica, patriarcal e patrimonialista nordestina, h\u00e1 tra\u00e7os de influ\u00eancias de outras culturas (notadamente a americana), com suas pr\u00e1ticas, costumes, ritos e c\u00f3digos.<\/p>\n\t\t\t\t\t\t\t\t<\/div>\n\t\t\t\t<\/div>\n\t\t\t\t\t<\/div>\n\t\t\t\t<\/div>\n\t\t\t\t<\/div>\n\t\t","protected":false},"excerpt":{"rendered":"<p>A CIDADE DE CORRENTE Corrente, distante 874 km da capital do Estado (Teresina), \u00e9 o munic\u00edpio p\u00f3lo de sua microrregi\u00e3o e a maior cidade das cinco microrregi\u00f5es do sul do Piau\u00ed. Possue um grande contato com a popula\u00e7\u00e3o baiana que vive nas cidades pr\u00f3ximas e as que fazem divisa com o munic\u00edpio. ( Formosa e [&hellip;]<\/p>\n","protected":false},"author":2,"featured_media":0,"parent":0,"menu_order":0,"comment_status":"closed","ping_status":"closed","template":"","meta":{"footnotes":""},"class_list":["post-693","page","type-page","status-publish","hentry"],"_links":{"self":[{"href":"https:\/\/fcpi.com.br\/novo\/wp-json\/wp\/v2\/pages\/693","targetHints":{"allow":["GET"]}}],"collection":[{"href":"https:\/\/fcpi.com.br\/novo\/wp-json\/wp\/v2\/pages"}],"about":[{"href":"https:\/\/fcpi.com.br\/novo\/wp-json\/wp\/v2\/types\/page"}],"author":[{"embeddable":true,"href":"https:\/\/fcpi.com.br\/novo\/wp-json\/wp\/v2\/users\/2"}],"replies":[{"embeddable":true,"href":"https:\/\/fcpi.com.br\/novo\/wp-json\/wp\/v2\/comments?post=693"}],"version-history":[{"count":9,"href":"https:\/\/fcpi.com.br\/novo\/wp-json\/wp\/v2\/pages\/693\/revisions"}],"predecessor-version":[{"id":2653,"href":"https:\/\/fcpi.com.br\/novo\/wp-json\/wp\/v2\/pages\/693\/revisions\/2653"}],"wp:attachment":[{"href":"https:\/\/fcpi.com.br\/novo\/wp-json\/wp\/v2\/media?parent=693"}],"curies":[{"name":"wp","href":"https:\/\/api.w.org\/{rel}","templated":true}]}}