{"id":695,"date":"2019-03-04T20:39:17","date_gmt":"2019-03-04T23:39:17","guid":{"rendered":"https:\/\/unifsa.com.br\/site\/?page_id=695"},"modified":"2025-08-12T22:56:35","modified_gmt":"2025-08-13T01:56:35","slug":"administracao","status":"publish","type":"page","link":"https:\/\/fcpi.com.br\/novo\/administracao\/","title":{"rendered":"Administra\u00e7\u00e3o"},"content":{"rendered":"\n<p>Poliana Oliveira Nunes<br><strong>Diretora Geral<\/strong><\/p>\n\n\n\n<p>Cristiano Roberto Brasileiro da Silva Passos<br><strong>Diretor Acad\u00eamico<\/strong><\/p>\n\n\n\n<p>Viviane de Oliveira Nunes<br><strong>Secretaria Acad\u00eamica<\/strong><\/p>\n\n\n\n<p>Ant\u00f4nio Carlos do \u00d3 de Souza<br><strong>Presidente da Comiss\u00e3o Pr\u00f3pria de Avalia\u00e7\u00e3o \u2013 CPA<\/strong><\/p>\n\n\n\n<p>Carmen Passos Cust\u00f3dio<br><strong>Coordenador do N\u00facleo de P\u00f3s-Gradua\u00e7\u00e3o, Pesquisa e Extens\u00e3o<\/strong><\/p>\n\n\n\n<p>\u00c1lvaro Rapha Lemos Guerra<br><strong>Coordenador do Curso de Bacharelado em Direito<\/strong><\/p>\n\n\n\n<p>Ant\u00f4nio Carlos do \u00d3 de Souza<br><strong>Coordenador-Adjunto do Curso de Bacharelado em Direito<\/strong><\/p>\n\n\n\n<p>Cristiano Roberto Brasileiro da Silva Passos<br><strong>Coordenador do N\u00facleo de Pr\u00e1tica Jur\u00eddica<\/strong><\/p>\n\n\n\n<p><strong>MISS\u00c3O DA FCP<\/strong><\/p>\n\n\n\n<p>Promover uma forma\u00e7\u00e3o integral ao homem, contemplando as compet\u00eancias t\u00e9cnica, pol\u00edtica e humana na sociedade contempor\u00e2nea.<\/p>\n\n\n\n<p><strong>VIS\u00c3O DA FCP<\/strong><\/p>\n\n\n\n<p>Ser um centro de excel\u00eancia do saber e da pesquisa na sociedade do conhecimento.<\/p>\n\n\n\n<p><strong>OBJETIVOS GERAIS DA FCP<\/strong><\/p>\n\n\n\n<p>\u00b7Estimular a cria\u00e7\u00e3o cultural e o desenvolvimento do esp\u00edrito cient\u00edfico e reflexivo do aluno;<\/p>\n\n\n\n<p>\u00b7Realizar pesquisas e atividades criadoras;<\/p>\n\n\n\n<p>\u00b7Promover o ensino e a extens\u00e3o \u00e0 comunidade mediante cursos e servi\u00e7os;<\/p>\n\n\n\n<p>\u00b7Proporcionar interc\u00e2mbio e coopera\u00e7\u00e3o com institui\u00e7\u00f5es de ensino dos diversos graus, tendo em vista o desenvolvimento da Educa\u00e7\u00e3o, da Cultura, das Artes, das Ci\u00eancias e da Tecnologia;<\/p>\n\n\n\n<p>\u00b7Participar do desenvolvimento s\u00f3cio-econ\u00f4mico do pa\u00eds e, em particular da microrregi\u00e3o de Corrente, como organismo de consulta, assessoramento e presta\u00e7\u00e3o de servi\u00e7os em assuntos relativos aos diversos campos do saber.<\/p>\n\n\n\n<p><strong>IMPORT\u00c2NCIA DE UMA IES NA REGI\u00c3O<\/strong><\/p>\n\n\n\n<p>As Institui\u00e7\u00f5es de Ensino Superior \u2013 IES \u2013 desempenham um importante papel na sociedade, pois s\u00e3o os centros de produ\u00e7\u00e3o do saber e o espa\u00e7o de forma\u00e7\u00e3o dos profissionais necess\u00e1rios ao aperfei\u00e7oamento das atividades sociais. Desta forma, as IES sempre formaram o contexto ideal para o surgimento de novas id\u00e9ias e comportamentos acad\u00eamicos, filos\u00f3ficos, culturais e profissionais. Para tanto, \u00e9 necess\u00e1rio que as IES estejam abertas e sintonizadas \u00e0s demandas e anseios da sociedade, que estejam de fato inseridas na realidade social que a cercam, cumprindo assim, seu papel social de promotoras do desenvolvimento e do saber.<\/p>\n\n\n\n<p>\u00c9 preciso tamb\u00e9m satisfazer e atender as expectativas do corpo docente, discente e t\u00e9cnico-administrativo, criando uma comunidade coesa e ciente de seus objetivos, preparada para enfrentar as dificuldades, redefinir e atualizar seu projeto.<\/p>\n\n\n\n<p><strong>MANTENEDORA<\/strong><\/p>\n\n\n\n<p>A Faculdade do Cerrado Piauiense \u2013 FCP \u2013 mantida pela Sociedade de Ensino Superior do Sul do Piau\u00ed \u2013 SESSPI \u2013 \u00e9 um estabelecimento particular de ensino, situado \u00e0 Avenida Desembargador Amaral, n\u00ba 1835, bairro Centro, na cidade de Corrente, no Sul do Estado do Piau\u00ed.<\/p>\n","protected":false},"excerpt":{"rendered":"<p>Poliana Oliveira NunesDiretora Geral Cristiano Roberto Brasileiro da Silva PassosDiretor Acad\u00eamico Viviane de Oliveira NunesSecretaria Acad\u00eamica Ant\u00f4nio Carlos do \u00d3 de SouzaPresidente da Comiss\u00e3o Pr\u00f3pria de Avalia\u00e7\u00e3o \u2013 CPA Carmen Passos Cust\u00f3dioCoordenador do N\u00facleo de P\u00f3s-Gradua\u00e7\u00e3o, Pesquisa e Extens\u00e3o \u00c1lvaro Rapha Lemos GuerraCoordenador do Curso de Bacharelado em Direito Ant\u00f4nio Carlos do \u00d3 de SouzaCoordenador-Adjunto [&hellip;]<\/p>\n","protected":false},"author":2,"featured_media":0,"parent":0,"menu_order":0,"comment_status":"closed","ping_status":"closed","template":"","meta":{"footnotes":""},"class_list":["post-695","page","type-page","status-publish","hentry"],"_links":{"self":[{"href":"https:\/\/fcpi.com.br\/novo\/wp-json\/wp\/v2\/pages\/695","targetHints":{"allow":["GET"]}}],"collection":[{"href":"https:\/\/fcpi.com.br\/novo\/wp-json\/wp\/v2\/pages"}],"about":[{"href":"https:\/\/fcpi.com.br\/novo\/wp-json\/wp\/v2\/types\/page"}],"author":[{"embeddable":true,"href":"https:\/\/fcpi.com.br\/novo\/wp-json\/wp\/v2\/users\/2"}],"replies":[{"embeddable":true,"href":"https:\/\/fcpi.com.br\/novo\/wp-json\/wp\/v2\/comments?post=695"}],"version-history":[{"count":16,"href":"https:\/\/fcpi.com.br\/novo\/wp-json\/wp\/v2\/pages\/695\/revisions"}],"predecessor-version":[{"id":3204,"href":"https:\/\/fcpi.com.br\/novo\/wp-json\/wp\/v2\/pages\/695\/revisions\/3204"}],"wp:attachment":[{"href":"https:\/\/fcpi.com.br\/novo\/wp-json\/wp\/v2\/media?parent=695"}],"curies":[{"name":"wp","href":"https:\/\/api.w.org\/{rel}","templated":true}]}}