{"id":700,"date":"2019-03-04T20:41:38","date_gmt":"2019-03-04T23:41:38","guid":{"rendered":"https:\/\/unifsa.com.br\/site\/?page_id=700"},"modified":"2023-03-30T00:52:25","modified_gmt":"2023-03-30T03:52:25","slug":"cpa-comissao-propria-de-avaliacao","status":"publish","type":"page","link":"https:\/\/fcpi.com.br\/novo\/cpa-comissao-propria-de-avaliacao\/","title":{"rendered":"Comiss\u00e3o Pr\u00f3pria de Avalia\u00e7\u00e3o &#8211; CPA"},"content":{"rendered":"<p>[vc_row][vc_column][vc_column_text]O QUE \u00c9 A CPA?<\/p>\n<p style=\"text-align: justify;\">A Faculdade do Cerrado Piauiense- FCP acredita que uma sistem\u00e1tica de avalia\u00e7\u00e3o interna deve ser entendida como um mecanismo que propicie e disponibilize informa\u00e7\u00f5es para melhorar o seu desempenho acad\u00eamico, garantindo a efici\u00eancia administrativa e, por esse caminho, ajudando na manuten\u00e7\u00e3o da faculdade,nesse contexto, a avalia\u00e7\u00e3o insere-se num campo mais amplo do que o de um trabalho isolado junto aos segmentos que sustentam a institui\u00e7\u00e3o (docentes, alunos e t\u00e9cnicos), bem como junto ao seu entorno.<\/p>\n<p style=\"text-align: justify;\">A FCP, institui\u00e7\u00e3o integrante da rede de educa\u00e7\u00e3o superior, adotou no ano de 2006 os instrumentos do Sistema Nacional de Avalia\u00e7\u00e3o da Educa\u00e7\u00e3o Superior \u2013 SINAES, institu\u00eddo pela Lei no. 10.861, de 14 de abril de 2004, e regulamentado pela Portaria n\u00b0. 2.051, de 9 de julho de 2004.<\/p>\n<p style=\"text-align: justify;\">Esse sistema foi constru\u00eddo com a finalidade de analisar, oferecer subs\u00eddios, fazer recomenda\u00e7\u00f5es, propor crit\u00e9rios e estrat\u00e9gias para a reformula\u00e7\u00e3o de processos e pol\u00edticas de avalia\u00e7\u00e3o da Educa\u00e7\u00e3o Superior e elaborar a revis\u00e3o cr\u00edtica dos seus instrumentos, metodologias e crit\u00e9rios utilizados, abrangendo todas as institui\u00e7\u00f5es de educa\u00e7\u00e3o superior (IES).<\/p>\n<p style=\"text-align: justify;\">O SINAES engloba tr\u00eas processos diferenciados de avalia\u00e7\u00e3o, a saber:<\/p>\n<p style=\"text-align: justify;\">\u2013 Avalia\u00e7\u00e3o das Institui\u00e7\u00f5es de Educa\u00e7\u00e3o Superior (AVALIES);<\/p>\n<p style=\"text-align: justify;\">\u2013 Avalia\u00e7\u00e3o dos Cursos de Gradua\u00e7\u00e3o (ACG);<\/p>\n<p style=\"text-align: justify;\">\u2013 Avalia\u00e7\u00e3o do Desempenho dos Estudantes (ENADE).<\/p>\n<p style=\"text-align: justify;\">Como parte de um mesmo sistema de avalia\u00e7\u00e3o, cada um desses processos ser\u00e1 desenvolvido em situa\u00e7\u00f5es e momentos distintos, fazendo uso de instrumentos pr\u00f3prios, articulados entre si. Eles abordar\u00e3o dimens\u00f5es e indicadores espec\u00edficos, com o objetivo de identificar as potencialidades e insufici\u00eancias dos cursos e institui\u00e7\u00f5es, promovendo a melhoria da sua qualidade e relev\u00e2ncia \u2013 e, por conseq\u00fc\u00eancia, da forma\u00e7\u00e3o dos estudantes \u2013 e, ainda, fornecendo \u00e0 sociedade informa\u00e7\u00f5es sobre a educa\u00e7\u00e3o superior no pa\u00eds.<\/p>\n<p style=\"text-align: justify;\">Para desenvolver a auto-avalia\u00e7\u00e3o na FCP foi institu\u00edda a Comiss\u00e3o Pr\u00f3pria de Avalia\u00e7\u00e3o-CPA, conforme diretrizes do SINAES a auto-avalia\u00e7\u00e3o constitui um componente central que confere estrutura e coer\u00eancia ao processo avaliativo que se desenvolve na FCP, integrando todos os demais componentes da avalia\u00e7\u00e3o institucional, entendendo-se auto-avalia\u00e7\u00e3o como um processo c\u00edclico, criativo e renovador de an\u00e1lise e s\u00edntese das dimens\u00f5es que definem a Institui\u00e7\u00e3o. O seu car\u00e1ter diagn\u00f3stico e formativo de autoconhecimento deve permitir a rean\u00e1lise das prioridades estabelecidas no Projeto Pol\u00edtico Institucional e o engajamento da comunidade acad\u00eamica na constru\u00e7\u00e3o de novas alternativas e pr\u00e1ticas.<\/p>\n<p style=\"text-align: justify;\">ATRIBUI\u00c7\u00d5ES\u00a0 DA CPA-FCP<\/p>\n<p style=\"text-align: justify;\">I &#8211; Coordenar os processos de auto avalia\u00e7\u00e3o institucional no in\u00edcio e final do semestre letivo tais como revis\u00e3o, atualiza\u00e7\u00e3o e aplica\u00e7\u00e3o dos instrumentai, primando pela participa\u00e7\u00e3o de toda a comunidade acad\u00eamica;<\/p>\n<p style=\"text-align: justify;\">II &#8211; Analisar os resultados\u00a0 dos processos de autoavalia\u00e7\u00e3o institucional, apontando suas fragilidades e potencialidades;<\/p>\n<p style=\"text-align: justify;\">III &#8211; Divulgar a an\u00e1lise dos resultados dos processos de autoavalia\u00e7\u00e3o institucional e da avalia\u00e7\u00e3o externa para a comunidade acad\u00eamica;<\/p>\n<p style=\"text-align: justify;\">IV &#8211; Elaborar anualmente o relat\u00f3rio de autoavalia\u00e7\u00e3o institucional e encaminh\u00e1-lo ao diretores geral e acad\u00eamicos, para atuar na melhorias de suas fragilidades, atrav\u00e9s de planejamento e a\u00e7\u00f5es acad\u00eamicas;<\/p>\n<p style=\"text-align: justify;\">VI &#8211; Divulgar relat\u00f3rio da autoavalia\u00e7\u00e3o institucional para a comunidade acad\u00eamica;<\/p>\n<p style=\"text-align: justify;\">VII &#8211; Acompanhar\u00a0 as implanta\u00e7\u00f5es das a\u00e7\u00f5es acad\u00eamico-administrativas;<\/p>\n<p style=\"text-align: justify;\">VIII &#8211; Exercer outras atribui\u00e7\u00f5es que lhe sejam necess\u00e1rias.<\/p>\n<p style=\"text-align: justify;\">REGULAMENTO DA CPA:<\/p>\n<p style=\"text-align: justify;\">MEMBROS QUE COMP\u00d5E A CPA<\/p>\n<p style=\"text-align: justify;\">&#8211; Rita M\u00f4nica de Andrade Fonseca &#8211; Presidente<\/p>\n<p style=\"text-align: justify;\">&#8211; Viviane Nunes &#8211; Representante do Corpo Administrativo<\/p>\n<p style=\"text-align: justify;\">&#8211; H\u00e9rika Danilla &#8211; Representante da Sociedade Civil<\/p>\n<p style=\"text-align: justify;\">RESULTADO DA AUTOAVALIA\u00c7\u00c3O INSTITUCIONAL<\/p>\n<p style=\"text-align: justify;\">RELAT\u00d3RIOS DA CPA<\/p>\n<p><a href=\"https:\/\/fcpi.com.br\/portal\/wp-content\/uploads\/2020\/09\/Relat\u00f3rio-CPA-2015.pdf\" target=\"_blank\" rel=\"noopener noreferrer\">&#8211; Relat\u00f3rio CPA 2015<\/a><\/p>\n<p><a href=\"https:\/\/fcpi.com.br\/portal\/wp-content\/uploads\/2020\/09\/Relat\u00f3rio-CPA-2016.pdf\" target=\"_blank\" rel=\"noopener noreferrer\">&#8211; Relat\u00f3rio CPA 2016<\/a><\/p>\n<p><a href=\"https:\/\/fcpi.com.br\/portal\/wp-content\/uploads\/2020\/09\/Relat\u00f3rio-CPA-2017.pdf\" target=\"_blank\" rel=\"noopener noreferrer\">&#8211; Relat\u00f3rio CPA 2017<\/a><\/p>\n<p><a href=\"https:\/\/fcpi.com.br\/portal\/wp-content\/uploads\/2020\/09\/Relat\u00f3rio-CPA-2018.pdf\" target=\"_blank\" rel=\"noopener noreferrer\">&#8211; Relat\u00f3rio CPA 2018<\/a><\/p>\n<p><a href=\"https:\/\/fcpi.com.br\/portal\/wp-content\/uploads\/2020\/09\/Relat\u00f3rio-CPA-2019.pdf\" target=\"_blank\" rel=\"noopener noreferrer\">&#8211; Relat\u00f3rio CPA 2019<\/a><\/p>\n<p style=\"text-align: justify;\">AGENDA DA CPA: 2020.2<\/p>\n<p>[\/vc_column_text][\/vc_column][\/vc_row][vc_row][vc_column][vc_gallery type=&#8221;nivo&#8221; interval=&#8221;5&#8243; images=&#8221;1482,1483,1484,1485,1486,1487,1488,1489,1490,1491,1492,1493,1494,1495,1496,1497,1498,1499,1500,1501,1502,1503,1504,1505,1506,1507,1508,1509&#8243; img_size=&#8221;full&#8221; title=&#8221;COMISS\u00c3O PR\u00d3PRIA DE AVALIA\u00c7\u00c3O: qual \u00e9 mesmo o seu papel?&#8221;][\/vc_column][\/vc_row][vc_row][vc_column][vc_single_image image=&#8221;1765&#8243; img_size=&#8221;full&#8221;][\/vc_column][\/vc_row][vc_row][vc_column][vc_column_text]<\/p>\n<h1><a href=\"https:\/\/fcpi.com.br\/portal\/wp-content\/uploads\/2021\/04\/Resumo-Relatorio-CPA-2020-FCP.pdf\" target=\"_blank\" rel=\"noopener noreferrer\">Resumo -Relat\u00f3rio &#8211; CPA 2020 FCP<\/a><\/h1>\n<p>[\/vc_column_text][\/vc_column][\/vc_row][vc_row][vc_column][vc_gallery interval=&#8221;5&#8243; images=&#8221;1727,1728,1729,1730,1731,1732,1733,1734,1735,1736,1737,1738,1739,1740,1741,1742,1743,1744,1745,1746,1747,1748,1749,1750,1751,1752,1753,1754,1755,1756,1757,1758,1759,1760,1761,1762&#8243; img_size=&#8221;full&#8221;][\/vc_column][\/vc_row]<\/p>\n","protected":false},"excerpt":{"rendered":"<p>[vc_row][vc_column][vc_column_text]O QUE \u00c9 A CPA? A Faculdade do Cerrado Piauiense- FCP acredita que uma sistem\u00e1tica de avalia\u00e7\u00e3o interna deve ser entendida como um mecanismo que propicie e disponibilize informa\u00e7\u00f5es para melhorar o seu desempenho acad\u00eamico, garantindo a efici\u00eancia administrativa e, por esse caminho, ajudando na manuten\u00e7\u00e3o da faculdade,nesse contexto, a avalia\u00e7\u00e3o insere-se num campo mais [&hellip;]<\/p>\n","protected":false},"author":2,"featured_media":0,"parent":0,"menu_order":0,"comment_status":"closed","ping_status":"closed","template":"","meta":{"footnotes":""},"class_list":["post-700","page","type-page","status-publish","hentry"],"_links":{"self":[{"href":"https:\/\/fcpi.com.br\/novo\/wp-json\/wp\/v2\/pages\/700","targetHints":{"allow":["GET"]}}],"collection":[{"href":"https:\/\/fcpi.com.br\/novo\/wp-json\/wp\/v2\/pages"}],"about":[{"href":"https:\/\/fcpi.com.br\/novo\/wp-json\/wp\/v2\/types\/page"}],"author":[{"embeddable":true,"href":"https:\/\/fcpi.com.br\/novo\/wp-json\/wp\/v2\/users\/2"}],"replies":[{"embeddable":true,"href":"https:\/\/fcpi.com.br\/novo\/wp-json\/wp\/v2\/comments?post=700"}],"version-history":[{"count":20,"href":"https:\/\/fcpi.com.br\/novo\/wp-json\/wp\/v2\/pages\/700\/revisions"}],"predecessor-version":[{"id":2481,"href":"https:\/\/fcpi.com.br\/novo\/wp-json\/wp\/v2\/pages\/700\/revisions\/2481"}],"wp:attachment":[{"href":"https:\/\/fcpi.com.br\/novo\/wp-json\/wp\/v2\/media?parent=700"}],"curies":[{"name":"wp","href":"https:\/\/api.w.org\/{rel}","templated":true}]}}