{"id":872,"date":"2019-06-05T07:34:56","date_gmt":"2019-06-05T10:34:56","guid":{"rendered":"https:\/\/fcpi.com.br\/portal\/?page_id=872"},"modified":"2019-06-05T07:56:11","modified_gmt":"2019-06-05T10:56:11","slug":"quem-somos","status":"publish","type":"page","link":"https:\/\/fcpi.com.br\/novo\/quem-somos\/","title":{"rendered":"Quem Somos"},"content":{"rendered":"<p style=\"text-align: justify;\">A FCP teve sua proposta de cria\u00e7\u00e3o encaminhada \u00e0 Secretaria de Ensino Superior do Minist\u00e9rio da Educa\u00e7\u00e3o e Cultura \u2013 SESU-MEC, em Bras\u00edlia, no dia 29 de julho de 1999, data que come\u00e7ou a tramitar, esse projeto, atrav\u00e9s das vias legais, no MEC. Passados 17 meses, a mantenedora recebeu a portaria ministerial n\u00ba 2.148, de dezembro de 2000, que autorizava o funcionamento do Curso de Bacharelado em Administra\u00e7\u00e3o com Habilita\u00e7\u00e3o em Administra\u00e7\u00e3o de Empresas, o primeiro da FCP e, posteriormente, recebeu-se tamb\u00e9m tr\u00eas outras portarias: 151, de 01 de fevereiro de 2000, 989, de 17 de maio de 2001 e 2.568, de 04 de dezembro de 2001, que autorizavam, respectivamente, o funcionamento dos Cursos de Licenciatura Plena em Letras com Habilita\u00e7\u00e3o em Portugu\u00eas e Ingl\u00eas e respectivas Literaturas, Bacharelado em Ci\u00eancias Cont\u00e1beis e Bacharelado em Direito.<\/p>\n<p style=\"text-align: justify;\"><strong>Pioneira na Regi\u00e3o<\/strong><br \/>\nPioneira como empresa privada a oferecer cursos superiores nessa regi\u00e3o carente, a faculdade tem como principal objetivo, um ensino de qualidade e a coloca\u00e7\u00e3o no mercado de trabalho de profissionais competitivos, preparados para os avan\u00e7os sociais e tecnol\u00f3gicos que este novo mundo globalizado requer.<br \/>\nA Institui\u00e7\u00e3o procura sempre se manter fiel aos seus objetivos, luta para expandir suas instala\u00e7\u00f5es f\u00edsicas, adequando-as \u00e0s necessidades crescentes de atualiza\u00e7\u00e3o e melhoria da qualidade das atividades docentes e discentes e atender \u00e0 demanda social.<\/p>\n<p style=\"text-align: justify;\">A FCP aprimora, cada vez mais, as suas instala\u00e7\u00f5es f\u00edsicas, melhorando a qualidade de equipamentos de salas de aula, recursos audiovisuais, laborat\u00f3rios de inform\u00e1tica, N\u00facleo de Pr\u00e1tica Jur\u00eddica, Empresa J\u00fanior, audit\u00f3rio, biblioteca, internet, terminais de consulta, R\u00e1dio Educativa e Creche para educa\u00e7\u00e3o infantil.<\/p>\n<p style=\"text-align: justify;\"><strong>Educa\u00e7\u00e3o continuada<\/strong><br \/>\nA faculdade prioriza em seu plano or\u00e7ament\u00e1rio, a realiza\u00e7\u00e3o de atividades pertinentes \u00e0 educa\u00e7\u00e3o continuada, oportunizando, aos professores, um conjunto de a\u00e7\u00f5es e instrumentos que v\u00e3o desde treinamentos com especialistas de todos os setores de ensino, aux\u00edlios financeiros para cursos de p\u00f3s-gradua\u00e7\u00e3o, al\u00e9m do incentivo \u00e0 participa\u00e7\u00e3o de trabalhos em congressos e publica\u00e7\u00f5es de textos em peri\u00f3dicos.<\/p>\n<p style=\"text-align: justify;\">Oferece servi\u00e7os \u00e0 comunidade e qualifica\u00e7\u00e3o a seu corpo docente na \u00e1rea da p\u00f3s-gradua\u00e7\u00e3o. Atrav\u00e9s da melhoria da organiza\u00e7\u00e3o de sua estrutura pedag\u00f3gica, administrativa, com integra\u00e7\u00e3o das fun\u00e7\u00f5es de ensino e extens\u00e3o, mesmo em pequena escala, utiliza recursos materiais e humanos, para se adequar \u00e0s diversas peculiaridades individuais e regionais.<\/p>\n<p style=\"text-align: justify;\"><strong>Dados<\/strong><br \/>\nPara facilitar a comunica\u00e7\u00e3o interna e externa, na FCP, existe um banco de dados que permite o acesso imediato \u00e0s informa\u00e7\u00f5es sobre docentes, discentes, funcion\u00e1rios, servi\u00e7os e outros segmentos interessados, dentro e fora da institui\u00e7\u00e3o.<\/p>\n","protected":false},"excerpt":{"rendered":"<p>A FCP teve sua proposta de cria\u00e7\u00e3o encaminhada \u00e0 Secretaria de Ensino Superior do Minist\u00e9rio da Educa\u00e7\u00e3o e Cultura \u2013 SESU-MEC, em Bras\u00edlia, no dia 29 de julho de 1999, data que come\u00e7ou a tramitar, esse projeto, atrav\u00e9s das vias legais, no MEC. Passados 17 meses, a mantenedora recebeu a portaria ministerial n\u00ba 2.148, de [&hellip;]<\/p>\n","protected":false},"author":2,"featured_media":0,"parent":0,"menu_order":0,"comment_status":"closed","ping_status":"closed","template":"","meta":{"footnotes":""},"class_list":["post-872","page","type-page","status-publish","hentry"],"_links":{"self":[{"href":"https:\/\/fcpi.com.br\/novo\/wp-json\/wp\/v2\/pages\/872","targetHints":{"allow":["GET"]}}],"collection":[{"href":"https:\/\/fcpi.com.br\/novo\/wp-json\/wp\/v2\/pages"}],"about":[{"href":"https:\/\/fcpi.com.br\/novo\/wp-json\/wp\/v2\/types\/page"}],"author":[{"embeddable":true,"href":"https:\/\/fcpi.com.br\/novo\/wp-json\/wp\/v2\/users\/2"}],"replies":[{"embeddable":true,"href":"https:\/\/fcpi.com.br\/novo\/wp-json\/wp\/v2\/comments?post=872"}],"version-history":[{"count":1,"href":"https:\/\/fcpi.com.br\/novo\/wp-json\/wp\/v2\/pages\/872\/revisions"}],"predecessor-version":[{"id":873,"href":"https:\/\/fcpi.com.br\/novo\/wp-json\/wp\/v2\/pages\/872\/revisions\/873"}],"wp:attachment":[{"href":"https:\/\/fcpi.com.br\/novo\/wp-json\/wp\/v2\/media?parent=872"}],"curies":[{"name":"wp","href":"https:\/\/api.w.org\/{rel}","templated":true}]}}