{"id":877,"date":"2019-06-05T07:41:40","date_gmt":"2019-06-05T10:41:40","guid":{"rendered":"https:\/\/fcpi.com.br\/portal\/?page_id=877"},"modified":"2019-08-28T12:29:21","modified_gmt":"2019-08-28T15:29:21","slug":"responsabilidade-social","status":"publish","type":"page","link":"https:\/\/fcpi.com.br\/novo\/responsabilidade-social\/","title":{"rendered":"Responsabilidade Social"},"content":{"rendered":"<p style=\"text-align: justify;\">Os gestores da FCP, cientes do compromisso social da Institui\u00e7\u00e3o, ir\u00e3o empenhar-se em desenvolver a educa\u00e7\u00e3o superior como bem p\u00fablico e express\u00e3o da sociedade democr\u00e1tica e pluricultural, cultivando o respeito \u00e0s diferen\u00e7as e a solidariedade.<\/p>\n<p style=\"text-align: justify;\">A responsabilidade social \u00e9 entendida como uma concep\u00e7\u00e3o fundada em pressupostos \u00e9ticos, que orienta as pr\u00e1ticas decis\u00f3rias da Faculdade. Essa concep\u00e7\u00e3o se concretiza nas a\u00e7\u00f5es orientadas para o bem-estar da coletividade, de seu p\u00fablico interno e externo; para o desenvolvimento e a difus\u00e3o de conhecimentos destinados \u00e0 prote\u00e7\u00e3o e melhoria da qualidade de vida da sociedade, levando-se em considera\u00e7\u00e3o: os interesses da comunidade local, o est\u00edmulo a pr\u00e1ticas de desenvolvimento humano e social, a prote\u00e7\u00e3o e preserva\u00e7\u00e3o do meio ambiente, da mem\u00f3ria cultural, da produ\u00e7\u00e3o art\u00edstica e do patrim\u00f4nio cultural, dentre outros.<\/p>\n<p style=\"text-align: justify;\">De acordo com a Lei n\u00ba 10.861\/2004, que instituiu o SINAES, a responsabilidade social da IES \u00e9 considerada, especialmente, no que se refere \u00e0 sua contribui\u00e7\u00e3o em rela\u00e7\u00e3o \u00e0 inclus\u00e3o social, ao desenvolvimento econ\u00f4mico e social, \u00e0 defesa do meio ambiente, da mem\u00f3ria cultural, da produ\u00e7\u00e3o art\u00edstica e do patrim\u00f4nio cultural.<\/p>\n<p style=\"text-align: justify;\">A responsabilidade social da FCP est\u00e1 inserida em suas fun\u00e7\u00f5es de ensino, pesquisa e extens\u00e3o. Em suas atividades de ensino, a Faculdade est\u00e1 comprometida com a forma\u00e7\u00e3o de profissionais com perfis que atendam as principais demandas da sociedade local e regional, mas tamb\u00e9m com a prepara\u00e7\u00e3o de cidad\u00e3os que possam envolver-se na minimiza\u00e7\u00e3o dos principais problemas sociais da regi\u00e3o onde est\u00e1 inserida. Em suas atividades de pesquisa, os projetos priorizar\u00e3o a busca de solu\u00e7\u00e3o para os problemas sociais. Nas atividades de extens\u00e3o, os projetos desenvolvidos por professores e discentes ser\u00e3o voltados para a melhoria das condi\u00e7\u00f5es socioecon\u00f4micas, educacionais e culturais da popula\u00e7\u00e3o.<\/p>\n<p style=\"text-align: justify;\">Nessa perspectiva, todo o esfor\u00e7o de expans\u00e3o na cria\u00e7\u00e3o de novos cursos de gradua\u00e7\u00e3o representa o compromisso da institui\u00e7\u00e3o como aumento da oferta de vagas para o atendimento aos jovens trabalhadores da regi\u00e3o que precisam ampliar e aperfei\u00e7oar seus conhecimentos e n\u00e3o querem sair de sua regi\u00e3o para conseguir realizar seus projetos pessoais e profissionais.<\/p>\n<p style=\"text-align: justify;\">Com o prop\u00f3sito de realizar a\u00e7\u00f5es que contemplem pol\u00edticas afirmativas, a FCP tem como compromisso b\u00e1sico a amplia\u00e7\u00e3o do acesso e perman\u00eancia das camadas populares da sociedade no ensino superior.<\/p>\n<p style=\"text-align: justify;\">As a\u00e7\u00f5es da FCP voltadas para a responsabilidade social ser\u00e3o planejadas de modo a contemplar a sua contribui\u00e7\u00e3o quanto \u00e0 inclus\u00e3o social, desenvolvimento social e econ\u00f4mico, defesa do meio ambiente, da mem\u00f3ria cultural, da produ\u00e7\u00e3o art\u00edstica e do patrim\u00f4nio cultural de Corrente e regi\u00e3o de influ\u00eancia. De modo mais abrangente, empenhar-se para que as a\u00e7\u00f5es locais tenham reflexo positivo no \u00e2mbito da regi\u00e3o Nordeste e do Pa\u00eds.<\/p>\n<p style=\"text-align: justify;\">No referente \u00e0 inclus\u00e3o social a Faculdade envidar\u00e1 esfor\u00e7os e destina\u00e7\u00e3o de recursos para o desenvolvimento de a\u00e7\u00f5es que promovam o acesso e a perman\u00eancia dos seus estudantes atrav\u00e9s de bolsas de estudo, bem como buscar\u00e1 estrat\u00e9gias que facilitem o acesso de pessoas com defici\u00eancias.<\/p>\n<p style=\"text-align: justify;\">No campo do desenvolvimento social desenvolver\u00e1 a\u00e7\u00f5es em parcerias com institui\u00e7\u00f5es p\u00fablicas e privadas de Corrente e cidades de seu entorno com vistas \u00e0 viabiliza\u00e7\u00e3o de atividades educativas e culturais em comunidades carentes, presta\u00e7\u00e3o de servi\u00e7os nas \u00e1reas dos cursos de gradua\u00e7\u00e3o, treinamento profissional para os trabalhadores, consultorias etc. Tamb\u00e9m promover\u00e1 transfer\u00eancia de conhecimentos e tecnologias gerados no \u00e2mbito dos cursos, que possam aplicados no desenvolvimento local e regional.<\/p>\n<p style=\"text-align: justify;\">Na defesa do meio ambiente a Faculdade buscar\u00e1 desenvolver a\u00e7\u00f5es que integrem seus cursos de gradua\u00e7\u00e3o, p\u00f3s-gradua\u00e7\u00e3o e extens\u00e3o com as pol\u00edticas de preserva\u00e7\u00e3o do meio ambiente, estimulando parcerias com institui\u00e7\u00f5es p\u00fabicas e privadas e promovendo a transfer\u00eancia de conhecimentos.<\/p>\n<p style=\"text-align: justify;\">No campo da preserva\u00e7\u00e3o da mem\u00f3ria e do patrim\u00f4nio cultural e da produ\u00e7\u00e3o art\u00edstica, tamb\u00e9m buscar\u00e1 desenvolver a\u00e7\u00f5es que integrem seus cursos de gradua\u00e7\u00e3o, p\u00f3s-gradua\u00e7\u00e3o e extens\u00e3o com as pol\u00edticas relacionadas ao patrim\u00f4nio hist\u00f3rico e cultural, estimulando parcerias com institui\u00e7\u00f5es p\u00fabicas e privadas e promovendo a transfer\u00eancia de conhecimentos. Buscar\u00e1 resgatar e divulgar o folclore local e regional, os costumes e tradi\u00e7\u00f5es e a hist\u00f3ria da cidade, envolvendo a comunidade acad\u00eamica e a sociedade.<\/p>\n","protected":false},"excerpt":{"rendered":"<p>Os gestores da FCP, cientes do compromisso social da Institui\u00e7\u00e3o, ir\u00e3o empenhar-se em desenvolver a educa\u00e7\u00e3o superior como bem p\u00fablico e express\u00e3o da sociedade democr\u00e1tica e pluricultural, cultivando o respeito \u00e0s diferen\u00e7as e a solidariedade. A responsabilidade social \u00e9 entendida como uma concep\u00e7\u00e3o fundada em pressupostos \u00e9ticos, que orienta as pr\u00e1ticas decis\u00f3rias da Faculdade. Essa [&hellip;]<\/p>\n","protected":false},"author":2,"featured_media":0,"parent":0,"menu_order":0,"comment_status":"closed","ping_status":"closed","template":"","meta":{"footnotes":""},"class_list":["post-877","page","type-page","status-publish","hentry"],"_links":{"self":[{"href":"https:\/\/fcpi.com.br\/novo\/wp-json\/wp\/v2\/pages\/877","targetHints":{"allow":["GET"]}}],"collection":[{"href":"https:\/\/fcpi.com.br\/novo\/wp-json\/wp\/v2\/pages"}],"about":[{"href":"https:\/\/fcpi.com.br\/novo\/wp-json\/wp\/v2\/types\/page"}],"author":[{"embeddable":true,"href":"https:\/\/fcpi.com.br\/novo\/wp-json\/wp\/v2\/users\/2"}],"replies":[{"embeddable":true,"href":"https:\/\/fcpi.com.br\/novo\/wp-json\/wp\/v2\/comments?post=877"}],"version-history":[{"count":2,"href":"https:\/\/fcpi.com.br\/novo\/wp-json\/wp\/v2\/pages\/877\/revisions"}],"predecessor-version":[{"id":981,"href":"https:\/\/fcpi.com.br\/novo\/wp-json\/wp\/v2\/pages\/877\/revisions\/981"}],"wp:attachment":[{"href":"https:\/\/fcpi.com.br\/novo\/wp-json\/wp\/v2\/media?parent=877"}],"curies":[{"name":"wp","href":"https:\/\/api.w.org\/{rel}","templated":true}]}}