{"id":879,"date":"2019-06-05T07:43:06","date_gmt":"2019-06-05T10:43:06","guid":{"rendered":"https:\/\/fcpi.com.br\/portal\/?page_id=879"},"modified":"2020-02-15T17:07:34","modified_gmt":"2020-02-15T20:07:34","slug":"infraestrutura","status":"publish","type":"page","link":"https:\/\/fcpi.com.br\/novo\/infraestrutura\/","title":{"rendered":"Infraestrutura"},"content":{"rendered":"<p style=\"text-align: justify;\">A Faculdade do Cerrado Piauiense funciona Avenida Desembargador Amaral, n\u00ba 1835, Centro da cidade. A FCP possui os seguintes espa\u00e7os f\u00edsicos:<\/p>\n<h3><strong>Pr\u00e9dio 1<\/strong><\/h3>\n<p><u>Salas de aulas <\/u><\/p>\n<p>05 salas de aulas com 30m\u00b2<\/p>\n<p>01 sala de aula com 40 m\u00b2<\/p>\n<p>02 salas de aulas com 25 m\u00b2<\/p>\n<p><u>Secretaria Acad\u00eamica \u00a0&#8211; <\/u>\u00a018 m\u00b2<\/p>\n<p><u>Dire\u00e7\u00e3o <\/u>&#8211;\u00a0 12 m\u00b2<\/p>\n<p><u>Sala de Professores<\/u> &#8211;\u00a0 9 m\u00b2<\/p>\n<p><u>Coordena\u00e7\u00f5es de Cursos e N\u00facleos<\/u> \u2013 15 m\u00b2<\/p>\n<p><u>Laborat\u00f3rio de Inform\u00e1tica<\/u> &#8211;\u00a0 22 m\u00b2<\/p>\n<p><u>Banheiro Feminino<\/u> \u2013 11 m\u00b2 ( banheiro com dois boxes, tr\u00eas cubas ) \u2013 espa\u00e7o adaptado<\/p>\n<p><u>Banheiro Masculino<\/u> \u2013 11 m\u00b2 ( banheiro com dois boxes, tr\u00eas cubas ) \u2013 espa\u00e7o adaptado<\/p>\n<p>Banheiro Docentes ( Feminino) \u2013 3m\u00b2<\/p>\n<p>Banheiro Docentes ( masculino) \u2013 3m\u00b2<\/p>\n<p>&nbsp;<\/p>\n<h3><strong>Pr\u00e9dio 2<\/strong><\/h3>\n<p>Biblioteca<\/p>\n<p>Acervo Bibliogr\u00e1fico \u2013 79\u00a0 m\u00b2<\/p>\n<p>\u00c1rea de Estudo Coletivo \u2013 27 m\u00b2<\/p>\n<p>Dep\u00f3sito ( piso superior) \u2013 71 m\u00b2<\/p>\n<p>Banheiro<\/p>\n<p>Banheiro Adaptado<\/p>\n<p>\u00c1rea Total da Biblioteca &#8211;\u00a0 156 m\u00b2<\/p>\n<h3><strong>VEJA FOTOS DA NOSSA ESTRUTURA<\/strong><\/h3>\n<div id='gallery-1' class='gallery galleryid-879 gallery-columns-3 gallery-size-large'><figure class='gallery-item'>\n\t\t\t<div class='gallery-icon landscape'>\n\t\t\t\t<a href='https:\/\/fcpi.com.br\/novo\/wp-content\/uploads\/2019\/08\/IMG-20160401-WA0056.jpg'><img fetchpriority=\"high\" decoding=\"async\" width=\"800\" height=\"533\" src=\"https:\/\/fcpi.com.br\/novo\/wp-content\/uploads\/2019\/08\/IMG-20160401-WA0056-1024x682.jpg\" class=\"attachment-large size-large\" alt=\"\" srcset=\"https:\/\/fcpi.com.br\/novo\/wp-content\/uploads\/2019\/08\/IMG-20160401-WA0056-1024x682.jpg 1024w, https:\/\/fcpi.com.br\/novo\/wp-content\/uploads\/2019\/08\/IMG-20160401-WA0056-300x200.jpg 300w, https:\/\/fcpi.com.br\/novo\/wp-content\/uploads\/2019\/08\/IMG-20160401-WA0056-768x512.jpg 768w, https:\/\/fcpi.com.br\/novo\/wp-content\/uploads\/2019\/08\/IMG-20160401-WA0056.jpg 1280w\" sizes=\"(max-width: 800px) 100vw, 800px\" \/><\/a>\n\t\t\t<\/div><\/figure><figure class='gallery-item'>\n\t\t\t<div class='gallery-icon landscape'>\n\t\t\t\t<a href='https:\/\/fcpi.com.br\/novo\/wp-content\/uploads\/2019\/08\/IMG-20160401-WA0057.jpg'><img decoding=\"async\" width=\"800\" height=\"533\" src=\"https:\/\/fcpi.com.br\/novo\/wp-content\/uploads\/2019\/08\/IMG-20160401-WA0057-1024x682.jpg\" class=\"attachment-large size-large\" alt=\"\" srcset=\"https:\/\/fcpi.com.br\/novo\/wp-content\/uploads\/2019\/08\/IMG-20160401-WA0057-1024x682.jpg 1024w, https:\/\/fcpi.com.br\/novo\/wp-content\/uploads\/2019\/08\/IMG-20160401-WA0057-300x200.jpg 300w, https:\/\/fcpi.com.br\/novo\/wp-content\/uploads\/2019\/08\/IMG-20160401-WA0057-768x512.jpg 768w, https:\/\/fcpi.com.br\/novo\/wp-content\/uploads\/2019\/08\/IMG-20160401-WA0057.jpg 1280w\" sizes=\"(max-width: 800px) 100vw, 800px\" \/><\/a>\n\t\t\t<\/div><\/figure><figure class='gallery-item'>\n\t\t\t<div class='gallery-icon landscape'>\n\t\t\t\t<a href='https:\/\/fcpi.com.br\/novo\/wp-content\/uploads\/2019\/08\/IMG-20160401-WA0058.jpg'><img decoding=\"async\" width=\"800\" height=\"533\" src=\"https:\/\/fcpi.com.br\/novo\/wp-content\/uploads\/2019\/08\/IMG-20160401-WA0058-1024x682.jpg\" class=\"attachment-large size-large\" alt=\"\" srcset=\"https:\/\/fcpi.com.br\/novo\/wp-content\/uploads\/2019\/08\/IMG-20160401-WA0058-1024x682.jpg 1024w, https:\/\/fcpi.com.br\/novo\/wp-content\/uploads\/2019\/08\/IMG-20160401-WA0058-300x200.jpg 300w, https:\/\/fcpi.com.br\/novo\/wp-content\/uploads\/2019\/08\/IMG-20160401-WA0058-768x512.jpg 768w, https:\/\/fcpi.com.br\/novo\/wp-content\/uploads\/2019\/08\/IMG-20160401-WA0058.jpg 1280w\" sizes=\"(max-width: 800px) 100vw, 800px\" \/><\/a>\n\t\t\t<\/div><\/figure><figure class='gallery-item'>\n\t\t\t<div class='gallery-icon landscape'>\n\t\t\t\t<a href='https:\/\/fcpi.com.br\/novo\/wp-content\/uploads\/2019\/08\/IMG-20160401-WA0059.jpg'><img loading=\"lazy\" decoding=\"async\" width=\"800\" height=\"533\" src=\"https:\/\/fcpi.com.br\/novo\/wp-content\/uploads\/2019\/08\/IMG-20160401-WA0059-1024x682.jpg\" class=\"attachment-large size-large\" alt=\"\" srcset=\"https:\/\/fcpi.com.br\/novo\/wp-content\/uploads\/2019\/08\/IMG-20160401-WA0059-1024x682.jpg 1024w, https:\/\/fcpi.com.br\/novo\/wp-content\/uploads\/2019\/08\/IMG-20160401-WA0059-300x200.jpg 300w, https:\/\/fcpi.com.br\/novo\/wp-content\/uploads\/2019\/08\/IMG-20160401-WA0059-768x512.jpg 768w, https:\/\/fcpi.com.br\/novo\/wp-content\/uploads\/2019\/08\/IMG-20160401-WA0059.jpg 1280w\" sizes=\"(max-width: 800px) 100vw, 800px\" \/><\/a>\n\t\t\t<\/div><\/figure><figure class='gallery-item'>\n\t\t\t<div class='gallery-icon landscape'>\n\t\t\t\t<a href='https:\/\/fcpi.com.br\/novo\/wp-content\/uploads\/2019\/08\/IMG-20160401-WA0060.jpg'><img loading=\"lazy\" decoding=\"async\" width=\"800\" height=\"580\" src=\"https:\/\/fcpi.com.br\/novo\/wp-content\/uploads\/2019\/08\/IMG-20160401-WA0060-1024x742.jpg\" class=\"attachment-large size-large\" alt=\"\" srcset=\"https:\/\/fcpi.com.br\/novo\/wp-content\/uploads\/2019\/08\/IMG-20160401-WA0060-1024x742.jpg 1024w, https:\/\/fcpi.com.br\/novo\/wp-content\/uploads\/2019\/08\/IMG-20160401-WA0060-300x218.jpg 300w, https:\/\/fcpi.com.br\/novo\/wp-content\/uploads\/2019\/08\/IMG-20160401-WA0060-768x557.jpg 768w, https:\/\/fcpi.com.br\/novo\/wp-content\/uploads\/2019\/08\/IMG-20160401-WA0060.jpg 1280w\" sizes=\"(max-width: 800px) 100vw, 800px\" \/><\/a>\n\t\t\t<\/div><\/figure><figure class='gallery-item'>\n\t\t\t<div class='gallery-icon landscape'>\n\t\t\t\t<a href='https:\/\/fcpi.com.br\/novo\/wp-content\/uploads\/2019\/08\/IMG-20160401-WA0061.jpg'><img loading=\"lazy\" decoding=\"async\" width=\"800\" height=\"533\" src=\"https:\/\/fcpi.com.br\/novo\/wp-content\/uploads\/2019\/08\/IMG-20160401-WA0061-1024x682.jpg\" class=\"attachment-large size-large\" alt=\"\" srcset=\"https:\/\/fcpi.com.br\/novo\/wp-content\/uploads\/2019\/08\/IMG-20160401-WA0061-1024x682.jpg 1024w, https:\/\/fcpi.com.br\/novo\/wp-content\/uploads\/2019\/08\/IMG-20160401-WA0061-300x200.jpg 300w, https:\/\/fcpi.com.br\/novo\/wp-content\/uploads\/2019\/08\/IMG-20160401-WA0061-768x512.jpg 768w, https:\/\/fcpi.com.br\/novo\/wp-content\/uploads\/2019\/08\/IMG-20160401-WA0061.jpg 1280w\" sizes=\"(max-width: 800px) 100vw, 800px\" \/><\/a>\n\t\t\t<\/div><\/figure><figure class='gallery-item'>\n\t\t\t<div class='gallery-icon landscape'>\n\t\t\t\t<a href='https:\/\/fcpi.com.br\/novo\/wp-content\/uploads\/2019\/08\/IMG-20160401-WA0062.jpg'><img loading=\"lazy\" decoding=\"async\" width=\"800\" height=\"533\" src=\"https:\/\/fcpi.com.br\/novo\/wp-content\/uploads\/2019\/08\/IMG-20160401-WA0062-1024x682.jpg\" class=\"attachment-large size-large\" alt=\"\" srcset=\"https:\/\/fcpi.com.br\/novo\/wp-content\/uploads\/2019\/08\/IMG-20160401-WA0062-1024x682.jpg 1024w, https:\/\/fcpi.com.br\/novo\/wp-content\/uploads\/2019\/08\/IMG-20160401-WA0062-300x200.jpg 300w, https:\/\/fcpi.com.br\/novo\/wp-content\/uploads\/2019\/08\/IMG-20160401-WA0062-768x512.jpg 768w, https:\/\/fcpi.com.br\/novo\/wp-content\/uploads\/2019\/08\/IMG-20160401-WA0062.jpg 1280w\" sizes=\"(max-width: 800px) 100vw, 800px\" \/><\/a>\n\t\t\t<\/div><\/figure><figure class='gallery-item'>\n\t\t\t<div class='gallery-icon landscape'>\n\t\t\t\t<a href='https:\/\/fcpi.com.br\/novo\/wp-content\/uploads\/2019\/08\/IMG-20160401-WA00621.jpg'><img loading=\"lazy\" decoding=\"async\" width=\"800\" height=\"533\" src=\"https:\/\/fcpi.com.br\/novo\/wp-content\/uploads\/2019\/08\/IMG-20160401-WA00621-1024x682.jpg\" class=\"attachment-large size-large\" alt=\"\" srcset=\"https:\/\/fcpi.com.br\/novo\/wp-content\/uploads\/2019\/08\/IMG-20160401-WA00621-1024x682.jpg 1024w, https:\/\/fcpi.com.br\/novo\/wp-content\/uploads\/2019\/08\/IMG-20160401-WA00621-300x200.jpg 300w, https:\/\/fcpi.com.br\/novo\/wp-content\/uploads\/2019\/08\/IMG-20160401-WA00621-768x512.jpg 768w, https:\/\/fcpi.com.br\/novo\/wp-content\/uploads\/2019\/08\/IMG-20160401-WA00621.jpg 1280w\" sizes=\"(max-width: 800px) 100vw, 800px\" \/><\/a>\n\t\t\t<\/div><\/figure><figure class='gallery-item'>\n\t\t\t<div class='gallery-icon landscape'>\n\t\t\t\t<a href='https:\/\/fcpi.com.br\/novo\/wp-content\/uploads\/2019\/08\/IMG-20160401-WA0063.jpg'><img loading=\"lazy\" decoding=\"async\" width=\"800\" height=\"533\" src=\"https:\/\/fcpi.com.br\/novo\/wp-content\/uploads\/2019\/08\/IMG-20160401-WA0063-1024x682.jpg\" class=\"attachment-large size-large\" alt=\"\" srcset=\"https:\/\/fcpi.com.br\/novo\/wp-content\/uploads\/2019\/08\/IMG-20160401-WA0063-1024x682.jpg 1024w, https:\/\/fcpi.com.br\/novo\/wp-content\/uploads\/2019\/08\/IMG-20160401-WA0063-300x200.jpg 300w, https:\/\/fcpi.com.br\/novo\/wp-content\/uploads\/2019\/08\/IMG-20160401-WA0063-768x512.jpg 768w, https:\/\/fcpi.com.br\/novo\/wp-content\/uploads\/2019\/08\/IMG-20160401-WA0063.jpg 1280w\" sizes=\"(max-width: 800px) 100vw, 800px\" \/><\/a>\n\t\t\t<\/div><\/figure><figure class='gallery-item'>\n\t\t\t<div class='gallery-icon landscape'>\n\t\t\t\t<a href='https:\/\/fcpi.com.br\/novo\/wp-content\/uploads\/2019\/08\/IMG-20160401-WA0064.jpg'><img loading=\"lazy\" decoding=\"async\" width=\"800\" height=\"533\" src=\"https:\/\/fcpi.com.br\/novo\/wp-content\/uploads\/2019\/08\/IMG-20160401-WA0064-1024x682.jpg\" class=\"attachment-large size-large\" alt=\"\" srcset=\"https:\/\/fcpi.com.br\/novo\/wp-content\/uploads\/2019\/08\/IMG-20160401-WA0064-1024x682.jpg 1024w, https:\/\/fcpi.com.br\/novo\/wp-content\/uploads\/2019\/08\/IMG-20160401-WA0064-300x200.jpg 300w, https:\/\/fcpi.com.br\/novo\/wp-content\/uploads\/2019\/08\/IMG-20160401-WA0064-768x512.jpg 768w, https:\/\/fcpi.com.br\/novo\/wp-content\/uploads\/2019\/08\/IMG-20160401-WA0064.jpg 1280w\" sizes=\"(max-width: 800px) 100vw, 800px\" \/><\/a>\n\t\t\t<\/div><\/figure><figure class='gallery-item'>\n\t\t\t<div class='gallery-icon portrait'>\n\t\t\t\t<a href='https:\/\/fcpi.com.br\/novo\/wp-content\/uploads\/2019\/08\/IMG-20160401-WA0065.jpg'><img loading=\"lazy\" decoding=\"async\" width=\"682\" height=\"1024\" src=\"https:\/\/fcpi.com.br\/novo\/wp-content\/uploads\/2019\/08\/IMG-20160401-WA0065-682x1024.jpg\" class=\"attachment-large size-large\" alt=\"\" srcset=\"https:\/\/fcpi.com.br\/novo\/wp-content\/uploads\/2019\/08\/IMG-20160401-WA0065-682x1024.jpg 682w, https:\/\/fcpi.com.br\/novo\/wp-content\/uploads\/2019\/08\/IMG-20160401-WA0065-200x300.jpg 200w, https:\/\/fcpi.com.br\/novo\/wp-content\/uploads\/2019\/08\/IMG-20160401-WA0065-768x1152.jpg 768w, https:\/\/fcpi.com.br\/novo\/wp-content\/uploads\/2019\/08\/IMG-20160401-WA0065.jpg 853w\" sizes=\"(max-width: 682px) 100vw, 682px\" \/><\/a>\n\t\t\t<\/div><\/figure><figure class='gallery-item'>\n\t\t\t<div class='gallery-icon landscape'>\n\t\t\t\t<a href='https:\/\/fcpi.com.br\/novo\/wp-content\/uploads\/2019\/08\/IMG-20160401-WA0066.jpg'><img loading=\"lazy\" decoding=\"async\" width=\"800\" height=\"533\" src=\"https:\/\/fcpi.com.br\/novo\/wp-content\/uploads\/2019\/08\/IMG-20160401-WA0066-1024x682.jpg\" class=\"attachment-large size-large\" alt=\"\" srcset=\"https:\/\/fcpi.com.br\/novo\/wp-content\/uploads\/2019\/08\/IMG-20160401-WA0066-1024x682.jpg 1024w, https:\/\/fcpi.com.br\/novo\/wp-content\/uploads\/2019\/08\/IMG-20160401-WA0066-300x200.jpg 300w, https:\/\/fcpi.com.br\/novo\/wp-content\/uploads\/2019\/08\/IMG-20160401-WA0066-768x512.jpg 768w, https:\/\/fcpi.com.br\/novo\/wp-content\/uploads\/2019\/08\/IMG-20160401-WA0066.jpg 1280w\" sizes=\"(max-width: 800px) 100vw, 800px\" \/><\/a>\n\t\t\t<\/div><\/figure>\n\t\t<\/div>\n\n<p style=\"text-align: justify;\"><strong>LABORAT\u00d3RIO DE INFORM\u00c1TICA ODIVALDO OT\u00c1VIO NUNES FILHO<\/strong><\/p>\n<p style=\"text-align: justify;\">A inform\u00e1tica tem contribu\u00eddo significativamente para o aumento da produtividade e confiabilidade nos diferentes ramos da atividade humana colaborando,<\/p>\n<p style=\"text-align: justify;\">ao mesmo tempo, para que se torne poss\u00edvel alcan\u00e7ar o mais alto n\u00edvel de bem-estar para a sociedade.<\/p>\n<p style=\"text-align: justify;\">A Faculdade do Cerrado Piauiense compartilha com esse pensamento, por isso instalou seu laborat\u00f3rio de inform\u00e1tica, visando atender as disciplinas de Computa\u00e7\u00e3o, que fazem parte da grade curricular dos cursos oferecidos. O laborat\u00f3rio tamb\u00e9m \u00e9 destinado a alunos, professores e funcion\u00e1rios que queiram melhorar a qualidade do processo ensino\/aprendizagem.<\/p>\n<p style=\"text-align: justify;\">O laborat\u00f3rio est\u00e1 instalado numa \u00e1rea climatizada de 100 m\u00b2, funcionando no hor\u00e1rio de 14h \u00e0s 22 horas de segunda a sexta-feira e das 8h \u00e0s 12 horas aos s\u00e1bados, com 25 computadores, todos interligados em rede atrav\u00e9s de cabeamento composto de par tran\u00e7ado e interligados a internet. Todos os equipamentos do laborat\u00f3rio possuem o sistema operacional Windows e o pacto de automa\u00e7\u00e3o MS Office.<\/p>\n<p style=\"text-align: justify;\"><strong>N\u00daCLEO DE PR\u00c1TICA JUR\u00cdDICA Dr. P\u00e9ricles Barbosa Viana<\/strong><\/p>\n<p style=\"text-align: justify;\"><a class=\"cboxElement\" href=\"http:\/\/www.fcpi.com.br\/site\/wp-content\/uploads\/2014\/03\/npjuridica.jpg\"><img loading=\"lazy\" decoding=\"async\" class=\"aligncenter size-full wp-image-255 colorbox-252\" src=\"http:\/\/www.fcpi.com.br\/site\/wp-content\/uploads\/2014\/03\/npjuridica.jpg\" sizes=\"(max-width: 649px) 100vw, 649px\" srcset=\"https:\/\/www.fcpi.com.br\/site\/wp-content\/uploads\/2014\/03\/npjuridica.jpg 649w, https:\/\/www.fcpi.com.br\/site\/wp-content\/uploads\/2014\/03\/npjuridica-300x191.jpg 300w\" alt=\"npjuridica\" width=\"649\" height=\"414\" \/><\/a><\/p>\n<p style=\"text-align: justify;\">O N\u00facleo de Pr\u00e1tica Jur\u00eddica da Faculdade do Cerrado Piauiense d\u00e1 ao acad\u00eamico de Direito a oportunidade de uma forma\u00e7\u00e3o j\u00e1 voltada para pr\u00e1tica da profiss\u00e3o. Sob orienta\u00e7\u00e3o e supervis\u00e3o dos professores os alunos desenvolvem atendimento jur\u00eddico \u00e0 popula\u00e7\u00e3o, que necessita desses servi\u00e7os.<\/p>\n<p style=\"text-align: justify;\">O espa\u00e7o funciona tamb\u00e9m, atrav\u00e9s de Conv\u00eanio com a Defensoria P\u00fablica Estadual, a Defensoria P\u00fablica de Corrente, onde o Defensor P\u00fablico, juntamente com os estagi\u00e1rios do curso de Direito atendem a comunidade carente da cidade e proporcionam-na o acesso \u00e0 justi\u00e7a gratuita.<\/p>\n<p style=\"text-align: justify;\">Tamb\u00e9m nesse complexo funciona o \u201cEscrit\u00f3rio Modelo Dr. P\u00e9ricles Viana\u201d que atende, assim como na Defensoria, a popula\u00e7\u00e3o carente da cidade. O Escrit\u00f3rio Modelo est\u00e1 sob a coordena\u00e7\u00e3o de professores que atendem juntamente com os estagi\u00e1rios do curso.<\/p>\n<p style=\"text-align: justify;\"><strong>BIBLIOTECA DESEMBARGADOR HELI SOBRAL<\/strong><\/p>\n<p style=\"text-align: justify;\">A Biblioteca Central da Faculdade do Cerrado Piauiense encontra-se instalada numa \u00e1rea total de 222,80m\u00b2, tendo sal\u00e3o de estudos com \u00e1rea de 110 m\u00b2, \u00e1rea para estudo individual com 16 cabines, tr\u00eas salas para estudo em grupo, com capacidade para 10 pessoas, sala espec\u00edfica para acervo de livros e peri\u00f3dicos, espa\u00e7os para atendimento de empr\u00e9stimos, \u00e1rea para servi\u00e7o de reprografia, \u00e1rea para processamento t\u00e9cnico, \u00e1rea para acesso a informa\u00e7\u00e3o virtual, com quatro computadores, que possuem acesso ao banco de dados da biblioteca e \u00e0 Internet.<\/p>\n<p style=\"text-align: justify;\">Os espa\u00e7o funciona de segunda \u00e0 sexta-feira das 14h \u00e0s 22h30min e aos s\u00e1bados de 8h \u00e0s 12h, informatizada em rede e com programa de consulta e empr\u00e9stimos domiciliar e especial, destinados a alunos, professores e funcion\u00e1rios regularmente matriculados e inscritos na biblioteca. O acervo possui 13.106 livros e 4.382 peri\u00f3dicos.<\/p>\n<p style=\"text-align: justify;\"><strong>SALA DE PROFESSORES PROF. JOS\u00c9 RIBAMAR TORRES<\/strong><\/p>\n<p style=\"text-align: justify;\">A sala de professores da Faculdade do Cerrado Piauiense \u00e9 espa\u00e7o ideal para estudo, planejamento e atendimento aos alunos pelo corpo docente. Anexas, est\u00e3o as salas de coordena\u00e7\u00f5es dos cursos, facilitando assim uma melhor intera\u00e7\u00e3o dos que fazem o processo ensino\/aprendizagem da Faculdade do Cerrado Piauiense.<\/p>\n","protected":false},"excerpt":{"rendered":"<p>A Faculdade do Cerrado Piauiense funciona Avenida Desembargador Amaral, n\u00ba 1835, Centro da cidade. A FCP possui os seguintes espa\u00e7os f\u00edsicos: Pr\u00e9dio 1 Salas de aulas 05 salas de aulas com 30m\u00b2 01 sala de aula com 40 m\u00b2 02 salas de aulas com 25 m\u00b2 Secretaria Acad\u00eamica \u00a0&#8211; \u00a018 m\u00b2 Dire\u00e7\u00e3o &#8211;\u00a0 12 m\u00b2 [&hellip;]<\/p>\n","protected":false},"author":2,"featured_media":0,"parent":0,"menu_order":0,"comment_status":"closed","ping_status":"closed","template":"","meta":{"footnotes":""},"class_list":["post-879","page","type-page","status-publish","hentry"],"_links":{"self":[{"href":"https:\/\/fcpi.com.br\/novo\/wp-json\/wp\/v2\/pages\/879","targetHints":{"allow":["GET"]}}],"collection":[{"href":"https:\/\/fcpi.com.br\/novo\/wp-json\/wp\/v2\/pages"}],"about":[{"href":"https:\/\/fcpi.com.br\/novo\/wp-json\/wp\/v2\/types\/page"}],"author":[{"embeddable":true,"href":"https:\/\/fcpi.com.br\/novo\/wp-json\/wp\/v2\/users\/2"}],"replies":[{"embeddable":true,"href":"https:\/\/fcpi.com.br\/novo\/wp-json\/wp\/v2\/comments?post=879"}],"version-history":[{"count":8,"href":"https:\/\/fcpi.com.br\/novo\/wp-json\/wp\/v2\/pages\/879\/revisions"}],"predecessor-version":[{"id":1097,"href":"https:\/\/fcpi.com.br\/novo\/wp-json\/wp\/v2\/pages\/879\/revisions\/1097"}],"wp:attachment":[{"href":"https:\/\/fcpi.com.br\/novo\/wp-json\/wp\/v2\/media?parent=879"}],"curies":[{"name":"wp","href":"https:\/\/api.w.org\/{rel}","templated":true}]}}