{"id":918,"date":"2019-06-05T09:30:27","date_gmt":"2019-06-05T12:30:27","guid":{"rendered":"https:\/\/fcpi.com.br\/portal\/?page_id=918"},"modified":"2023-01-04T11:16:44","modified_gmt":"2023-01-04T14:16:44","slug":"formas-de-ingresso","status":"publish","type":"page","link":"https:\/\/fcpi.com.br\/novo\/formas-de-ingresso\/","title":{"rendered":"Formas de Ingresso"},"content":{"rendered":"<p>[vc_row][vc_column][vc_btn title=&#8221;CLIQUE AQUI E FA\u00c7A SUA INSCRI\u00c7\u00c3O&#8221; shape=&#8221;round&#8221; color=&#8221;danger&#8221; size=&#8221;lg&#8221; align=&#8221;center&#8221; link=&#8221;url:https%3A%2F%2Ffcpi.com.br%2Fstore%2Fproduto%2Finscricao-vestibular-2023-1-bacharelado-direito%2F||target:%20_blank|&#8221;][vc_column_text]<\/p>\n<p style=\"text-align: center;\"><a href=\"https:\/\/fcpi.com.br\/store\/wp-content\/uploads\/2023\/01\/Edital-2023.1-PROCESSO-SELETIVO-.pdf\" target=\"_blank\" rel=\"noopener noreferrer\"><strong>EDITAL DO VESTIBULAR 2023.1<\/strong><\/a><\/p>\n<p><strong>VESTIBULAR<\/strong><\/p>\n<p style=\"text-align: justify;\">O vestibular \u00e9 a forma mais comum de ingresso na gradua\u00e7\u00e3o. Na FCP, voc\u00ea faz a prova com data agendada Confira\u00a0aqui\u00a0a documenta\u00e7\u00e3o necess\u00e1ria para Matr\u00edcula.<\/p>\n<p><strong>SEGUNDA GRADUA\u00c7\u00c3O<\/strong><\/p>\n<p>Se voc\u00ea j\u00e1 tem um diploma do ensino superior, n\u00e3o precisa prestar um novo vestibular para ingressar na gradua\u00e7\u00e3o da FCPI. E seus cr\u00e9ditos s\u00e3o aproveitados ao m\u00e1ximo. Confira\u00a0aqui\u00a0a documenta\u00e7\u00e3o necess\u00e1ria para Matr\u00edcula.<\/p>\n<p><strong>TRANSFER\u00caNCIA EXTERNA<\/strong><\/p>\n<p style=\"text-align: justify;\">Transfira o seu curso de outras faculdades para a FCP. \u00c9 r\u00e1pido, sem custos e os seus cr\u00e9ditos s\u00e3o aproveitados ao m\u00e1ximo.\u00a0Confira\u00a0aqui\u00a0a documenta\u00e7\u00e3o necess\u00e1ria para Matr\u00edcula.<\/p>\n<p><strong>REABERTURA DE MATR\u00cdCULA<\/strong><\/p>\n<p>Se voc\u00ea n\u00e3o concluiu os seus estudos na FCPI, \u00e9 simples reabrir a sua matr\u00edcula. Basta procurar a Secretaria Acad\u00eamica da Institui\u00e7\u00e3o e fazer a solicita\u00e7\u00e3o.[\/vc_column_text][\/vc_column][vc_column][\/vc_column][\/vc_row]<\/p>\n","protected":false},"excerpt":{"rendered":"<p>[vc_row][vc_column][vc_btn title=&#8221;CLIQUE AQUI E FA\u00c7A SUA INSCRI\u00c7\u00c3O&#8221; shape=&#8221;round&#8221; color=&#8221;danger&#8221; size=&#8221;lg&#8221; align=&#8221;center&#8221; link=&#8221;url:https%3A%2F%2Ffcpi.com.br%2Fstore%2Fproduto%2Finscricao-vestibular-2023-1-bacharelado-direito%2F||target:%20_blank|&#8221;][vc_column_text] EDITAL DO VESTIBULAR 2023.1 VESTIBULAR O vestibular \u00e9 a forma mais comum de ingresso na gradua\u00e7\u00e3o. Na FCP, voc\u00ea faz a prova com data agendada Confira\u00a0aqui\u00a0a documenta\u00e7\u00e3o necess\u00e1ria para Matr\u00edcula. SEGUNDA GRADUA\u00c7\u00c3O Se voc\u00ea j\u00e1 tem um diploma do ensino superior, n\u00e3o precisa [&hellip;]<\/p>\n","protected":false},"author":3,"featured_media":0,"parent":0,"menu_order":0,"comment_status":"closed","ping_status":"closed","template":"","meta":{"footnotes":""},"class_list":["post-918","page","type-page","status-publish","hentry"],"_links":{"self":[{"href":"https:\/\/fcpi.com.br\/novo\/wp-json\/wp\/v2\/pages\/918","targetHints":{"allow":["GET"]}}],"collection":[{"href":"https:\/\/fcpi.com.br\/novo\/wp-json\/wp\/v2\/pages"}],"about":[{"href":"https:\/\/fcpi.com.br\/novo\/wp-json\/wp\/v2\/types\/page"}],"author":[{"embeddable":true,"href":"https:\/\/fcpi.com.br\/novo\/wp-json\/wp\/v2\/users\/3"}],"replies":[{"embeddable":true,"href":"https:\/\/fcpi.com.br\/novo\/wp-json\/wp\/v2\/comments?post=918"}],"version-history":[{"count":17,"href":"https:\/\/fcpi.com.br\/novo\/wp-json\/wp\/v2\/pages\/918\/revisions"}],"predecessor-version":[{"id":2384,"href":"https:\/\/fcpi.com.br\/novo\/wp-json\/wp\/v2\/pages\/918\/revisions\/2384"}],"wp:attachment":[{"href":"https:\/\/fcpi.com.br\/novo\/wp-json\/wp\/v2\/media?parent=918"}],"curies":[{"name":"wp","href":"https:\/\/api.w.org\/{rel}","templated":true}]}}