{"id":951,"date":"2019-06-05T20:33:18","date_gmt":"2019-06-05T23:33:18","guid":{"rendered":"https:\/\/fcpi.com.br\/portal\/?page_id=951"},"modified":"2022-05-16T07:49:36","modified_gmt":"2022-05-16T10:49:36","slug":"nucleo-de-pratica-juridica","status":"publish","type":"page","link":"https:\/\/fcpi.com.br\/novo\/nucleo-de-pratica-juridica\/","title":{"rendered":"N\u00facleo de Pr\u00e1tica Jur\u00eddica"},"content":{"rendered":"<p style=\"text-align: justify;\">As atividades pr\u00e1ticas, antes elencadas na disciplina pr\u00e1tica judici\u00e1ria, passaram a ser desenvolvidas pelos alunos, de forma simulada e\/ou real, com supervis\u00e3o e orienta\u00e7\u00e3o do N\u00facleo de Pr\u00e1tica Jur\u00eddica. As instala\u00e7\u00f5es foram adequadas para desenvolver atividades referentes \u00e0 magistratura, advocacia, Minist\u00e9rio P\u00fablico, demais profiss\u00f5es jur\u00eddicas e para atendimento ao p\u00fablico. Essas atividades, exclusivamente pr\u00e1ticas, consistem em atua\u00e7\u00e3o em audi\u00eancias e sess\u00f5es, reda\u00e7\u00e3o de pe\u00e7as processuais e visitas a \u00f3rg\u00e3os judici\u00e1rios, presta\u00e7\u00e3o de servi\u00e7os jur\u00eddicos e t\u00e9cnicas de negocia\u00e7\u00e3o coletivas, arbitragens e concilia\u00e7\u00e3o, todas, controladas, orientadas e avaliadas pelo n\u00facleo de pr\u00e1tica jur\u00eddica. Os alunos devem ser direcionados para o trabalho com quest\u00f5es jur\u00eddicas mais complexas, de forma a acompanhar as novas demandas e transforma\u00e7\u00f5es sociais. A ess\u00eancia de um N\u00facleo de Pr\u00e1tica Jur\u00eddica \u00e9 o compromisso com a defesa dos Direitos Fundamentais e Cidadania, no sentido de uma reformula\u00e7\u00e3o da organiza\u00e7\u00e3o social, proporcionando direitos aos que n\u00e3o t\u00eam direitos e preparando o aluno para o exerc\u00edcio profissional.<\/p>\n<p>&nbsp;<\/p>\n<p><a href=\"https:\/\/fcpi.com.br\/portal\/wp-content\/uploads\/2021\/07\/MANUAL-DO-ESTAGIO-SUPERVISIONADO-2020.pdf\" target=\"_blank\" rel=\"noopener noreferrer\">MANUAL DO EST\u00c1GIO SUPERVISIONADO &#8211; 2020<\/a><\/p>\n<p><a href=\"https:\/\/fcpi.com.br\/portal\/wp-content\/uploads\/2022\/05\/ANEXO-1-TERMO-DE-COMPROMISSO-ESTAGIO-FCP-2022.pdf\" target=\"_blank\" rel=\"noopener\">ANEXO-1-TERMO DE COMPROMISSO &#8211; EST\u00c1GIO &#8211; FCP &#8211; 2022<\/a><\/p>\n<p><a href=\"https:\/\/fcpi.com.br\/portal\/wp-content\/uploads\/2022\/05\/Ficha-de-Frequencia-do-Estagio-Supervisionado-Obrigatorio-FCP.pdf\" target=\"_blank\" rel=\"noopener\">Ficha de Frequ\u00eancia do Est\u00e1gio Supervisionado Obrigat\u00f3rio &#8211; FCP<\/a><\/p>\n<p><a href=\"https:\/\/fcpi.com.br\/portal\/wp-content\/uploads\/2022\/05\/Modelo-do-Relatorio-de-Estagio-Obrigatotio-VERSAO-SIMPLIFICADA.doc\" target=\"_blank\" rel=\"noopener\">Modelo do Relat\u00f3rio de Est\u00e1gio Obrigat\u00f3rio &#8211; VERS\u00c3O SIMPLIFICADA<\/a><\/p>\n","protected":false},"excerpt":{"rendered":"<p>As atividades pr\u00e1ticas, antes elencadas na disciplina pr\u00e1tica judici\u00e1ria, passaram a ser desenvolvidas pelos alunos, de forma simulada e\/ou real, com supervis\u00e3o e orienta\u00e7\u00e3o do N\u00facleo de Pr\u00e1tica Jur\u00eddica. As instala\u00e7\u00f5es foram adequadas para desenvolver atividades referentes \u00e0 magistratura, advocacia, Minist\u00e9rio P\u00fablico, demais profiss\u00f5es jur\u00eddicas e para atendimento ao p\u00fablico. Essas atividades, exclusivamente pr\u00e1ticas, consistem [&hellip;]<\/p>\n","protected":false},"author":3,"featured_media":0,"parent":0,"menu_order":0,"comment_status":"closed","ping_status":"closed","template":"","meta":{"footnotes":""},"class_list":["post-951","page","type-page","status-publish","hentry"],"_links":{"self":[{"href":"https:\/\/fcpi.com.br\/novo\/wp-json\/wp\/v2\/pages\/951","targetHints":{"allow":["GET"]}}],"collection":[{"href":"https:\/\/fcpi.com.br\/novo\/wp-json\/wp\/v2\/pages"}],"about":[{"href":"https:\/\/fcpi.com.br\/novo\/wp-json\/wp\/v2\/types\/page"}],"author":[{"embeddable":true,"href":"https:\/\/fcpi.com.br\/novo\/wp-json\/wp\/v2\/users\/3"}],"replies":[{"embeddable":true,"href":"https:\/\/fcpi.com.br\/novo\/wp-json\/wp\/v2\/comments?post=951"}],"version-history":[{"count":3,"href":"https:\/\/fcpi.com.br\/novo\/wp-json\/wp\/v2\/pages\/951\/revisions"}],"predecessor-version":[{"id":2194,"href":"https:\/\/fcpi.com.br\/novo\/wp-json\/wp\/v2\/pages\/951\/revisions\/2194"}],"wp:attachment":[{"href":"https:\/\/fcpi.com.br\/novo\/wp-json\/wp\/v2\/media?parent=951"}],"curies":[{"name":"wp","href":"https:\/\/api.w.org\/{rel}","templated":true}]}}