{"id":966,"date":"2019-08-28T11:50:36","date_gmt":"2019-08-28T14:50:36","guid":{"rendered":"https:\/\/fcpi.com.br\/portal\/?page_id=966"},"modified":"2020-10-24T11:00:23","modified_gmt":"2020-10-24T14:00:23","slug":"publicacoes","status":"publish","type":"page","link":"https:\/\/fcpi.com.br\/novo\/publicacoes\/","title":{"rendered":"Publica\u00e7\u00f5es"},"content":{"rendered":"<p>[vc_row][vc_column][vc_column_text]<\/p>\n<h3><strong><a href=\"https:\/\/fcpi.com.br\/portal\/wp-content\/uploads\/2019\/08\/MANUAL-DE-ELABORA\u00c7\u00c3O-DE-TRABALHO-ACAD\u00caMICO.pdf\" target=\"_blank\" rel=\"noopener noreferrer\">MANUAL DE ELABORA\u00c7\u00c3O DE TRABALHO ACAD\u00caMICO<\/a><\/strong><\/h3>\n<p style=\"text-align: justify;\">O Manual de Trabalhos Acad\u00eamicos da Faculdade do Cerrado Piauiense (FCP) foi constru\u00eddo para constituir enquanto trabalho desenvolvido a muitas m\u00e3os e na perspectiva de diferentes olhares, a multiplicidade de entendimentos no que concerne a constru\u00e7\u00e3o do conhecimento cient\u00edfico e a forma como este pode se manifestar no papel ou na tela do computador. <em>(<a href=\"https:\/\/fcpi.com.br\/portal\/wp-content\/uploads\/2020\/10\/Manual-de-Elabora\u00e7\u00e3o-de-Trabalho-Acad\u00eamico-FCP.pdf\" target=\"_blank\" rel=\"noopener noreferrer\">CLIQUE E BAIXE O MANUAL<\/a>)<\/em><\/p>\n<h3><strong><a href=\"https:\/\/fcpi.com.br\/portal\/wp-content\/uploads\/2019\/08\/Manual-do-Representante-de-Turma-FCP.pdf\" target=\"_blank\" rel=\"noopener noreferrer\">MANUAL DO REPRESENTANTE DE TURMA &#8211; FCP<\/a><\/strong><\/h3>\n<p style=\"text-align: justify;\">O Representante de turma \u00e9 o elo entre a turma e a Faculdade do Cerrado Piauiense-FCP. \u00c9 o respons\u00e1vel pelo di\u00e1logo \u00e9tico e eficaz com a sua turma, administrando eventuais problemas, coletando informa\u00e7\u00f5es e sugest\u00f5es. <em>(<a href=\"https:\/\/fcpi.com.br\/portal\/wp-content\/uploads\/2020\/02\/Novo-Manual-do-Representante-de-Turma-FCP.pdf\">CLIQUE E BAIXE O MANUAL<\/a>)<\/em><\/p>\n<h3><strong><a href=\"https:\/\/fcpi.com.br\/portal\/wp-content\/uploads\/2019\/08\/REGULAMENTO-DE-POL\u00cdTICAS-DE-INICIA\u00c7\u00c3O-CIENT\u00cdFICA.pdf\" target=\"_blank\" rel=\"noopener noreferrer\">REGULAMENTO DE POL\u00cdTICAS DE INICIA\u00c7\u00c3O CIENT\u00cdFICA<\/a><\/strong><\/h3>\n<p style=\"text-align: justify;\">A Diretoria Geral da Faculdade do Cerrado Piauiense-FCP, no uso de suas atribui\u00e7\u00f5es legais e regimentais, considerando que o ensino, a pesquisa e a extens\u00e3o formam o trip\u00e9 da educa\u00e7\u00e3o superior, conforme disp\u00f5e as diretrizes curriculares elaboradas pelo MEC, pois somente agregando a pesquisa e a extens\u00e3o \u00e0s nossas pr\u00e1ticas \u00e9 que a \u201crealidade\u201d far\u00e1 parte do nosso ensino <em>(<a href=\"https:\/\/fcpi.com.br\/portal\/wp-content\/uploads\/2020\/02\/Novo-Regulamento-das-Pol\u00edticas-de-Inicia\u00e7\u00e3o-Cient\u00edfivca-Resolu\u00e7\u00e3o-N\u00ba-002-2018-PIBIC-FCP.pdf\">CLIQUE E BAIXE O MANUAL<\/a>)<\/em><\/p>\n<h3><strong><a href=\"https:\/\/fcpi.com.br\/portal\/wp-content\/uploads\/2019\/08\/Regulamento-dos-Programas-de-Monitorias.pdf\" target=\"_blank\" rel=\"noopener noreferrer\">REGULAMENTO DOS PROGRAMAS DE MONITORIAS<\/a><\/strong><\/h3>\n<p style=\"text-align: justify;\">A Monitoria tem por finalidade despertar nos alunos o\u00a0 interesse pela carreira docente e contribuir para a melhoria da qualidade do ensino na Faculdade do Cerrado Piauiense. <em>(<a href=\"https:\/\/fcpi.com.br\/portal\/wp-content\/uploads\/2020\/02\/Novo-Regulamento-dos-Programas-de-Monitorias-FCP-Resolu\u00e7\u00e3o-N\u00ba-002-2017.pdf\">CLIQUE E BAIXE O MANUAL<\/a>)<\/em><\/p>\n<h3><strong><a href=\"https:\/\/fcpi.com.br\/portal\/wp-content\/uploads\/2019\/08\/Regulamento-dos-Trabalhos-de-Conclus\u00e3o-de-Curso.pdf\" target=\"_blank\" rel=\"noopener noreferrer\">REGULAMENTO DOS TRABALHOS DE CONCLUS\u00c3O DE CURSO\u00a0<\/a><\/strong><\/h3>\n<p style=\"text-align: justify;\">Definir regulamenta\u00e7\u00e3o para o Trabalho de Conclus\u00e3o de Curso \u2013 TCC, de cunho obrigat\u00f3rio em face da op\u00e7\u00e3o e determina\u00e7\u00e3o atrav\u00e9s desta Resolu\u00e7\u00e3o e cujo projeto contemple essa atividade e o mesmo esteja previsto nas diretrizes curriculares do referido curso, bem como revogar a RESOLU\u00c7\u00c3O &#8211; DG &#8211; FCP 003\/2011, de 04\/07\/2011 <em>(<a href=\"https:\/\/fcpi.com.br\/portal\/wp-content\/uploads\/2020\/10\/Regulamento-dos-Trabalhos-de-Conclus\u00e3o-de-Curso-TCC-RESOLU\u00c7\u00c3O-NPPE-FCP-N\u00ba-004-2018.pdf\" target=\"_blank\" rel=\"noopener noreferrer\">CLIQUE E BAIXE O MANUAL<\/a>)<\/em><\/p>\n<p>[\/vc_column_text][\/vc_column][\/vc_row]<\/p>\n","protected":false},"excerpt":{"rendered":"<p>[vc_row][vc_column][vc_column_text] MANUAL DE ELABORA\u00c7\u00c3O DE TRABALHO ACAD\u00caMICO O Manual de Trabalhos Acad\u00eamicos da Faculdade do Cerrado Piauiense (FCP) foi constru\u00eddo para constituir enquanto trabalho desenvolvido a muitas m\u00e3os e na perspectiva de diferentes olhares, a multiplicidade de entendimentos no que concerne a constru\u00e7\u00e3o do conhecimento cient\u00edfico e a forma como este pode se manifestar no [&hellip;]<\/p>\n","protected":false},"author":3,"featured_media":0,"parent":0,"menu_order":0,"comment_status":"closed","ping_status":"closed","template":"","meta":{"footnotes":""},"class_list":["post-966","page","type-page","status-publish","hentry"],"_links":{"self":[{"href":"https:\/\/fcpi.com.br\/novo\/wp-json\/wp\/v2\/pages\/966","targetHints":{"allow":["GET"]}}],"collection":[{"href":"https:\/\/fcpi.com.br\/novo\/wp-json\/wp\/v2\/pages"}],"about":[{"href":"https:\/\/fcpi.com.br\/novo\/wp-json\/wp\/v2\/types\/page"}],"author":[{"embeddable":true,"href":"https:\/\/fcpi.com.br\/novo\/wp-json\/wp\/v2\/users\/3"}],"replies":[{"embeddable":true,"href":"https:\/\/fcpi.com.br\/novo\/wp-json\/wp\/v2\/comments?post=966"}],"version-history":[{"count":10,"href":"https:\/\/fcpi.com.br\/novo\/wp-json\/wp\/v2\/pages\/966\/revisions"}],"predecessor-version":[{"id":1475,"href":"https:\/\/fcpi.com.br\/novo\/wp-json\/wp\/v2\/pages\/966\/revisions\/1475"}],"wp:attachment":[{"href":"https:\/\/fcpi.com.br\/novo\/wp-json\/wp\/v2\/media?parent=966"}],"curies":[{"name":"wp","href":"https:\/\/api.w.org\/{rel}","templated":true}]}}