{"id":984,"date":"2019-08-28T13:44:33","date_gmt":"2019-08-28T16:44:33","guid":{"rendered":"https:\/\/fcpi.com.br\/portal\/?page_id=984"},"modified":"2019-08-28T13:49:08","modified_gmt":"2019-08-28T16:49:08","slug":"pesquisa","status":"publish","type":"page","link":"https:\/\/fcpi.com.br\/novo\/pesquisa\/","title":{"rendered":"Pesquisa"},"content":{"rendered":"<p style=\"text-align: justify;\">A pesquisa e a produ\u00e7\u00e3o cient\u00edfica na FCP, associada ao ensino, \u00e0 extens\u00e3o, \u00e0 atividade de est\u00e1gio ou como fun\u00e7\u00e3o espec\u00edfica, ser\u00e1 processo permanente e ter\u00e1 por objetivos:<\/p>\n<ol style=\"text-align: justify;\">\n<li>Formar e aperfei\u00e7oar o esp\u00edrito cient\u00edfico do estudante;<\/li>\n<li>Renovar e atualizar a informa\u00e7\u00e3o, a t\u00e9cnica e a metodologia da aprendizagem;<\/li>\n<li>Permitir a plena criatividade do corpo docente e discente e seu aprimoramento cultural;<\/li>\n<li>Contribuir para melhor an\u00e1lise e compreens\u00e3o da realidade s\u00f3cio econ\u00f4mico cultural e educacional nacional, com \u00eanfase na realidade do Piau\u00ed e da Regi\u00e3o Nordeste;<\/li>\n<li>Fornecer subs\u00eddios para os programas de extens\u00e3o, para as atividades de est\u00e1gio e para os projetos de interven\u00e7\u00e3o t\u00e9cnico profissional na realidade social piauiense e nordestina;<\/li>\n<li>Contribuir para o progresso das ci\u00eancias, letras e artes, o avan\u00e7o da civiliza\u00e7\u00e3o, o aperfei\u00e7oamento das institui\u00e7\u00f5es e o ideal da solidariedade.<\/li>\n<\/ol>\n<p style=\"text-align: justify;\">A pesquisa cient\u00edfica na FCP ser\u00e1 conduzida como uma atividade orientada para a produ\u00e7\u00e3o de conhecimento e a busca de resultados socialmente significativos, devendo ter regulamento especifico aprovado pelo Conselho Superior da Faculdade. Os projetos de pesquisa cient\u00edfica apresentados por professores devem ser apreciados no Colegiado de Curso.<\/p>\n<p style=\"text-align: justify;\">A inicia\u00e7\u00e3o cient\u00edfica na FCP tem a finalidade de estimular o esp\u00edrito cient\u00edfico no corpo discente, possibilitando o envolvimento do estudante em pesquisas no curso de gradua\u00e7\u00e3o. As atividades de pesquisa que ser\u00e3o desenvolvidas na Faculdade estar\u00e3o vinculadas ao desenvolvimento do ensino de v\u00e1rias disciplinas, sendo conduzidas pelos pr\u00f3prios estudantes com orienta\u00e7\u00e3o dos professores. As disciplinas Metodologia do Trabalho Cient\u00edfico e Metodologia da Pesquisa, podem ser inseridas no Projeto Pedag\u00f3gico de todos os cursos de gradua\u00e7\u00e3o, para atuarem como mecanismos estimuladores e formadores de habilidades para o desenvolvimento de pesquisas conduzidas pelos estudantes.<\/p>\n<p style=\"text-align: justify;\">No desenvolvimento de sua pol\u00edtica de pesquisa a FCP adota as seguintes estrat\u00e9gias:<\/p>\n<ol style=\"text-align: justify;\">\n<li>Desenvolvimento do Programa de Inicia\u00e7\u00e3o Cient\u00edfica, para inser\u00e7\u00e3o dos estudantes nesta atividade;<\/li>\n<li>Oferta de cursos de p\u00f3s-gradua\u00e7\u00e3o, definindo prioridades institucionais na aloca\u00e7\u00e3o de recursos or\u00e7ament\u00e1rios necess\u00e1rios para o financiamento de projetos de pesquisa;<\/li>\n<li>Defini\u00e7\u00e3o de linhas de pesquisa nas quais os projetos de inicia\u00e7\u00e3o cient\u00edfica e os projetos de pesquisa que v\u00e3o gerar os trabalhos de conclus\u00e3o de curso devem estar vinculados;<\/li>\n<li>A cria\u00e7\u00e3o de grupos de pesquisa para impulsionar a produ\u00e7\u00e3o cientifica dos docentes.<\/li>\n<\/ol>\n<p style=\"text-align: justify;\">Os projetos de pesquisa poder\u00e3o ser financiados pela Mantenedora, conforme seus custos e disponibilidade financeira, ou podem ser encaminhados para ag\u00eancias financiadoras externas locais e nacionais. Bolsas de inicia\u00e7\u00e3o cient\u00edfica podem ser concedidas como mecanismo de valoriza\u00e7\u00e3o do empenho do estudante que participa de projetos de pesquisa na Faculdade.<\/p>\n<p style=\"text-align: justify;\">A sele\u00e7\u00e3o de bolsistas para as atividades de inicia\u00e7\u00e3o cient\u00edfica dever\u00e1 ter como requisitos, dentre outros que venham a ser fixados pelo Conselho Superior, os seguintes:<\/p>\n<ol style=\"text-align: justify;\">\n<li>O estudante deve ter cursado 2 (dois) per\u00edodos letivos e n\u00e3o poder\u00e1 estar no \u00faltimo per\u00edodo do curso de gradua\u00e7\u00e3o, para iniciar um projeto;<\/li>\n<li>Apresenta\u00e7\u00e3o de um projeto de pesquisa vinculado \u00e0s \u00e1reas de pesquisa da Faculdade;<\/li>\n<li>Ter professor orientador;<\/li>\n<li>Aproveitamento satisfat\u00f3rio, nos termos definidos por delibera\u00e7\u00e3o do Conselho Superior da Faculdade.<\/li>\n<\/ol>\n<p style=\"text-align: justify;\">O per\u00edodo de inscri\u00e7\u00e3o de estudantes para a sele\u00e7\u00e3o de <em>bolsas<\/em> de inicia\u00e7\u00e3o cient\u00edfica \u00e9 divulgado atrav\u00e9s de edital espec\u00edfico, de acordo com o calend\u00e1rio acad\u00eamico da Faculdade.<\/p>\n<p style=\"text-align: justify;\">Na Faculdade s\u00e3o adotados mecanismos de incentivo \u00e0 pesquisa e a produ\u00e7\u00e3o cient\u00edfica do corpo docente, por mecanismos diversos, entre os quais se destacam:<\/p>\n<ol>\n<li style=\"text-align: justify;\">Capacita\u00e7\u00e3o dos docentes em cursos de p\u00f3s-gradua\u00e7\u00e3o;<\/li>\n<li style=\"text-align: justify;\">Interc\u00e2mbio com outras institui\u00e7\u00f5es cient\u00edficas, estimulando os contatos entre professores e o desenvolvimento de projetos comuns;<\/li>\n<li style=\"text-align: justify;\">Realiza\u00e7\u00e3o de eventos para divulga\u00e7\u00e3o dos resultados das pesquisas realizadas;<\/li>\n<li style=\"text-align: justify;\">Aux\u00edlio para apresenta\u00e7\u00e3o de trabalhos em eventos fora de Corrente.<\/li>\n<\/ol>\n<p>&nbsp;<\/p>\n<h3><strong><a href=\"https:\/\/fcpi.com.br\/portal\/wp-content\/uploads\/2019\/08\/REGULAMENTO-DE-POL%C3%8DTICAS-DE-INICIA%C3%87%C3%83O-CIENT%C3%8DFICA.pdf\" target=\"_blank\" rel=\"noopener noreferrer\">REGULAMENTO DE POL\u00cdTICAS DE INICIA\u00c7\u00c3O CIENT\u00cdFICA<\/a><\/strong><\/h3>\n<p>A Diretoria Geral da Faculdade do Cerrado Piauiense-FCP, no uso de suas atribui\u00e7\u00f5es legais e regimentais, considerando que o ensino, a pesquisa e a extens\u00e3o formam o trip\u00e9 da educa\u00e7\u00e3o superior, conforme disp\u00f5e as diretrizes curriculares elaboradas pelo MEC, pois somente agregando a pesquisa e a extens\u00e3o \u00e0s nossas pr\u00e1ticas \u00e9 que a \u201crealidade\u201d far\u00e1 parte do nosso ensino\u00a0<em>(<a href=\"https:\/\/fcpi.com.br\/portal\/wp-content\/uploads\/2019\/08\/REGULAMENTO-DE-POL%C3%8DTICAS-DE-INICIA%C3%87%C3%83O-CIENT%C3%8DFICA.pdf\">CLIQUE E BAIXE O MANUAL<\/a>)<\/em><\/p>\n","protected":false},"excerpt":{"rendered":"<p>A pesquisa e a produ\u00e7\u00e3o cient\u00edfica na FCP, associada ao ensino, \u00e0 extens\u00e3o, \u00e0 atividade de est\u00e1gio ou como fun\u00e7\u00e3o espec\u00edfica, ser\u00e1 processo permanente e ter\u00e1 por objetivos: Formar e aperfei\u00e7oar o esp\u00edrito cient\u00edfico do estudante; Renovar e atualizar a informa\u00e7\u00e3o, a t\u00e9cnica e a metodologia da aprendizagem; Permitir a plena criatividade do corpo docente [&hellip;]<\/p>\n","protected":false},"author":3,"featured_media":0,"parent":0,"menu_order":0,"comment_status":"closed","ping_status":"closed","template":"","meta":{"footnotes":""},"class_list":["post-984","page","type-page","status-publish","hentry"],"_links":{"self":[{"href":"https:\/\/fcpi.com.br\/novo\/wp-json\/wp\/v2\/pages\/984","targetHints":{"allow":["GET"]}}],"collection":[{"href":"https:\/\/fcpi.com.br\/novo\/wp-json\/wp\/v2\/pages"}],"about":[{"href":"https:\/\/fcpi.com.br\/novo\/wp-json\/wp\/v2\/types\/page"}],"author":[{"embeddable":true,"href":"https:\/\/fcpi.com.br\/novo\/wp-json\/wp\/v2\/users\/3"}],"replies":[{"embeddable":true,"href":"https:\/\/fcpi.com.br\/novo\/wp-json\/wp\/v2\/comments?post=984"}],"version-history":[{"count":2,"href":"https:\/\/fcpi.com.br\/novo\/wp-json\/wp\/v2\/pages\/984\/revisions"}],"predecessor-version":[{"id":990,"href":"https:\/\/fcpi.com.br\/novo\/wp-json\/wp\/v2\/pages\/984\/revisions\/990"}],"wp:attachment":[{"href":"https:\/\/fcpi.com.br\/novo\/wp-json\/wp\/v2\/media?parent=984"}],"curies":[{"name":"wp","href":"https:\/\/api.w.org\/{rel}","templated":true}]}}