{"id":12,"date":"2022-01-03T19:26:23","date_gmt":"2022-01-03T22:26:23","guid":{"rendered":"https:\/\/fcpi.com.br\/store\/?post_type=product&#038;p=12"},"modified":"2024-12-05T08:09:59","modified_gmt":"2024-12-05T11:09:59","slug":"inscricao-vestibular-2025-1-bacharelado-direito","status":"publish","type":"product","link":"https:\/\/fcpi.com.br\/store\/produto\/inscricao-vestibular-2025-1-bacharelado-direito\/","title":{"rendered":"Inscri\u00e7\u00e3o Vestibular 2025.1 (Bacharelado Direito)"},"content":{"rendered":"<p>A Diretora Geral da Faculdade do Cerrado Piauiense, no uso de suas atribui\u00e7\u00f5es em que lhe confere<br \/>\no Regimento Interno desta IES, torna p\u00fablica a fixa\u00e7\u00e3o das normas para o Processo Seletivo do 1\u00ba<br \/>\nsemestre de 2025 que se dar\u00e1 atrav\u00e9s do resultado de Prova Objetiva.<\/p>\n","protected":false},"excerpt":{"rendered":"<p>A Faculdade do Cerrado Piauiense (FCP) anuncia a abertura do Processo Seletivo para ingresso no primeiro semestre de 2025. Ser\u00e3o oferecidas 120 vagas para o curso de Bacharelado em Direito, distribu\u00eddas entre o sistema regular noturno e o sistema modular presencial. As inscri\u00e7\u00f5es estar\u00e3o abertas de 02\/12\/2024 a 31\/01\/2025, podendo ser realizadas presencialmente na Secretaria da FCP ou pelo site oficial <a href=\"http:\/\/www.fcpi.com.br\" target=\"_new\" rel=\"noopener\">www.fcpi.com.br<\/a>. A taxa de inscri\u00e7\u00e3o \u00e9 de R$ 150,00.<\/p>\n<p>O processo seletivo ser\u00e1 realizado por meio de uma prova de reda\u00e7\u00e3o manuscrita, abordando temas de relev\u00e2ncia social. O resultado ser\u00e1 divulgado em 05\/02\/2025, e os aprovados dever\u00e3o efetuar a matr\u00edcula entre os dias 06 e 07 de fevereiro.<\/p>\n<p>Mais informa\u00e7\u00f5es podem ser obtidas diretamente no edital, dispon\u00edvel no site da FCP.<\/p>\n","protected":false},"featured_media":332,"comment_status":"open","ping_status":"closed","template":"","meta":{"site-sidebar-layout":"default","site-content-layout":"default","ast-site-content-layout":"default","site-content-style":"default","site-sidebar-style":"default","ast-global-header-display":"","ast-banner-title-visibility":"","ast-main-header-display":"","ast-hfb-above-header-display":"","ast-hfb-below-header-display":"","ast-hfb-mobile-header-display":"","site-post-title":"","ast-breadcrumbs-content":"","ast-featured-img":"","footer-sml-layout":"","theme-transparent-header-meta":"default","adv-header-id-meta":"","stick-header-meta":"","header-above-stick-meta":"","header-main-stick-meta":"","header-below-stick-meta":"","astra-migrate-meta-layouts":"set","ast-page-background-enabled":"default","ast-page-background-meta":{"desktop":{"background-color":"var(--ast-global-color-4)","background-image":"","background-repeat":"repeat","background-position":"center center","background-size":"auto","background-attachment":"scroll","background-type":"","background-media":"","overlay-type":"","overlay-color":"","overlay-opacity":"","overlay-gradient":""},"tablet":{"background-color":"","background-image":"","background-repeat":"repeat","background-position":"center center","background-size":"auto","background-attachment":"scroll","background-type":"","background-media":"","overlay-type":"","overlay-color":"","overlay-opacity":"","overlay-gradient":""},"mobile":{"background-color":"","background-image":"","background-repeat":"repeat","background-position":"center center","background-size":"auto","background-attachment":"scroll","background-type":"","background-media":"","overlay-type":"","overlay-color":"","overlay-opacity":"","overlay-gradient":""}},"ast-content-background-meta":{"desktop":{"background-color":"var(--ast-global-color-5)","background-image":"","background-repeat":"repeat","background-position":"center center","background-size":"auto","background-attachment":"scroll","background-type":"","background-media":"","overlay-type":"","overlay-color":"","overlay-opacity":"","overlay-gradient":""},"tablet":{"background-color":"var(--ast-global-color-5)","background-image":"","background-repeat":"repeat","background-position":"center center","background-size":"auto","background-attachment":"scroll","background-type":"","background-media":"","overlay-type":"","overlay-color":"","overlay-opacity":"","overlay-gradient":""},"mobile":{"background-color":"var(--ast-global-color-5)","background-image":"","background-repeat":"repeat","background-position":"center center","background-size":"auto","background-attachment":"scroll","background-type":"","background-media":"","overlay-type":"","overlay-color":"","overlay-opacity":"","overlay-gradient":""}}},"product_cat":[16],"product_tag":[],"class_list":{"0":"post-12","1":"product","2":"type-product","3":"status-publish","4":"has-post-thumbnail","6":"product_cat-vestibular","7":"desktop-align-left","8":"tablet-align-left","9":"mobile-align-left","11":"first","12":"instock","13":"shipping-taxable","14":"purchasable","15":"product-type-simple"},"yoast_head":"<!-- This site is optimized with the Yoast SEO plugin v24.0 - https:\/\/yoast.com\/wordpress\/plugins\/seo\/ -->\n<title>Inscri\u00e7\u00e3o Vestibular 2025.1 (Bacharelado Direito) - Faculdade do Cerrado Piauiense - FCP<\/title>\n<meta name=\"description\" content=\"A Diretora Geral da Faculdade do Cerrado Piauiense, no uso de suas atribui\u00e7\u00f5es em que lhe confereo Regimento Interno desta IES, torna p\u00fablica a fixa\u00e7\u00e3o das normas para o Processo Seletivo do 2\u00basemestre de 2024 que se dar\u00e1 atrav\u00e9s do resultado de Prova Objetiva.\" \/>\n<meta name=\"robots\" content=\"index, follow, max-snippet:-1, max-image-preview:large, max-video-preview:-1\" \/>\n<link rel=\"canonical\" href=\"https:\/\/fcpi.com.br\/store\/produto\/inscricao-vestibular-2025-1-bacharelado-direito\/\" \/>\n<meta property=\"og:locale\" content=\"pt_BR\" \/>\n<meta property=\"og:type\" content=\"article\" \/>\n<meta property=\"og:title\" content=\"Inscri\u00e7\u00e3o Vestibular 2025.1 (Bacharelado Direito) - Faculdade do Cerrado Piauiense - FCP\" \/>\n<meta property=\"og:description\" content=\"A Diretora Geral da Faculdade do Cerrado Piauiense, no uso de suas atribui\u00e7\u00f5es em que lhe confereo Regimento Interno desta IES, torna p\u00fablica a fixa\u00e7\u00e3o das normas para o Processo Seletivo do 2\u00basemestre de 2024 que se dar\u00e1 atrav\u00e9s do resultado de Prova Objetiva.\" \/>\n<meta property=\"og:url\" content=\"https:\/\/fcpi.com.br\/store\/produto\/inscricao-vestibular-2025-1-bacharelado-direito\/\" \/>\n<meta property=\"og:site_name\" content=\"Faculdade do Cerrado Piauiense - FCP\" \/>\n<meta property=\"article:modified_time\" content=\"2024-12-05T11:09:59+00:00\" \/>\n<meta property=\"og:image\" content=\"https:\/\/fcpi.com.br\/store\/wp-content\/uploads\/2022\/01\/WhatsApp-Image-2024-12-03-at-11.02.12.jpeg\" \/>\n\t<meta property=\"og:image:width\" content=\"1600\" \/>\n\t<meta property=\"og:image:height\" content=\"900\" \/>\n\t<meta property=\"og:image:type\" content=\"image\/jpeg\" \/>\n<meta name=\"twitter:card\" content=\"summary_large_image\" \/>\n<meta name=\"twitter:label1\" content=\"Est. tempo de leitura\" \/>\n\t<meta name=\"twitter:data1\" content=\"1 minuto\" \/>\n<script type=\"application\/ld+json\" class=\"yoast-schema-graph\">{\"@context\":\"https:\/\/schema.org\",\"@graph\":[{\"@type\":\"WebPage\",\"@id\":\"https:\/\/fcpi.com.br\/store\/produto\/inscricao-vestibular-2025-1-bacharelado-direito\/\",\"url\":\"https:\/\/fcpi.com.br\/store\/produto\/inscricao-vestibular-2025-1-bacharelado-direito\/\",\"name\":\"Inscri\u00e7\u00e3o Vestibular 2025.1 (Bacharelado Direito) - Faculdade do Cerrado Piauiense - FCP\",\"isPartOf\":{\"@id\":\"https:\/\/fcpi.com.br\/store\/#website\"},\"primaryImageOfPage\":{\"@id\":\"https:\/\/fcpi.com.br\/store\/produto\/inscricao-vestibular-2025-1-bacharelado-direito\/#primaryimage\"},\"image\":{\"@id\":\"https:\/\/fcpi.com.br\/store\/produto\/inscricao-vestibular-2025-1-bacharelado-direito\/#primaryimage\"},\"thumbnailUrl\":\"https:\/\/fcpi.com.br\/store\/wp-content\/uploads\/2022\/01\/WhatsApp-Image-2024-12-03-at-11.02.12.jpeg\",\"datePublished\":\"2022-01-03T22:26:23+00:00\",\"dateModified\":\"2024-12-05T11:09:59+00:00\",\"description\":\"A Diretora Geral da Faculdade do Cerrado Piauiense, no uso de suas atribui\u00e7\u00f5es em que lhe confereo Regimento Interno desta IES, torna p\u00fablica a fixa\u00e7\u00e3o das normas para o Processo Seletivo do 2\u00basemestre de 2024 que se dar\u00e1 atrav\u00e9s do resultado de Prova Objetiva.\",\"breadcrumb\":{\"@id\":\"https:\/\/fcpi.com.br\/store\/produto\/inscricao-vestibular-2025-1-bacharelado-direito\/#breadcrumb\"},\"inLanguage\":\"pt-BR\",\"potentialAction\":[{\"@type\":\"ReadAction\",\"target\":[\"https:\/\/fcpi.com.br\/store\/produto\/inscricao-vestibular-2025-1-bacharelado-direito\/\"]}]},{\"@type\":\"ImageObject\",\"inLanguage\":\"pt-BR\",\"@id\":\"https:\/\/fcpi.com.br\/store\/produto\/inscricao-vestibular-2025-1-bacharelado-direito\/#primaryimage\",\"url\":\"https:\/\/fcpi.com.br\/store\/wp-content\/uploads\/2022\/01\/WhatsApp-Image-2024-12-03-at-11.02.12.jpeg\",\"contentUrl\":\"https:\/\/fcpi.com.br\/store\/wp-content\/uploads\/2022\/01\/WhatsApp-Image-2024-12-03-at-11.02.12.jpeg\",\"width\":1600,\"height\":900},{\"@type\":\"BreadcrumbList\",\"@id\":\"https:\/\/fcpi.com.br\/store\/produto\/inscricao-vestibular-2025-1-bacharelado-direito\/#breadcrumb\",\"itemListElement\":[{\"@type\":\"ListItem\",\"position\":1,\"name\":\"In\u00edcio\",\"item\":\"https:\/\/fcpi.com.br\/store\/\"},{\"@type\":\"ListItem\",\"position\":2,\"name\":\"Loja\",\"item\":\"https:\/\/fcpi.com.br\/store\/loja\/\"},{\"@type\":\"ListItem\",\"position\":3,\"name\":\"Inscri\u00e7\u00e3o Vestibular 2025.1 (Bacharelado Direito)\"}]},{\"@type\":\"WebSite\",\"@id\":\"https:\/\/fcpi.com.br\/store\/#website\",\"url\":\"https:\/\/fcpi.com.br\/store\/\",\"name\":\"Faculdade do Cerrado Piauiense - FCP\",\"description\":\"Loja Virtual da Faculdade do Cerrado Piauiense\",\"potentialAction\":[{\"@type\":\"SearchAction\",\"target\":{\"@type\":\"EntryPoint\",\"urlTemplate\":\"https:\/\/fcpi.com.br\/store\/?s={search_term_string}\"},\"query-input\":{\"@type\":\"PropertyValueSpecification\",\"valueRequired\":true,\"valueName\":\"search_term_string\"}}],\"inLanguage\":\"pt-BR\"}]}<\/script>\n<!-- \/ Yoast SEO plugin. -->","yoast_head_json":{"title":"Inscri\u00e7\u00e3o Vestibular 2025.1 (Bacharelado Direito) - Faculdade do Cerrado Piauiense - FCP","description":"A Diretora Geral da Faculdade do Cerrado Piauiense, no uso de suas atribui\u00e7\u00f5es em que lhe confereo Regimento Interno desta IES, torna p\u00fablica a fixa\u00e7\u00e3o das normas para o Processo Seletivo do 2\u00basemestre de 2024 que se dar\u00e1 atrav\u00e9s do resultado de Prova Objetiva.","robots":{"index":"index","follow":"follow","max-snippet":"max-snippet:-1","max-image-preview":"max-image-preview:large","max-video-preview":"max-video-preview:-1"},"canonical":"https:\/\/fcpi.com.br\/store\/produto\/inscricao-vestibular-2025-1-bacharelado-direito\/","og_locale":"pt_BR","og_type":"article","og_title":"Inscri\u00e7\u00e3o Vestibular 2025.1 (Bacharelado Direito) - Faculdade do Cerrado Piauiense - FCP","og_description":"A Diretora Geral da Faculdade do Cerrado Piauiense, no uso de suas atribui\u00e7\u00f5es em que lhe confereo Regimento Interno desta IES, torna p\u00fablica a fixa\u00e7\u00e3o das normas para o Processo Seletivo do 2\u00basemestre de 2024 que se dar\u00e1 atrav\u00e9s do resultado de Prova Objetiva.","og_url":"https:\/\/fcpi.com.br\/store\/produto\/inscricao-vestibular-2025-1-bacharelado-direito\/","og_site_name":"Faculdade do Cerrado Piauiense - FCP","article_modified_time":"2024-12-05T11:09:59+00:00","og_image":[{"width":1600,"height":900,"url":"https:\/\/fcpi.com.br\/store\/wp-content\/uploads\/2022\/01\/WhatsApp-Image-2024-12-03-at-11.02.12.jpeg","type":"image\/jpeg"}],"twitter_card":"summary_large_image","twitter_misc":{"Est. tempo de leitura":"1 minuto"},"schema":{"@context":"https:\/\/schema.org","@graph":[{"@type":"WebPage","@id":"https:\/\/fcpi.com.br\/store\/produto\/inscricao-vestibular-2025-1-bacharelado-direito\/","url":"https:\/\/fcpi.com.br\/store\/produto\/inscricao-vestibular-2025-1-bacharelado-direito\/","name":"Inscri\u00e7\u00e3o Vestibular 2025.1 (Bacharelado Direito) - Faculdade do Cerrado Piauiense - FCP","isPartOf":{"@id":"https:\/\/fcpi.com.br\/store\/#website"},"primaryImageOfPage":{"@id":"https:\/\/fcpi.com.br\/store\/produto\/inscricao-vestibular-2025-1-bacharelado-direito\/#primaryimage"},"image":{"@id":"https:\/\/fcpi.com.br\/store\/produto\/inscricao-vestibular-2025-1-bacharelado-direito\/#primaryimage"},"thumbnailUrl":"https:\/\/fcpi.com.br\/store\/wp-content\/uploads\/2022\/01\/WhatsApp-Image-2024-12-03-at-11.02.12.jpeg","datePublished":"2022-01-03T22:26:23+00:00","dateModified":"2024-12-05T11:09:59+00:00","description":"A Diretora Geral da Faculdade do Cerrado Piauiense, no uso de suas atribui\u00e7\u00f5es em que lhe confereo Regimento Interno desta IES, torna p\u00fablica a fixa\u00e7\u00e3o das normas para o Processo Seletivo do 2\u00basemestre de 2024 que se dar\u00e1 atrav\u00e9s do resultado de Prova Objetiva.","breadcrumb":{"@id":"https:\/\/fcpi.com.br\/store\/produto\/inscricao-vestibular-2025-1-bacharelado-direito\/#breadcrumb"},"inLanguage":"pt-BR","potentialAction":[{"@type":"ReadAction","target":["https:\/\/fcpi.com.br\/store\/produto\/inscricao-vestibular-2025-1-bacharelado-direito\/"]}]},{"@type":"ImageObject","inLanguage":"pt-BR","@id":"https:\/\/fcpi.com.br\/store\/produto\/inscricao-vestibular-2025-1-bacharelado-direito\/#primaryimage","url":"https:\/\/fcpi.com.br\/store\/wp-content\/uploads\/2022\/01\/WhatsApp-Image-2024-12-03-at-11.02.12.jpeg","contentUrl":"https:\/\/fcpi.com.br\/store\/wp-content\/uploads\/2022\/01\/WhatsApp-Image-2024-12-03-at-11.02.12.jpeg","width":1600,"height":900},{"@type":"BreadcrumbList","@id":"https:\/\/fcpi.com.br\/store\/produto\/inscricao-vestibular-2025-1-bacharelado-direito\/#breadcrumb","itemListElement":[{"@type":"ListItem","position":1,"name":"In\u00edcio","item":"https:\/\/fcpi.com.br\/store\/"},{"@type":"ListItem","position":2,"name":"Loja","item":"https:\/\/fcpi.com.br\/store\/loja\/"},{"@type":"ListItem","position":3,"name":"Inscri\u00e7\u00e3o Vestibular 2025.1 (Bacharelado Direito)"}]},{"@type":"WebSite","@id":"https:\/\/fcpi.com.br\/store\/#website","url":"https:\/\/fcpi.com.br\/store\/","name":"Faculdade do Cerrado Piauiense - FCP","description":"Loja Virtual da Faculdade do Cerrado Piauiense","potentialAction":[{"@type":"SearchAction","target":{"@type":"EntryPoint","urlTemplate":"https:\/\/fcpi.com.br\/store\/?s={search_term_string}"},"query-input":{"@type":"PropertyValueSpecification","valueRequired":true,"valueName":"search_term_string"}}],"inLanguage":"pt-BR"}]}},"_links":{"self":[{"href":"https:\/\/fcpi.com.br\/store\/wp-json\/wp\/v2\/product\/12","targetHints":{"allow":["GET"]}}],"collection":[{"href":"https:\/\/fcpi.com.br\/store\/wp-json\/wp\/v2\/product"}],"about":[{"href":"https:\/\/fcpi.com.br\/store\/wp-json\/wp\/v2\/types\/product"}],"replies":[{"embeddable":true,"href":"https:\/\/fcpi.com.br\/store\/wp-json\/wp\/v2\/comments?post=12"}],"wp:featuredmedia":[{"embeddable":true,"href":"https:\/\/fcpi.com.br\/store\/wp-json\/wp\/v2\/media\/332"}],"wp:attachment":[{"href":"https:\/\/fcpi.com.br\/store\/wp-json\/wp\/v2\/media?parent=12"}],"wp:term":[{"taxonomy":"product_cat","embeddable":true,"href":"https:\/\/fcpi.com.br\/store\/wp-json\/wp\/v2\/product_cat?post=12"},{"taxonomy":"product_tag","embeddable":true,"href":"https:\/\/fcpi.com.br\/store\/wp-json\/wp\/v2\/product_tag?post=12"}],"curies":[{"name":"wp","href":"https:\/\/api.w.org\/{rel}","templated":true}]}}